{"id":58894,"date":"2024-11-12T05:03:32","date_gmt":"2024-11-12T05:03:32","guid":{"rendered":"https:\/\/e.kosmolat.eu\/product\/shik-elixir-krems-balz-kajam-deo-kontrole-pret-smaku-un-sviedriem-ar-urinvielu-un-si-sviestu-75\/"},"modified":"2026-04-23T11:34:22","modified_gmt":"2026-04-23T11:34:22","slug":"shik-elixir-krems-balz-kajam-deo-kontrole-pret-smaku-un-sviedriem-ar-urinvielu-un-si-sviestu-75","status":"publish","type":"product","link":"https:\/\/e.kosmolat.eu\/lt\/produktas\/shik-elixir-krems-balz-kajam-deo-kontrole-pret-smaku-un-sviedriem-ar-urinvielu-un-si-sviestu-75\/","title":{"rendered":"SHIK ELIXIR Kremas-balzamas kojoms Nuo blogo kvapo ir prakaito DEO kontrol\u0117 su karbamidu ir taukmed\u017e"},"content":{"rendered":"<p>P\u0117d\u0173 kremas-balzamas, turintis antiperspirant\u0173 ir dezodoruojan\u010di\u0173 savybi\u0173, mink\u0161tina ir gaivina od\u0105. Jame yra nat\u016brali\u0173 dezodoruojan\u010di\u0173 pried\u0173, kurie neleid\u017eia susidaryti med\u017eiagoms, kurios sukelia nemalon\u0173 kvap\u0105. Kremas atkuria komfort\u0105, palikdamas p\u0117das sausas, gaivias ir mink\u0161tas vis\u0105 dien\u0105. Jame taip pat yra \u0161lapalo, bisabololio ir alantoino, kurie dr\u0117kina, mink\u0161tina ir saugo od\u0105. Taukmed\u017ei\u0173 sviestas pagreitina odos atk\u016brimo procesus, u\u017ekerta keli\u0105 i\u0161saus\u0117jimui ir \u0161erpetojimui. \u0160is maitinamasis kremas yra lengvos, malonios konsistencijos ir veikia i\u0161 karto. Puikiai dr\u0117kina saus\u0105 p\u0117d\u0173 od\u0105.<\/p>\n<p>Naudojimas: nedidel\u012f kiek\u012f kremo u\u017etepkite ant \u0161varios, sausos p\u0117d\u0173 odos lengvais masa\u017eo judesiais.<\/p>\n<p>Atsargumo priemon\u0117s: Tik i\u0161oriniam naudojimui. Patekus \u012f akis, gerai nuplauti dideliu kiekiu tekan\u010dio vandens.<\/p>\n<p>Geriausias: 36 m\u0117n. nuo pagaminimo datos.<\/p>\n<p>Laikymo s\u0105lygos: laikyti nuo +5\u00b0C iki +25\u00b0C temperat\u016broje, apsaugotoje nuo saul\u0117s spinduli\u0173.<\/p>\n","protected":false},"excerpt":{"rendered":"<p>P\u0117d\u0173 kremas-balzamas, turintis antiperspirant\u0173 ir dezodoruojan\u010di\u0173 savybi\u0173, mink\u0161tina ir gaivina od\u0105. Jame yra nat\u016brali\u0173 dezodoruojan\u010di\u0173 pried\u0173, kurie neleid\u017eia susidaryti med\u017eiagoms, kurios sukelia nemalon\u0173 kvap\u0105. Kremas atkuria komfort\u0105, palikdamas p\u0117das sausas, gaivias ir mink\u0161tas vis\u0105 dien\u0105. Jame taip pat yra \u0161lapalo, bisabololio ir alantoino, kurie dr\u0117kina, mink\u0161tina ir saugo od\u0105. Taukmed\u017ei\u0173 sviestas pagreitina odos atk\u016brimo procesus, [&#8230;]\n","protected":false},"featured_media":107037,"template":"","meta":[],"product_cat":[1763],"product_tag":[],"class_list":{"0":"post-58894","1":"product","2":"type-product","3":"status-publish","4":"has-post-thumbnail","6":"product_brand-slobozanskij-milovar_ua-lt","7":"product_cat-koju-prieziuros-kosmetika","9":"first","10":"instock","11":"taxable","12":"shipping-taxable","13":"product-type-simple"},"_links":{"self":[{"href":"https:\/\/e.kosmolat.eu\/lt\/wp-json\/wp\/v2\/product\/58894","targetHints":{"allow":["GET"]}}],"collection":[{"href":"https:\/\/e.kosmolat.eu\/lt\/wp-json\/wp\/v2\/product"}],"about":[{"href":"https:\/\/e.kosmolat.eu\/lt\/wp-json\/wp\/v2\/types\/product"}],"wp:featuredmedia":[{"embeddable":true,"href":"https:\/\/e.kosmolat.eu\/lt\/wp-json\/wp\/v2\/media\/107037"}],"wp:attachment":[{"href":"https:\/\/e.kosmolat.eu\/lt\/wp-json\/wp\/v2\/media?parent=58894"}],"wp:term":[{"taxonomy":"product_cat","embeddable":true,"href":"https:\/\/e.kosmolat.eu\/lt\/wp-json\/wp\/v2\/product_cat?post=58894"},{"taxonomy":"product_tag","embeddable":true,"href":"https:\/\/e.kosmolat.eu\/lt\/wp-json\/wp\/v2\/product_tag?post=58894"}],"curies":[{"name":"wp","href":"https:\/\/api.w.org\/{rel}","templated":true}]}}