{"id":58886,"date":"2024-11-12T05:03:14","date_gmt":"2024-11-12T05:03:14","guid":{"rendered":"https:\/\/e.kosmolat.eu\/product\/shik-tualetes-ziepes-mil-ziedi-sarkana-roze-3-x-110-g\/"},"modified":"2026-04-17T07:56:28","modified_gmt":"2026-04-17T07:56:28","slug":"i_shik-tualetes-ziepes-mil-ziedi-sarkana-roze-3-x-110-g","status":"publish","type":"product","link":"https:\/\/e.kosmolat.eu\/lt\/produktas\/i_shik-tualetes-ziepes-mil-ziedi-sarkana-roze-3-x-110-g\/","title":{"rendered":"I_SHIK Tualetinis muilas M\u0117gstamos g\u0117l\u0117s Rudona ro\u017e\u0117, 3 x 110 g"},"content":{"rendered":"<p>Tualetinis muilas Shik pagamintas i\u0161 nat\u016brali\u0173 ingredient\u0173. Biologi\u0161kai aktyv\u016bs priedai ir kosmetinis kremas suteikia muilui mink\u0161tinan\u010di\u0173 ir dr\u0117kinan\u010di\u0173 savybi\u0173, suteikia \u0161varos ir gaivumo poj\u016bt\u012f.<\/p>\n<p>Laikyti sausose, u\u017edarose, gerai v\u0117dinamose vietose.<\/p>\n<p>Atsargumo priemon\u0117s: Patekus \u012f akis, plauti dideliu kiekiu vandens.<br \/>\nGeriausias: 5 metai nuo pagaminimo datos.<\/p>\n","protected":false},"excerpt":{"rendered":"<p>Tualetinis muilas Shik pagamintas i\u0161 nat\u016brali\u0173 ingredient\u0173. Biologi\u0161kai aktyv\u016bs priedai ir kosmetinis kremas suteikia muilui mink\u0161tinan\u010di\u0173 ir dr\u0117kinan\u010di\u0173 savybi\u0173, suteikia \u0161varos ir gaivumo poj\u016bt\u012f. Laikyti sausose, u\u017edarose, gerai v\u0117dinamose vietose. Atsargumo priemon\u0117s: Patekus \u012f akis, plauti dideliu kiekiu vandens. Geriausias: 5 metai nuo pagaminimo datos.<\/p>\n","protected":false},"featured_media":79406,"template":"","meta":[],"product_cat":[2181],"product_tag":[],"class_list":{"0":"post-58886","1":"product","2":"type-product","3":"status-publish","4":"has-post-thumbnail","6":"product_brand-slobozanskij-milovar_ua-lt","7":"product_cat-bez-kategorijas-lt","9":"first","10":"instock","11":"taxable","12":"shipping-taxable","13":"product-type-simple"},"_links":{"self":[{"href":"https:\/\/e.kosmolat.eu\/lt\/wp-json\/wp\/v2\/product\/58886","targetHints":{"allow":["GET"]}}],"collection":[{"href":"https:\/\/e.kosmolat.eu\/lt\/wp-json\/wp\/v2\/product"}],"about":[{"href":"https:\/\/e.kosmolat.eu\/lt\/wp-json\/wp\/v2\/types\/product"}],"wp:featuredmedia":[{"embeddable":true,"href":"https:\/\/e.kosmolat.eu\/lt\/wp-json\/wp\/v2\/media\/79406"}],"wp:attachment":[{"href":"https:\/\/e.kosmolat.eu\/lt\/wp-json\/wp\/v2\/media?parent=58886"}],"wp:term":[{"taxonomy":"product_cat","embeddable":true,"href":"https:\/\/e.kosmolat.eu\/lt\/wp-json\/wp\/v2\/product_cat?post=58886"},{"taxonomy":"product_tag","embeddable":true,"href":"https:\/\/e.kosmolat.eu\/lt\/wp-json\/wp\/v2\/product_tag?post=58886"}],"curies":[{"name":"wp","href":"https:\/\/api.w.org\/{rel}","templated":true}]}}