{"id":58845,"date":"2024-11-09T05:10:04","date_gmt":"2024-11-09T05:10:04","guid":{"rendered":"https:\/\/e.kosmolat.eu\/product\/sila-velas-kondic-skalotajs-impression-925-ml\/"},"modified":"2026-02-25T06:20:45","modified_gmt":"2026-02-25T06:20:45","slug":"sila-velas-kondic-skalotajs-impression-925-ml","status":"publish","type":"product","link":"https:\/\/e.kosmolat.eu\/lt\/produktas\/sila-velas-kondic-skalotajs-impression-925-ml\/","title":{"rendered":"SILA SOFT &#038; FRESH Audini\u0173 kondicionierius Impression, 925 ml"},"content":{"rendered":"<p>Mink\u0161tina audinius ir saugo juos nuo sen\u0117jimo, daro daiktus malonius liesti, suteikia antistatin\u012f efekt\u0105, supaprastina lyginimo proces\u0105, neutralizuoja nemalonius kvapus. Kvepiantis levandomis ir gardenijomis.<\/p>\n<p>Naudojimo instrukcija: skalbiant skalbimo ma\u0161inoje, kondicionieri\u0173 \u012fpilkite \u012f special\u0173 skyri\u0173 (30-60 ml 4-5 kg skalbini\u0173), skalbdami rankomis, \u012fpilkite priemon\u0117s paskutinio skalavimo metu (30-60 ml 5 litrams vandens). Laikykit\u0117s dozavimo rekomendacij\u0173.<\/p>\n<p>Laikyti nuo +5\u00b0C iki +25\u00b0C temperat\u016broje, atokiau nuo saul\u0117s spinduli\u0173 \u0161altini\u0173.<\/p>\n<p>Sud\u0117tis: 5 % arba daugiau, bet ma\u017eiau kaip 15 % katijonini\u0173 aktyvi\u0173j\u0173 pavir\u0161inio med\u017eiagos Kvapai\/ Hexyl Cinnamal, Butylphenyl Methylpropional, Linalool, Geraniol, Citronellol. Konservavimo med\u017eiaga: Methylchloroisothiazolinone\/ Methylisothiazolinone\/ Benzyl Alcohol. Da\u017eai.<\/p>\n<p>EUH208 Sud\u0117tyje yra: 5-chlor-2-metil-2H-izotiazol-3- ono ir 2-metil-2H-izotiazol-3-ono reakcijos mas\u0117 (3:1). Gali sukelti alergin\u0119 reakcij\u0105.<br \/>\nP102 Laikyti vaikams neprieinamoje vietoje.<br \/>\nP305+P351+P338 PATEKUS \u012e AKIS: Kelias minutes atsargiai plauti vandeniu. I\u0161imti kontaktinius l\u0119\u0161ius, jeigu jie yra ir jeigu lengvai galima tai padaryti. Toliau plauti akis.<br \/>\nP337+P313 Jei aki\u0173 dirginimas nepraeina: kreiptis \u012f gydytoj\u0105.<\/p>\n","protected":false},"excerpt":{"rendered":"<p>Mink\u0161tina audinius ir saugo juos nuo sen\u0117jimo, daro daiktus malonius liesti, suteikia antistatin\u012f efekt\u0105, supaprastina lyginimo proces\u0105, neutralizuoja nemalonius kvapus. Kvepiantis levandomis ir gardenijomis. Naudojimo instrukcija: skalbiant skalbimo ma\u0161inoje, kondicionieri\u0173 \u012fpilkite \u012f special\u0173 skyri\u0173 (30-60 ml 4-5 kg skalbini\u0173), skalbdami rankomis, \u012fpilkite priemon\u0117s paskutinio skalavimo metu (30-60 ml 5 litrams vandens). Laikykit\u0117s dozavimo rekomendacij\u0173. Laikyti [&#8230;]\n","protected":false},"featured_media":99856,"template":"","meta":[],"product_cat":[2181],"product_tag":[],"class_list":{"0":"post-58845","1":"product","2":"type-product","3":"status-publish","4":"has-post-thumbnail","6":"product_brand-slobozanskij-milovar_ua-lt","7":"product_cat-bez-kategorijas-lt","9":"first","10":"outofstock","11":"taxable","12":"shipping-taxable","13":"product-type-simple"},"_links":{"self":[{"href":"https:\/\/e.kosmolat.eu\/lt\/wp-json\/wp\/v2\/product\/58845","targetHints":{"allow":["GET"]}}],"collection":[{"href":"https:\/\/e.kosmolat.eu\/lt\/wp-json\/wp\/v2\/product"}],"about":[{"href":"https:\/\/e.kosmolat.eu\/lt\/wp-json\/wp\/v2\/types\/product"}],"wp:featuredmedia":[{"embeddable":true,"href":"https:\/\/e.kosmolat.eu\/lt\/wp-json\/wp\/v2\/media\/99856"}],"wp:attachment":[{"href":"https:\/\/e.kosmolat.eu\/lt\/wp-json\/wp\/v2\/media?parent=58845"}],"wp:term":[{"taxonomy":"product_cat","embeddable":true,"href":"https:\/\/e.kosmolat.eu\/lt\/wp-json\/wp\/v2\/product_cat?post=58845"},{"taxonomy":"product_tag","embeddable":true,"href":"https:\/\/e.kosmolat.eu\/lt\/wp-json\/wp\/v2\/product_tag?post=58845"}],"curies":[{"name":"wp","href":"https:\/\/api.w.org\/{rel}","templated":true}]}}