{"id":58829,"date":"2024-11-09T05:09:27","date_gmt":"2024-11-09T05:09:27","guid":{"rendered":"https:\/\/e.kosmolat.eu\/product\/biokon-dabiga-kops-active-krems-baros-liftings-60-50-ml\/"},"modified":"2026-04-03T05:46:06","modified_gmt":"2026-04-03T05:46:06","slug":"biokon-dabiga-kops-active-krems-baros-liftings-60-50-ml","status":"publish","type":"product","link":"https:\/\/e.kosmolat.eu\/lt\/produktas\/biokon-dabiga-kops-active-krems-baros-liftings-60-50-ml\/","title":{"rendered":"BIOCON Natural Care  Active Veido kremas Maitinimas + stangrinimas 60+, 50 ml"},"content":{"rendered":"<p>Kremas specialiai sukurtas brand\u017eios odos, kuriai reikalinga intensyvi mityba ir dr\u0117kinimas, prie\u017ei\u016brai. D\u0117l kompleksinio nat\u016brali\u0173 veikli\u0173j\u0173 med\u017eiag\u0173 (\u0161altalanki\u0173 aliejaus ir er\u0161k\u0117tuogi\u0173 aliejaus), taip pat hialurono r\u016bg\u0161ties veikimo kremas padeda suma\u017einti rauk\u0161les ir padidinti odos elastingum\u0105, suteikia komforto jausm\u0105. \u017den\u0161enio ir orchid\u0117j\u0173 ekstraktai u\u017ekerta keli\u0105 odos sen\u0117jimo procesams, taip pat nuovargio ir streso padariniams kad oda atrodyt\u0173 pails\u0117jusi ir gaivesn\u0117.<\/p>\n<p>Naudojimas: tepkite krem\u0105 ant \u0161varios veido ir kaklo odos. Idealiai tinka naudoti ryte ir vakare.<\/p>\n<p>Laikyti nuo +5 iki +25 \u00b0C temperat\u016broje gamintojo pakuot\u0117je, esant ne didesnei kaip 55\u201370% santykinei oro dr\u0117gmei.<\/p>\n<p>Geriausias: 24 m\u0117nesiai nuo pagaminimo datos.<\/p>\n","protected":false},"excerpt":{"rendered":"<p>Kremas specialiai sukurtas brand\u017eios odos, kuriai reikalinga intensyvi mityba ir dr\u0117kinimas, prie\u017ei\u016brai. D\u0117l kompleksinio nat\u016brali\u0173 veikli\u0173j\u0173 med\u017eiag\u0173 (\u0161altalanki\u0173 aliejaus ir er\u0161k\u0117tuogi\u0173 aliejaus), taip pat hialurono r\u016bg\u0161ties veikimo kremas padeda suma\u017einti rauk\u0161les ir padidinti odos elastingum\u0105, suteikia komforto jausm\u0105. \u017den\u0161enio ir orchid\u0117j\u0173 ekstraktai u\u017ekerta keli\u0105 odos sen\u0117jimo procesams, taip pat nuovargio ir streso padariniams kad oda [&#8230;]\n","protected":false},"featured_media":97876,"template":"","meta":[],"product_cat":[1322],"product_tag":[],"class_list":{"0":"post-58829","1":"product","2":"type-product","3":"status-publish","4":"has-post-thumbnail","6":"product_brand-replay_kr-lt","7":"product_cat-veido-kremai","9":"first","10":"outofstock","11":"taxable","12":"shipping-taxable","13":"product-type-simple"},"_links":{"self":[{"href":"https:\/\/e.kosmolat.eu\/lt\/wp-json\/wp\/v2\/product\/58829","targetHints":{"allow":["GET"]}}],"collection":[{"href":"https:\/\/e.kosmolat.eu\/lt\/wp-json\/wp\/v2\/product"}],"about":[{"href":"https:\/\/e.kosmolat.eu\/lt\/wp-json\/wp\/v2\/types\/product"}],"wp:featuredmedia":[{"embeddable":true,"href":"https:\/\/e.kosmolat.eu\/lt\/wp-json\/wp\/v2\/media\/97876"}],"wp:attachment":[{"href":"https:\/\/e.kosmolat.eu\/lt\/wp-json\/wp\/v2\/media?parent=58829"}],"wp:term":[{"taxonomy":"product_cat","embeddable":true,"href":"https:\/\/e.kosmolat.eu\/lt\/wp-json\/wp\/v2\/product_cat?post=58829"},{"taxonomy":"product_tag","embeddable":true,"href":"https:\/\/e.kosmolat.eu\/lt\/wp-json\/wp\/v2\/product_tag?post=58829"}],"curies":[{"name":"wp","href":"https:\/\/api.w.org\/{rel}","templated":true}]}}