{"id":58821,"date":"2024-11-09T05:09:08","date_gmt":"2024-11-09T05:09:08","guid":{"rendered":"https:\/\/e.kosmolat.eu\/product\/biokon-dabiga-kops-krems-liftings-pret-dzil-grumb-45-50-ml\/"},"modified":"2026-04-22T12:20:15","modified_gmt":"2026-04-22T12:20:15","slug":"biokon-dabiga-kops-krems-liftings-pret-dzil-grumb-45-50-ml","status":"publish","type":"product","link":"https:\/\/e.kosmolat.eu\/lt\/produktas\/biokon-dabiga-kops-krems-liftings-pret-dzil-grumb-45-50-ml\/","title":{"rendered":"BIOCON Natural Care Lifting Veido kremas nuo gili\u0173 rauk\u0161li\u0173, 45+, 50 ml"},"content":{"rendered":"<p>Kremas suteikia jauninan\u010di\u0105 prie\u017ei\u016br\u0105 senstan\u010diai odai.<br \/>\n\u2022 Nat\u016brali\u0173 komponent\u0173 kompleksas (iris\u0173 ekstraktas, kvie\u010di\u0173 gemal\u0173 augalin\u0117s DNR koncentratas ir vynuogi\u0173 kauliuk\u0173 aliejus) stangrina od\u0105, daro j\u0105 elastingesn\u0119, ma\u017eina rauk\u0161les ir stimuliuoja nat\u016bralius odos atjauninimo bei atstatymo mechanizmus.<br \/>\n\u2022 Hialurono r\u016bg\u0161tis giliai dr\u0117kina, sulaiko dr\u0117gm\u0119 odoje ir suma\u017eina rauk\u0161li\u0173 skai\u010di\u0173 bei gyl\u012f.<\/p>\n<p>Naudojimas:  tepkite ant nuvalytos odos, leiskite susigerti. Gali b\u016bti naudojamas kaip makia\u017eo pagrindas.<\/p>\n<p>Laikyti nuo +5 iki +25 \u00b0C temperat\u016broje gamintojo pakuot\u0117je, esant ne didesnei kaip 55\u201370% santykinei oro dr\u0117gmei.<\/p>\n<p>Geriausias: 24 m\u0117nesiai nuo pagaminimo datos.<\/p>\n","protected":false},"excerpt":{"rendered":"<p>Kremas suteikia jauninan\u010di\u0105 prie\u017ei\u016br\u0105 senstan\u010diai odai. \u2022 Nat\u016brali\u0173 komponent\u0173 kompleksas (iris\u0173 ekstraktas, kvie\u010di\u0173 gemal\u0173 augalin\u0117s DNR koncentratas ir vynuogi\u0173 kauliuk\u0173 aliejus) stangrina od\u0105, daro j\u0105 elastingesn\u0119, ma\u017eina rauk\u0161les ir stimuliuoja nat\u016bralius odos atjauninimo bei atstatymo mechanizmus. \u2022 Hialurono r\u016bg\u0161tis giliai dr\u0117kina, sulaiko dr\u0117gm\u0119 odoje ir suma\u017eina rauk\u0161li\u0173 skai\u010di\u0173 bei gyl\u012f. Naudojimas: tepkite ant nuvalytos odos, [&#8230;]\n","protected":false},"featured_media":97872,"template":"","meta":[],"product_cat":[2181],"product_tag":[],"class_list":{"0":"post-58821","1":"product","2":"type-product","3":"status-publish","4":"has-post-thumbnail","6":"product_brand-replay_kr-lt","7":"product_cat-bez-kategorijas-lt","9":"first","10":"instock","11":"taxable","12":"shipping-taxable","13":"product-type-simple"},"_links":{"self":[{"href":"https:\/\/e.kosmolat.eu\/lt\/wp-json\/wp\/v2\/product\/58821","targetHints":{"allow":["GET"]}}],"collection":[{"href":"https:\/\/e.kosmolat.eu\/lt\/wp-json\/wp\/v2\/product"}],"about":[{"href":"https:\/\/e.kosmolat.eu\/lt\/wp-json\/wp\/v2\/types\/product"}],"wp:featuredmedia":[{"embeddable":true,"href":"https:\/\/e.kosmolat.eu\/lt\/wp-json\/wp\/v2\/media\/97872"}],"wp:attachment":[{"href":"https:\/\/e.kosmolat.eu\/lt\/wp-json\/wp\/v2\/media?parent=58821"}],"wp:term":[{"taxonomy":"product_cat","embeddable":true,"href":"https:\/\/e.kosmolat.eu\/lt\/wp-json\/wp\/v2\/product_cat?post=58821"},{"taxonomy":"product_tag","embeddable":true,"href":"https:\/\/e.kosmolat.eu\/lt\/wp-json\/wp\/v2\/product_tag?post=58821"}],"curies":[{"name":"wp","href":"https:\/\/api.w.org\/{rel}","templated":true}]}}