{"id":58813,"date":"2024-11-09T05:08:42","date_gmt":"2024-11-09T05:08:42","guid":{"rendered":"https:\/\/e.kosmolat.eu\/product\/biokon-dabiga-kops-dienas-kr-mitrinas-atjaunin-45-50-ml\/"},"modified":"2026-04-22T05:57:27","modified_gmt":"2026-04-22T05:57:27","slug":"i_biokon-dabiga-kops-dienas-kr-mitrinas-atjaunin-45-50-ml","status":"publish","type":"product","link":"https:\/\/e.kosmolat.eu\/lt\/produktas\/i_biokon-dabiga-kops-dienas-kr-mitrinas-atjaunin-45-50-ml\/","title":{"rendered":"I_BIOCON Natural Care Dieninis kremas Dr\u0117kinantis + Jauninantis 45+, 50 ml"},"content":{"rendered":"<p>Kremas palaiko nat\u016bral\u0173 odos dr\u0117gm\u0117s lyg\u012f ir efektyviai apsaugo j\u0105 nuo nepalanki\u0173 aplinkos veiksni\u0173, \u012fskaitant pavojing\u0105 UV spinduliuot\u0119.<br \/>\n\u2022 D\u0117l nat\u016brali\u0173 ingredient\u0173 (magnolij\u0173 ekstrakto, persik\u0173 aliejaus ir alyvuogi\u0173 aliejaus) kremas pagerina odos tonus\u0105, stangrum\u0105 ir elastingum\u0105, ma\u017eina rauk\u0161li\u0173 skai\u010di\u0173 ir gyl\u012f.<br \/>\n\u2022 Alyvuogi\u0173 lap\u0173 ekstrakto poveikis skirtas odos atjauninimui ir kolageno bei elastino apsaugai nuo pa\u017eeidim\u0173.<br \/>\n\u2022 Pantenolis sustiprina atsigavimo procesus ir giliai dr\u0117kina od\u0105.<\/p>\n<p>Naudojimas: ryte tepkite ant nuvalytos odos, leiskite susigerti. Gali b\u016bti naudojamas kaip makia\u017eo pagrindas.<\/p>\n<p>Laikyti nuo +5 iki +25 \u00b0C temperat\u016broje gamintojo pakuot\u0117je, esant ne didesnei kaip 55\u201370% santykinei oro dr\u0117gmei.<\/p>\n<p>Geriausias: 24 m\u0117nesiai nuo pagaminimo datos.<\/p>\n","protected":false},"excerpt":{"rendered":"<p>Kremas palaiko nat\u016bral\u0173 odos dr\u0117gm\u0117s lyg\u012f ir efektyviai apsaugo j\u0105 nuo nepalanki\u0173 aplinkos veiksni\u0173, \u012fskaitant pavojing\u0105 UV spinduliuot\u0119. \u2022 D\u0117l nat\u016brali\u0173 ingredient\u0173 (magnolij\u0173 ekstrakto, persik\u0173 aliejaus ir alyvuogi\u0173 aliejaus) kremas pagerina odos tonus\u0105, stangrum\u0105 ir elastingum\u0105, ma\u017eina rauk\u0161li\u0173 skai\u010di\u0173 ir gyl\u012f. \u2022 Alyvuogi\u0173 lap\u0173 ekstrakto poveikis skirtas odos atjauninimui ir kolageno bei elastino apsaugai nuo [&#8230;]\n","protected":false},"featured_media":97868,"template":"","meta":[],"product_cat":[1322],"product_tag":[],"class_list":{"0":"post-58813","1":"product","2":"type-product","3":"status-publish","4":"has-post-thumbnail","6":"product_brand-replay_kr-lt","7":"product_cat-veido-kremai","9":"first","10":"instock","11":"taxable","12":"shipping-taxable","13":"product-type-simple"},"_links":{"self":[{"href":"https:\/\/e.kosmolat.eu\/lt\/wp-json\/wp\/v2\/product\/58813","targetHints":{"allow":["GET"]}}],"collection":[{"href":"https:\/\/e.kosmolat.eu\/lt\/wp-json\/wp\/v2\/product"}],"about":[{"href":"https:\/\/e.kosmolat.eu\/lt\/wp-json\/wp\/v2\/types\/product"}],"wp:featuredmedia":[{"embeddable":true,"href":"https:\/\/e.kosmolat.eu\/lt\/wp-json\/wp\/v2\/media\/97868"}],"wp:attachment":[{"href":"https:\/\/e.kosmolat.eu\/lt\/wp-json\/wp\/v2\/media?parent=58813"}],"wp:term":[{"taxonomy":"product_cat","embeddable":true,"href":"https:\/\/e.kosmolat.eu\/lt\/wp-json\/wp\/v2\/product_cat?post=58813"},{"taxonomy":"product_tag","embeddable":true,"href":"https:\/\/e.kosmolat.eu\/lt\/wp-json\/wp\/v2\/product_tag?post=58813"}],"curies":[{"name":"wp","href":"https:\/\/api.w.org\/{rel}","templated":true}]}}