{"id":58805,"date":"2024-11-09T05:08:20","date_gmt":"2024-11-09T05:08:20","guid":{"rendered":"https:\/\/e.kosmolat.eu\/product\/biokon-prof-effect-premium-age-dienas-nakts-kr-65-50-ml\/"},"modified":"2026-04-22T12:19:57","modified_gmt":"2026-04-22T12:19:57","slug":"biokon-prof-effect-premium-age-dienas-nakts-kr-65-50-ml","status":"publish","type":"product","link":"https:\/\/e.kosmolat.eu\/lt\/produktas\/biokon-prof-effect-premium-age-dienas-nakts-kr-65-50-ml\/","title":{"rendered":"BIOCON Professional Effect Premium Age Dieninis\/naktinis kremas 65+, 50 ml"},"content":{"rendered":"<p>Veido kremas intensyviai maitina ir suteikia visapusi\u0161k\u0105 brand\u017eios odos prie\u017ei\u016br\u0105. Specialiai parinkt\u0173 veikli\u0173j\u0173 med\u017eiag\u0173 d\u0117ka kremas turi ry\u0161k\u0173 atkuriam\u0105j\u012f poveik\u012f, gerina odos tonus\u0105 ir elastingum\u0105.<br \/>\n\u2022 \u0160iuolaikini\u0173 dr\u0117kikli\u0173 kompleksas palaiko ir papildo dr\u0117gm\u0117s atsargas odoje.<br \/>\n\u2022 Dviej\u0173 tip\u0173 hialurono r\u016bg\u0161tis ir keramidai saugo od\u0105 nuo dr\u0117gm\u0117s praradimo ir ma\u017eina rauk\u0161li\u0173 skai\u010di\u0173 bei gyl\u012f.<br \/>\n\u2022 Lin\u0173 s\u0117men\u0173 aliejuje, alyvuogi\u0173 aliejuje ir taukmed\u017ei\u0173 svieste gausu odai svarbaus vitamino F ir nepakei\u010diam\u0173j\u0173 riebal\u0173 r\u016bg\u0161\u010di\u0173 omega-3 ir omega-6, kurios suteikia komforto jausm\u0105 ir neleid\u017eia i\u0161saus\u0117ti.<br \/>\n\u2022 Kalcis ir magnis padeda normalizuoti med\u017eiag\u0173 apykaitos procesus.<\/p>\n<p>Naudojimas: tepkite ant \u0161varios odos ryte ir vakare.<br \/>\nLaikyti nuo +5 iki +25 \u00b0C temperat\u016broje gamintojo pakuot\u0117je, esant ne didesnei kaip 55\u201370% santykinei oro dr\u0117gmei.<\/p>\n<p>Geriausias: 24 m\u0117nesiai nuo pagaminimo datos.<\/p>\n","protected":false},"excerpt":{"rendered":"<p>Veido kremas intensyviai maitina ir suteikia visapusi\u0161k\u0105 brand\u017eios odos prie\u017ei\u016br\u0105. Specialiai parinkt\u0173 veikli\u0173j\u0173 med\u017eiag\u0173 d\u0117ka kremas turi ry\u0161k\u0173 atkuriam\u0105j\u012f poveik\u012f, gerina odos tonus\u0105 ir elastingum\u0105. \u2022 \u0160iuolaikini\u0173 dr\u0117kikli\u0173 kompleksas palaiko ir papildo dr\u0117gm\u0117s atsargas odoje. \u2022 Dviej\u0173 tip\u0173 hialurono r\u016bg\u0161tis ir keramidai saugo od\u0105 nuo dr\u0117gm\u0117s praradimo ir ma\u017eina rauk\u0161li\u0173 skai\u010di\u0173 bei gyl\u012f. \u2022 Lin\u0173 [&#8230;]\n","protected":false},"featured_media":97864,"template":"","meta":[],"product_cat":[2181],"product_tag":[],"class_list":{"0":"post-58805","1":"product","2":"type-product","3":"status-publish","4":"has-post-thumbnail","6":"product_brand-replay_kr-lt","7":"product_cat-bez-kategorijas-lt","9":"first","10":"outofstock","11":"taxable","12":"shipping-taxable","13":"product-type-simple"},"_links":{"self":[{"href":"https:\/\/e.kosmolat.eu\/lt\/wp-json\/wp\/v2\/product\/58805","targetHints":{"allow":["GET"]}}],"collection":[{"href":"https:\/\/e.kosmolat.eu\/lt\/wp-json\/wp\/v2\/product"}],"about":[{"href":"https:\/\/e.kosmolat.eu\/lt\/wp-json\/wp\/v2\/types\/product"}],"wp:featuredmedia":[{"embeddable":true,"href":"https:\/\/e.kosmolat.eu\/lt\/wp-json\/wp\/v2\/media\/97864"}],"wp:attachment":[{"href":"https:\/\/e.kosmolat.eu\/lt\/wp-json\/wp\/v2\/media?parent=58805"}],"wp:term":[{"taxonomy":"product_cat","embeddable":true,"href":"https:\/\/e.kosmolat.eu\/lt\/wp-json\/wp\/v2\/product_cat?post=58805"},{"taxonomy":"product_tag","embeddable":true,"href":"https:\/\/e.kosmolat.eu\/lt\/wp-json\/wp\/v2\/product_tag?post=58805"}],"curies":[{"name":"wp","href":"https:\/\/api.w.org\/{rel}","templated":true}]}}