{"id":58797,"date":"2024-11-09T05:08:02","date_gmt":"2024-11-09T05:08:02","guid":{"rendered":"https:\/\/e.kosmolat.eu\/product\/biokon-prof-effect-mezo-hyaluron-dienas-kr-35-50-ml\/"},"modified":"2026-04-22T08:21:52","modified_gmt":"2026-04-22T08:21:52","slug":"i_biokon-prof-effect-mezo-hyaluron-dienas-kr-35-50-ml","status":"publish","type":"product","link":"https:\/\/e.kosmolat.eu\/lt\/produktas\/i_biokon-prof-effect-mezo-hyaluron-dienas-kr-35-50-ml\/","title":{"rendered":"I_BIOCON Professional Effect Mezo Hyaluron Dieninis kremas 35+, 50 ml"},"content":{"rendered":"<p>Dieninis kremas palaiko optimal\u0173 odos dr\u0117gm\u0117s lyg\u012f ir u\u017etikrina apsaug\u0105 nuo UV spinduli\u0173 vis\u0105 dien\u0105 (SPF 15). Padeda pasiekti jaunatvi\u0161k\u0105 ir spindin\u010di\u0105 i\u0161vaizd\u0105. <\/p>\n<p>\u0160iuolaikini\u0173 dr\u0117kikli\u0173 kompleksas palaiko ir papildo dr\u0117gm\u0117s atsargas iki 30 valand\u0173. Dviej\u0173 tip\u0173 hialurono r\u016bg\u0161tis pasi\u017eymi puikiomis dr\u0117kinimo savyb\u0117mis, pagerina mikroreljef\u0105 ir apsaugo nuo rauk\u0161li\u0173 atsiradimo. Vitaminas C b\u016btinas norint pagerinti med\u017eiag\u0173 apykaitos procesus ir apsaugoti od\u0105 nuo prie\u0161laikinio sen\u0117jimo. Pagerina odos i\u0161vaizd\u0105 ir b\u016bkl\u0119, pasi\u017eymi antioksidaciniu aktyvumu.<\/p>\n<p>Naudojimas: ryte tepkite ant nuvalytos odos, leiskite susigerti. Gali b\u016bti naudojamas kaip makia\u017eo pagrindas.<\/p>\n<p>Laikyti nuo +5 iki +25 \u00b0C temperat\u016broje gamintojo pakuot\u0117je, esant ne didesnei kaip 55\u201370% santykinei oro dr\u0117gmei.<\/p>\n<p>Geriausias: 24 m\u0117nesiai nuo pagaminimo datos.<\/p>\n","protected":false},"excerpt":{"rendered":"<p>Dieninis kremas palaiko optimal\u0173 odos dr\u0117gm\u0117s lyg\u012f ir u\u017etikrina apsaug\u0105 nuo UV spinduli\u0173 vis\u0105 dien\u0105 (SPF 15). Padeda pasiekti jaunatvi\u0161k\u0105 ir spindin\u010di\u0105 i\u0161vaizd\u0105. \u0160iuolaikini\u0173 dr\u0117kikli\u0173 kompleksas palaiko ir papildo dr\u0117gm\u0117s atsargas iki 30 valand\u0173. Dviej\u0173 tip\u0173 hialurono r\u016bg\u0161tis pasi\u017eymi puikiomis dr\u0117kinimo savyb\u0117mis, pagerina mikroreljef\u0105 ir apsaugo nuo rauk\u0161li\u0173 atsiradimo. Vitaminas C b\u016btinas norint pagerinti med\u017eiag\u0173 [&#8230;]\n","protected":false},"featured_media":97860,"template":"","meta":[],"product_cat":[2181],"product_tag":[],"class_list":{"0":"post-58797","1":"product","2":"type-product","3":"status-publish","4":"has-post-thumbnail","6":"product_brand-replay_kr-lt","7":"product_cat-bez-kategorijas-lt","9":"first","10":"instock","11":"taxable","12":"shipping-taxable","13":"product-type-simple"},"_links":{"self":[{"href":"https:\/\/e.kosmolat.eu\/lt\/wp-json\/wp\/v2\/product\/58797","targetHints":{"allow":["GET"]}}],"collection":[{"href":"https:\/\/e.kosmolat.eu\/lt\/wp-json\/wp\/v2\/product"}],"about":[{"href":"https:\/\/e.kosmolat.eu\/lt\/wp-json\/wp\/v2\/types\/product"}],"wp:featuredmedia":[{"embeddable":true,"href":"https:\/\/e.kosmolat.eu\/lt\/wp-json\/wp\/v2\/media\/97860"}],"wp:attachment":[{"href":"https:\/\/e.kosmolat.eu\/lt\/wp-json\/wp\/v2\/media?parent=58797"}],"wp:term":[{"taxonomy":"product_cat","embeddable":true,"href":"https:\/\/e.kosmolat.eu\/lt\/wp-json\/wp\/v2\/product_cat?post=58797"},{"taxonomy":"product_tag","embeddable":true,"href":"https:\/\/e.kosmolat.eu\/lt\/wp-json\/wp\/v2\/product_tag?post=58797"}],"curies":[{"name":"wp","href":"https:\/\/api.w.org\/{rel}","templated":true}]}}