{"id":58789,"date":"2024-11-09T05:07:42","date_gmt":"2024-11-09T05:07:42","guid":{"rendered":"https:\/\/e.kosmolat.eu\/product\/biokon-prof-effect-lifting-expert-dienas-kr-45-50-ml\/"},"modified":"2026-04-09T13:30:44","modified_gmt":"2026-04-09T13:30:44","slug":"i_biokon-prof-effect-lifting-expert-dienas-kr-45-50-ml","status":"publish","type":"product","link":"https:\/\/e.kosmolat.eu\/lt\/produktas\/i_biokon-prof-effect-lifting-expert-dienas-kr-45-50-ml\/","title":{"rendered":"I_BIOCON Professional Effect Lifting Expert Dieninis kremas 45+, 50 ml"},"content":{"rendered":"<p>Dieninis kremas palaiko optimal\u0173 odos dr\u0117kinimo lyg\u012f ir u\u017etikrina apsaug\u0105 nuo UV spinduli\u0173 vis\u0105 dien\u0105 (SPF 15). Kremas r\u016bpinasi oda, turi lengv\u0105 stangrinimo efekt\u0105 ir apsaugo nuo rauk\u0161li\u0173 atsiradimo.<br \/>\n\u2022 \u0160iuolaikini\u0173  dr\u0117kikli\u0173 kompleksas palaiko ir papildo dr\u0117gm\u0117s atsargas iki 30 valand\u0173.<br \/>\n\u2022 Dviej\u0173 tip\u0173 hialurono r\u016bg\u0161tis pasi\u017eymi puikiomis dr\u0117kinimo savyb\u0117mis, pagerina mikroreljef\u0105 ir neleid\u017eia atsirasti rauk\u0161l\u0117ms.<br \/>\n\u2022 Peptid\u0173 kompleksas padeda atkurti odos baltymus kolagen\u0105 ir elastin\u0105. Pagerina odos tonus\u0105, stangrum\u0105 ir elastingum\u0105.<br \/>\n\u2022 Retinolis \u2013 vitaminas A \u2013 naudojamas profesionalioje kosmetologijoje, siekiant u\u017ekirsti keli\u0105 odos sen\u0117jimo procesams.<\/p>\n<p>Naudojimas: ryte tepkite ant nuvalytos odos, leiskite susigerti. Gali b\u016bti naudojamas kaip makia\u017eo pagrindas. <\/p>\n<p>Sud\u0117tyje yra vitamino A. Prie\u0161 naudojant atsi\u017evelgti \u012f paros doz\u0119.<\/p>\n<p>Laikyti nuo +5 iki +25 \u00b0C temperat\u016broje gamintojo pakuot\u0117je, esant ne didesnei kaip 55\u201370% santykinei oro dr\u0117gmei.<\/p>\n<p>Geriausias: 24 m\u0117nesiai nuo pagaminimo datos.<\/p>\n","protected":false},"excerpt":{"rendered":"<p>Dieninis kremas palaiko optimal\u0173 odos dr\u0117kinimo lyg\u012f ir u\u017etikrina apsaug\u0105 nuo UV spinduli\u0173 vis\u0105 dien\u0105 (SPF 15). Kremas r\u016bpinasi oda, turi lengv\u0105 stangrinimo efekt\u0105 ir apsaugo nuo rauk\u0161li\u0173 atsiradimo. \u2022 \u0160iuolaikini\u0173 dr\u0117kikli\u0173 kompleksas palaiko ir papildo dr\u0117gm\u0117s atsargas iki 30 valand\u0173. \u2022 Dviej\u0173 tip\u0173 hialurono r\u016bg\u0161tis pasi\u017eymi puikiomis dr\u0117kinimo savyb\u0117mis, pagerina mikroreljef\u0105 ir neleid\u017eia atsirasti [&#8230;]\n","protected":false},"featured_media":97856,"template":"","meta":[],"product_cat":[2181],"product_tag":[],"class_list":{"0":"post-58789","1":"product","2":"type-product","3":"status-publish","4":"has-post-thumbnail","6":"product_brand-replay_kr-lt","7":"product_cat-bez-kategorijas-lt","9":"first","10":"instock","11":"taxable","12":"shipping-taxable","13":"product-type-simple"},"_links":{"self":[{"href":"https:\/\/e.kosmolat.eu\/lt\/wp-json\/wp\/v2\/product\/58789","targetHints":{"allow":["GET"]}}],"collection":[{"href":"https:\/\/e.kosmolat.eu\/lt\/wp-json\/wp\/v2\/product"}],"about":[{"href":"https:\/\/e.kosmolat.eu\/lt\/wp-json\/wp\/v2\/types\/product"}],"wp:featuredmedia":[{"embeddable":true,"href":"https:\/\/e.kosmolat.eu\/lt\/wp-json\/wp\/v2\/media\/97856"}],"wp:attachment":[{"href":"https:\/\/e.kosmolat.eu\/lt\/wp-json\/wp\/v2\/media?parent=58789"}],"wp:term":[{"taxonomy":"product_cat","embeddable":true,"href":"https:\/\/e.kosmolat.eu\/lt\/wp-json\/wp\/v2\/product_cat?post=58789"},{"taxonomy":"product_tag","embeddable":true,"href":"https:\/\/e.kosmolat.eu\/lt\/wp-json\/wp\/v2\/product_tag?post=58789"}],"curies":[{"name":"wp","href":"https:\/\/api.w.org\/{rel}","templated":true}]}}