{"id":58781,"date":"2024-11-09T05:07:23","date_gmt":"2024-11-09T05:07:23","guid":{"rendered":"https:\/\/e.kosmolat.eu\/product\/biokon-prof-effect-filler-activ-dienas-kr-55-50-ml\/"},"modified":"2026-04-17T11:16:53","modified_gmt":"2026-04-17T11:16:53","slug":"biokon-prof-effect-filler-activ-dienas-kr-55-50-ml","status":"publish","type":"product","link":"https:\/\/e.kosmolat.eu\/lt\/produktas\/biokon-prof-effect-filler-activ-dienas-kr-55-50-ml\/","title":{"rendered":"BIOCON Professional Effect Filler Activ Dieninis kremas 55+, 50 ml"},"content":{"rendered":"<p>Dieninis kremas palaiko optimal\u0173 odos dr\u0117kinimo lyg\u012f ir u\u017etikrina apsaug\u0105 nuo UV spinduli\u0173 vis\u0105 dien\u0105 (SPF 15).<br \/>\n\u2022 U\u017epildas \u0161velniai u\u017epildo rauk\u0161les ir suma\u017eina j\u0173 gyl\u012f.<br \/>\n\u2022 \u0160iuolaikini\u0173  dr\u0117kikli\u0173 kompleksas palaiko ir papildo dr\u0117gm\u0117s atsargas iki 30 valand\u0173.<br \/>\n\u2022 Dviej\u0173 tip\u0173 hialurono r\u016bg\u0161tis pasi\u017eymi puikiomis dr\u0117kinimo savyb\u0117mis, pagerina mikroreljef\u0105 ir neleid\u017eia atsirasti rauk\u0161l\u0117ms.<br \/>\n \u2022 Augalinis kolagenas palaiko odos elastingum\u0105 ir j\u0105 stangrina.<br \/>\n\u2022 Retinolis ir mikroelementai Zn, Mg, Ca gerina med\u017eiag\u0173 apykaitos procesus odoje ir padeda sul\u0117tinti sen\u0117jim\u0105.<\/p>\n<p>Naudojimas: ryte tepkite ant nuvalytos odos, leiskite susigerti. Gali b\u016bti naudojamas kaip makia\u017eo pagrindas. <\/p>\n<p>Sud\u0117tyje yra vitamino A. Prie\u0161 naudojant atsi\u017evelgti \u012f paros doz\u0119.<\/p>\n<p>Laikyti nuo +5 iki +25 \u00b0C temperat\u016broje gamintojo pakuot\u0117je, esant ne didesnei kaip 55\u201370% santykinei oro dr\u0117gmei.<\/p>\n<p>Geriausias: 24 m\u0117nesiai nuo pagaminimo datos.<\/p>\n","protected":false},"excerpt":{"rendered":"<p>Dieninis kremas palaiko optimal\u0173 odos dr\u0117kinimo lyg\u012f ir u\u017etikrina apsaug\u0105 nuo UV spinduli\u0173 vis\u0105 dien\u0105 (SPF 15). \u2022 U\u017epildas \u0161velniai u\u017epildo rauk\u0161les ir suma\u017eina j\u0173 gyl\u012f. \u2022 \u0160iuolaikini\u0173 dr\u0117kikli\u0173 kompleksas palaiko ir papildo dr\u0117gm\u0117s atsargas iki 30 valand\u0173. \u2022 Dviej\u0173 tip\u0173 hialurono r\u016bg\u0161tis pasi\u017eymi puikiomis dr\u0117kinimo savyb\u0117mis, pagerina mikroreljef\u0105 ir neleid\u017eia atsirasti rauk\u0161l\u0117ms. \u2022 Augalinis [&#8230;]\n","protected":false},"featured_media":97852,"template":"","meta":[],"product_cat":[1322],"product_tag":[],"class_list":{"0":"post-58781","1":"product","2":"type-product","3":"status-publish","4":"has-post-thumbnail","6":"product_brand-replay_kr-lt","7":"product_cat-veido-kremai","9":"first","10":"instock","11":"taxable","12":"shipping-taxable","13":"product-type-simple"},"_links":{"self":[{"href":"https:\/\/e.kosmolat.eu\/lt\/wp-json\/wp\/v2\/product\/58781","targetHints":{"allow":["GET"]}}],"collection":[{"href":"https:\/\/e.kosmolat.eu\/lt\/wp-json\/wp\/v2\/product"}],"about":[{"href":"https:\/\/e.kosmolat.eu\/lt\/wp-json\/wp\/v2\/types\/product"}],"wp:featuredmedia":[{"embeddable":true,"href":"https:\/\/e.kosmolat.eu\/lt\/wp-json\/wp\/v2\/media\/97852"}],"wp:attachment":[{"href":"https:\/\/e.kosmolat.eu\/lt\/wp-json\/wp\/v2\/media?parent=58781"}],"wp:term":[{"taxonomy":"product_cat","embeddable":true,"href":"https:\/\/e.kosmolat.eu\/lt\/wp-json\/wp\/v2\/product_cat?post=58781"},{"taxonomy":"product_tag","embeddable":true,"href":"https:\/\/e.kosmolat.eu\/lt\/wp-json\/wp\/v2\/product_tag?post=58781"}],"curies":[{"name":"wp","href":"https:\/\/api.w.org\/{rel}","templated":true}]}}