{"id":58773,"date":"2024-11-09T05:07:05","date_gmt":"2024-11-09T05:07:05","guid":{"rendered":"https:\/\/e.kosmolat.eu\/product\/systema-uc-protect-zobu-pasta-spring-mint-90-g\/"},"modified":"2026-04-23T07:14:26","modified_gmt":"2026-04-23T07:14:26","slug":"systema-uc-protect-zobu-pasta-spring-mint-80-g","status":"publish","type":"product","link":"https:\/\/e.kosmolat.eu\/lt\/produktas\/systema-uc-protect-zobu-pasta-spring-mint-80-g\/","title":{"rendered":"SYSTEMA Ultra Care &#038; Protect Dant\u0173 pasta Spring Mint, 90 g"},"content":{"rendered":"<p>Pagerina danten\u0173 b\u016bkl\u0119, padeda i\u0161laikyti dantis tvirtus ir sveikus. Aktyvaus komponento fluoro d\u0117ka apsaugo nuo \u0117duonies susidarymo. Gaivus m\u0117t\u0173 aromatas suteikia gaiv\u0173 kvap\u0105.<\/p>\n<p>Naudojimas: u\u017etepkite nedidel\u012f kiek\u012f dant\u0173 pastos ant dant\u0173 \u0161epet\u0117lio, valykite dantis sukamaisiais judesiais 2-3 minutes, bent du kartus per dien\u0105.<\/p>\n<p>\u012esp\u0117jimas: Sud\u0117tyje yra 0,15% natrio fluorido (fluoro pavidalu). <\/p>\n<p>Vaikams iki 6 m. naudokite \u017eirnio dyd\u017eio kiek\u012f, steb\u0117kite, kad nenuryt\u0173. Jeigu vartojami produktai, kuri\u0173 sud\u0117tyje yra fluorido, pasitarkite su odontologu arba gydytoju.<\/p>\n<p>Laikyti nuo +5 \u00b0C iki +25 \u00b0C temperat\u016broje.<\/p>\n","protected":false},"excerpt":{"rendered":"<p>Pagerina danten\u0173 b\u016bkl\u0119, padeda i\u0161laikyti dantis tvirtus ir sveikus. Aktyvaus komponento fluoro d\u0117ka apsaugo nuo \u0117duonies susidarymo. Gaivus m\u0117t\u0173 aromatas suteikia gaiv\u0173 kvap\u0105. Naudojimas: u\u017etepkite nedidel\u012f kiek\u012f dant\u0173 pastos ant dant\u0173 \u0161epet\u0117lio, valykite dantis sukamaisiais judesiais 2-3 minutes, bent du kartus per dien\u0105. \u012esp\u0117jimas: Sud\u0117tyje yra 0,15% natrio fluorido (fluoro pavidalu). Vaikams iki 6 m. [&#8230;]\n","protected":false},"featured_media":97848,"template":"","meta":[],"product_cat":[1308],"product_tag":[],"class_list":{"0":"post-58773","1":"product","2":"type-product","3":"status-publish","4":"has-post-thumbnail","6":"product_brand-replay_kr-lt","7":"product_cat-dantu-pastos-ir-geliai","9":"first","10":"instock","11":"taxable","12":"shipping-taxable","13":"product-type-simple"},"_links":{"self":[{"href":"https:\/\/e.kosmolat.eu\/lt\/wp-json\/wp\/v2\/product\/58773","targetHints":{"allow":["GET"]}}],"collection":[{"href":"https:\/\/e.kosmolat.eu\/lt\/wp-json\/wp\/v2\/product"}],"about":[{"href":"https:\/\/e.kosmolat.eu\/lt\/wp-json\/wp\/v2\/types\/product"}],"wp:featuredmedia":[{"embeddable":true,"href":"https:\/\/e.kosmolat.eu\/lt\/wp-json\/wp\/v2\/media\/97848"}],"wp:attachment":[{"href":"https:\/\/e.kosmolat.eu\/lt\/wp-json\/wp\/v2\/media?parent=58773"}],"wp:term":[{"taxonomy":"product_cat","embeddable":true,"href":"https:\/\/e.kosmolat.eu\/lt\/wp-json\/wp\/v2\/product_cat?post=58773"},{"taxonomy":"product_tag","embeddable":true,"href":"https:\/\/e.kosmolat.eu\/lt\/wp-json\/wp\/v2\/product_tag?post=58773"}],"curies":[{"name":"wp","href":"https:\/\/api.w.org\/{rel}","templated":true}]}}