{"id":58749,"date":"2024-11-09T05:06:10","date_gmt":"2024-11-09T05:06:10","guid":{"rendered":"https:\/\/e.kosmolat.eu\/product\/salz-original-zobu-pasta-ar-hiperton-sali-40-g\/"},"modified":"2025-10-07T15:11:16","modified_gmt":"2025-10-07T15:11:16","slug":"i_salz-original-zobu-pasta-ar-hiperton-sali-40-g","status":"publish","type":"product","link":"https:\/\/e.kosmolat.eu\/lt\/produktas\/i_salz-original-zobu-pasta-ar-hiperton-sali-40-g\/","title":{"rendered":"SALZ Original Dant\u0173 pasta su hipertonine druska, 40 g"},"content":{"rendered":"<p>Efektyviai valo dantis ir burnos ertm\u0119, saugo nuo \u0117duonies ir balina. Hipertonin\u0117 druska, kofermentas Q10 ir fluoras ma\u017eina bakterijas ir gerina emal\u012f. Pasta i\u0161laiko gaiv\u0173 kvap\u0105 ir turi malon\u0173 m\u0117t\u0173 skon\u012f.<\/p>\n<p>Naudojimas: u\u017etepkite nedidel\u012f kiek\u012f dant\u0173 pastos ant dant\u0173 \u0161epet\u0117lio, valykite dantis sukamaisiais judesiais 2-3 minutes, bent du kartus per dien\u0105.<\/p>\n<p>\u012esp\u0117jimas: Sud\u0117tyje yra 0,12% natrio fluorido (fluoro pavidalu). <\/p>\n<p>Vaikams iki 6 m. naudokite \u017eirnio dyd\u017eio kiek\u012f, steb\u0117kite, kad nenuryt\u0173. Jeigu vartojami produktai, kuri\u0173 sud\u0117tyje yra fluorido, pasitarkite su odontologu arba gydytoju.<\/p>\n<p>Laikyti nuo +5 \u00b0C iki +25 \u00b0C temperat\u016broje.<\/p>\n","protected":false},"excerpt":{"rendered":"<p>Efektyviai valo dantis ir burnos ertm\u0119, saugo nuo \u0117duonies ir balina. Hipertonin\u0117 druska, kofermentas Q10 ir fluoras ma\u017eina bakterijas ir gerina emal\u012f. Pasta i\u0161laiko gaiv\u0173 kvap\u0105 ir turi malon\u0173 m\u0117t\u0173 skon\u012f. Naudojimas: u\u017etepkite nedidel\u012f kiek\u012f dant\u0173 pastos ant dant\u0173 \u0161epet\u0117lio, valykite dantis sukamaisiais judesiais 2-3 minutes, bent du kartus per dien\u0105. \u012esp\u0117jimas: Sud\u0117tyje yra 0,12% [&#8230;]\n","protected":false},"featured_media":97836,"template":"","meta":[],"product_cat":[1308],"product_tag":[],"class_list":{"0":"post-58749","1":"product","2":"type-product","3":"status-publish","4":"has-post-thumbnail","6":"product_brand-replay_kr-lt","7":"product_cat-dantu-pastos-ir-geliai","9":"first","10":"outofstock","11":"taxable","12":"shipping-taxable","13":"product-type-simple"},"_links":{"self":[{"href":"https:\/\/e.kosmolat.eu\/lt\/wp-json\/wp\/v2\/product\/58749","targetHints":{"allow":["GET"]}}],"collection":[{"href":"https:\/\/e.kosmolat.eu\/lt\/wp-json\/wp\/v2\/product"}],"about":[{"href":"https:\/\/e.kosmolat.eu\/lt\/wp-json\/wp\/v2\/types\/product"}],"wp:featuredmedia":[{"embeddable":true,"href":"https:\/\/e.kosmolat.eu\/lt\/wp-json\/wp\/v2\/media\/97836"}],"wp:attachment":[{"href":"https:\/\/e.kosmolat.eu\/lt\/wp-json\/wp\/v2\/media?parent=58749"}],"wp:term":[{"taxonomy":"product_cat","embeddable":true,"href":"https:\/\/e.kosmolat.eu\/lt\/wp-json\/wp\/v2\/product_cat?post=58749"},{"taxonomy":"product_tag","embeddable":true,"href":"https:\/\/e.kosmolat.eu\/lt\/wp-json\/wp\/v2\/product_tag?post=58749"}],"curies":[{"name":"wp","href":"https:\/\/api.w.org\/{rel}","templated":true}]}}