{"id":58741,"date":"2024-11-09T05:05:54","date_gmt":"2024-11-09T05:05:54","guid":{"rendered":"https:\/\/e.kosmolat.eu\/product\/salz-fresh-japanese-mint-zobu-pasta-ar-hipertonisko-sali-40-g\/"},"modified":"2025-11-19T07:17:23","modified_gmt":"2025-11-19T07:17:23","slug":"i_salz-fresh-japanese-mint-zobu-pasta-ar-hipertonisko-sali-40-g","status":"publish","type":"product","link":"https:\/\/e.kosmolat.eu\/lt\/produktas\/i_salz-fresh-japanese-mint-zobu-pasta-ar-hipertonisko-sali-40-g\/","title":{"rendered":"SALZ Fresh Japanese Mint Dant\u0173 pasta su hipertonine druska, 40 g"},"content":{"rendered":"<p>Gaivinanti dant\u0173 pasta u\u017etikrina visapusi\u0161k\u0105 burnos apsaug\u0105. Aktyv\u016bs komponentai \u2013 hipertonin\u0117 druska, kofermentas Q10 ir fluoras \u2013 naikina nemalon\u0173 kvap\u0105, stiprina dantenas ir apsaugo dantis. Kofermentas Q10 yra antioksidantas, apsaugantis burnos ertm\u0119 ir dantenas, o hipertonin\u0117 druska ma\u017eina bakterij\u0173 skai\u010di\u0173. Fluoras apsaugo nuo \u0117duonies ir gerina emalio b\u016bkl\u0119. Dant\u0173 pasta gaivina kvap\u0105 ir turi malon\u0173 m\u0117t\u0173 aromat\u0105.<\/p>\n<p>Naudojimas: u\u017etepkite nedidel\u012f kiek\u012f dant\u0173 pastos ant dant\u0173 \u0161epet\u0117lio, valykite dantis sukamaisiais judesiais 2-3 minutes, bent du kartus per dien\u0105.<\/p>\n<p>\u012esp\u0117jimas: Sud\u0117tyje yra 0,12% natrio fluorido (fluoro pavidalu). <\/p>\n<p>Vaikams iki 6 m. naudokite \u017eirnio dyd\u017eio kiek\u012f, steb\u0117kite, kad nenuryt\u0173. Jeigu vartojami produktai, kuri\u0173 sud\u0117tyje yra fluorido, pasitarkite su odontologu arba gydytoju.<\/p>\n<p>Laikyti nuo +5 \u00b0C iki +25 \u00b0C temperat\u016broje.<\/p>\n","protected":false},"excerpt":{"rendered":"<p>Gaivinanti dant\u0173 pasta u\u017etikrina visapusi\u0161k\u0105 burnos apsaug\u0105. Aktyv\u016bs komponentai \u2013 hipertonin\u0117 druska, kofermentas Q10 ir fluoras \u2013 naikina nemalon\u0173 kvap\u0105, stiprina dantenas ir apsaugo dantis. Kofermentas Q10 yra antioksidantas, apsaugantis burnos ertm\u0119 ir dantenas, o hipertonin\u0117 druska ma\u017eina bakterij\u0173 skai\u010di\u0173. Fluoras apsaugo nuo \u0117duonies ir gerina emalio b\u016bkl\u0119. Dant\u0173 pasta gaivina kvap\u0105 ir turi malon\u0173 [&#8230;]\n","protected":false},"featured_media":97832,"template":"","meta":[],"product_cat":[1308],"product_tag":[],"class_list":{"0":"post-58741","1":"product","2":"type-product","3":"status-publish","4":"has-post-thumbnail","6":"product_brand-replay_kr-lt","7":"product_cat-dantu-pastos-ir-geliai","9":"first","10":"outofstock","11":"taxable","12":"shipping-taxable","13":"product-type-simple"},"_links":{"self":[{"href":"https:\/\/e.kosmolat.eu\/lt\/wp-json\/wp\/v2\/product\/58741","targetHints":{"allow":["GET"]}}],"collection":[{"href":"https:\/\/e.kosmolat.eu\/lt\/wp-json\/wp\/v2\/product"}],"about":[{"href":"https:\/\/e.kosmolat.eu\/lt\/wp-json\/wp\/v2\/types\/product"}],"wp:featuredmedia":[{"embeddable":true,"href":"https:\/\/e.kosmolat.eu\/lt\/wp-json\/wp\/v2\/media\/97832"}],"wp:attachment":[{"href":"https:\/\/e.kosmolat.eu\/lt\/wp-json\/wp\/v2\/media?parent=58741"}],"wp:term":[{"taxonomy":"product_cat","embeddable":true,"href":"https:\/\/e.kosmolat.eu\/lt\/wp-json\/wp\/v2\/product_cat?post=58741"},{"taxonomy":"product_tag","embeddable":true,"href":"https:\/\/e.kosmolat.eu\/lt\/wp-json\/wp\/v2\/product_tag?post=58741"}],"curies":[{"name":"wp","href":"https:\/\/api.w.org\/{rel}","templated":true}]}}