{"id":58725,"date":"2024-11-09T05:05:17","date_gmt":"2024-11-09T05:05:17","guid":{"rendered":"https:\/\/e.kosmolat.eu\/product\/hc-krems-balz-papeza-piesim-un-podagr-pedas-kaul-10-g-5\/"},"modified":"2026-04-01T12:52:03","modified_gmt":"2026-04-01T12:52:03","slug":"hc-krems-balz-papeza-piesim-un-podagr-pedas-kaul-10-g-5","status":"publish","type":"product","link":"https:\/\/e.kosmolat.eu\/lt\/produktas\/hc-krems-balz-papeza-piesim-un-podagr-pedas-kaul-10-g-5\/","title":{"rendered":"HEALER COSMETICS Kremas-balzamas prie\u0161 podagr\u0105, 10 g \u013b 5%"},"content":{"rendered":"<p>Veiksmingas produktas, pagr\u012fstas nat\u016braliais eteriniais aliejais ir augal\u0173 ekstraktais. Pagerina p\u0117d\u0173 b\u016bkl\u0119, mink\u0161tina ir ramina od\u0105.<\/p>\n<p>Naudojimas: tepkite problemines p\u0117d\u0173 vietas Norint ilgiau i\u0161laikyti efekt\u0105, po kremo-balzamo u\u017etepimo rekomenduojama m\u016bv\u0117ti kojines.<br \/>\nN\u0117ra vaistas.<\/p>\n<p>Laikymo s\u0105lygos: laikyti sausoje vietoje nuo 0\u00b0C iki +25\u00b0C temperat\u016broje.<\/p>\n<p>Geriausias  3 metai nuo pagaminimo datos.<\/p>\n","protected":false},"excerpt":{"rendered":"<p>Veiksmingas produktas, pagr\u012fstas nat\u016braliais eteriniais aliejais ir augal\u0173 ekstraktais. Pagerina p\u0117d\u0173 b\u016bkl\u0119, mink\u0161tina ir ramina od\u0105. Naudojimas: tepkite problemines p\u0117d\u0173 vietas Norint ilgiau i\u0161laikyti efekt\u0105, po kremo-balzamo u\u017etepimo rekomenduojama m\u016bv\u0117ti kojines. N\u0117ra vaistas. Laikymo s\u0105lygos: laikyti sausoje vietoje nuo 0\u00b0C iki +25\u00b0C temperat\u016broje. Geriausias 3 metai nuo pagaminimo datos.<\/p>\n","protected":false},"featured_media":100376,"template":"","meta":[],"product_cat":[2181],"product_tag":[],"class_list":{"0":"post-58725","1":"product","2":"type-product","3":"status-publish","4":"has-post-thumbnail","6":"product_brand-healer-cosmetics_ua-lt","7":"product_cat-bez-kategorijas-lt","9":"first","10":"instock","11":"taxable","12":"shipping-taxable","13":"product-type-simple"},"_links":{"self":[{"href":"https:\/\/e.kosmolat.eu\/lt\/wp-json\/wp\/v2\/product\/58725","targetHints":{"allow":["GET"]}}],"collection":[{"href":"https:\/\/e.kosmolat.eu\/lt\/wp-json\/wp\/v2\/product"}],"about":[{"href":"https:\/\/e.kosmolat.eu\/lt\/wp-json\/wp\/v2\/types\/product"}],"wp:featuredmedia":[{"embeddable":true,"href":"https:\/\/e.kosmolat.eu\/lt\/wp-json\/wp\/v2\/media\/100376"}],"wp:attachment":[{"href":"https:\/\/e.kosmolat.eu\/lt\/wp-json\/wp\/v2\/media?parent=58725"}],"wp:term":[{"taxonomy":"product_cat","embeddable":true,"href":"https:\/\/e.kosmolat.eu\/lt\/wp-json\/wp\/v2\/product_cat?post=58725"},{"taxonomy":"product_tag","embeddable":true,"href":"https:\/\/e.kosmolat.eu\/lt\/wp-json\/wp\/v2\/product_tag?post=58725"}],"curies":[{"name":"wp","href":"https:\/\/api.w.org\/{rel}","templated":true}]}}