{"id":58709,"date":"2024-11-09T05:04:44","date_gmt":"2024-11-09T05:04:44","guid":{"rendered":"https:\/\/e.kosmolat.eu\/product\/hc-krems-balzams-stop-svisana-10-g-5\/"},"modified":"2026-03-29T05:43:40","modified_gmt":"2026-03-29T05:43:40","slug":"hc-krems-balzams-stop-svisana-10-g-5","status":"publish","type":"product","link":"https:\/\/e.kosmolat.eu\/lt\/produktas\/hc-krems-balzams-stop-svisana-10-g-5\/","title":{"rendered":"HEALER COSMETICS Kremas-balzamas Stop-prakaitui, 10 g \u013b 5%"},"content":{"rendered":"<p>Unikali kremo-balzamo formul\u0117 leid\u017eia j\u012f naudoti kaip kasdien\u0119 odos prie\u017ei\u016bros priemon\u0119. Sud\u0117tyje esan\u010dios veikliosios med\u017eiagos ma\u017eina prakaitavim\u0105 ir turi dezodoruojan\u010di\u0173 savybi\u0173.<\/p>\n<p>Naudojimas: nedidel\u012f kiek\u012f kremo-balzamo u\u017etepkite ant \u0161varios odos problemin\u0117se vietose ir leiskite susigerti.<br \/>\nN\u0117ra vaistas.<\/p>\n<p>Laikymo s\u0105lygos: laikyti sausoje vietoje nuo 0\u00b0C iki +25\u00b0C temperat\u016broje.<\/p>\n<p>Geriausias  3 metai nuo pagaminimo datos.<\/p>\n","protected":false},"excerpt":{"rendered":"<p>Unikali kremo-balzamo formul\u0117 leid\u017eia j\u012f naudoti kaip kasdien\u0119 odos prie\u017ei\u016bros priemon\u0119. Sud\u0117tyje esan\u010dios veikliosios med\u017eiagos ma\u017eina prakaitavim\u0105 ir turi dezodoruojan\u010di\u0173 savybi\u0173. Naudojimas: nedidel\u012f kiek\u012f kremo-balzamo u\u017etepkite ant \u0161varios odos problemin\u0117se vietose ir leiskite susigerti. N\u0117ra vaistas. Laikymo s\u0105lygos: laikyti sausoje vietoje nuo 0\u00b0C iki +25\u00b0C temperat\u016broje. Geriausias 3 metai nuo pagaminimo datos.<\/p>\n","protected":false},"featured_media":97672,"template":"","meta":[],"product_cat":[2181],"product_tag":[],"class_list":{"0":"post-58709","1":"product","2":"type-product","3":"status-publish","4":"has-post-thumbnail","6":"product_brand-healer-cosmetics_ua-lt","7":"product_cat-bez-kategorijas-lt","9":"first","10":"outofstock","11":"taxable","12":"shipping-taxable","13":"product-type-simple"},"_links":{"self":[{"href":"https:\/\/e.kosmolat.eu\/lt\/wp-json\/wp\/v2\/product\/58709","targetHints":{"allow":["GET"]}}],"collection":[{"href":"https:\/\/e.kosmolat.eu\/lt\/wp-json\/wp\/v2\/product"}],"about":[{"href":"https:\/\/e.kosmolat.eu\/lt\/wp-json\/wp\/v2\/types\/product"}],"wp:featuredmedia":[{"embeddable":true,"href":"https:\/\/e.kosmolat.eu\/lt\/wp-json\/wp\/v2\/media\/97672"}],"wp:attachment":[{"href":"https:\/\/e.kosmolat.eu\/lt\/wp-json\/wp\/v2\/media?parent=58709"}],"wp:term":[{"taxonomy":"product_cat","embeddable":true,"href":"https:\/\/e.kosmolat.eu\/lt\/wp-json\/wp\/v2\/product_cat?post=58709"},{"taxonomy":"product_tag","embeddable":true,"href":"https:\/\/e.kosmolat.eu\/lt\/wp-json\/wp\/v2\/product_tag?post=58709"}],"curies":[{"name":"wp","href":"https:\/\/api.w.org\/{rel}","templated":true}]}}