{"id":58701,"date":"2024-11-09T05:04:26","date_gmt":"2024-11-09T05:04:26","guid":{"rendered":"https:\/\/e.kosmolat.eu\/product\/hc-krems-balzams-pret-izsit-un-pinnem-10-ml\/"},"modified":"2026-04-23T07:14:38","modified_gmt":"2026-04-23T07:14:38","slug":"hc-krems-balzams-pret-izsit-un-pinnem-10-ml","status":"publish","type":"product","link":"https:\/\/e.kosmolat.eu\/lt\/produktas\/hc-krems-balzams-pret-izsit-un-pinnem-10-ml\/","title":{"rendered":"HEALER COSMETICS Kremas-balzamas nuo spuog\u0173 ir ink\u0161tir\u0173, 10 ml"},"content":{"rendered":"<p>Naudojimo instrukcija: Tepkite ant nuvalyt\u0173 odos viet\u0173, linkusi\u0173 \u012f b\u0117rimus.<\/p>\n<p>Laikymo s\u0105lygos: laikyti sausoje vietoje nuo +5\u00b0C iki +25\u00b0C temperat\u016broje.<\/p>\n","protected":false},"excerpt":{"rendered":"<p>Naudojimo instrukcija: Tepkite ant nuvalyt\u0173 odos viet\u0173, linkusi\u0173 \u012f b\u0117rimus. Laikymo s\u0105lygos: laikyti sausoje vietoje nuo +5\u00b0C iki +25\u00b0C temperat\u016broje.<\/p>\n","protected":false},"featured_media":100452,"template":"","meta":[],"product_cat":[1322],"product_tag":[],"class_list":{"0":"post-58701","1":"product","2":"type-product","3":"status-publish","4":"has-post-thumbnail","6":"product_brand-healer-cosmetics_ua-lt","7":"product_cat-veido-kremai","9":"first","10":"instock","11":"taxable","12":"shipping-taxable","13":"product-type-simple"},"_links":{"self":[{"href":"https:\/\/e.kosmolat.eu\/lt\/wp-json\/wp\/v2\/product\/58701","targetHints":{"allow":["GET"]}}],"collection":[{"href":"https:\/\/e.kosmolat.eu\/lt\/wp-json\/wp\/v2\/product"}],"about":[{"href":"https:\/\/e.kosmolat.eu\/lt\/wp-json\/wp\/v2\/types\/product"}],"wp:featuredmedia":[{"embeddable":true,"href":"https:\/\/e.kosmolat.eu\/lt\/wp-json\/wp\/v2\/media\/100452"}],"wp:attachment":[{"href":"https:\/\/e.kosmolat.eu\/lt\/wp-json\/wp\/v2\/media?parent=58701"}],"wp:term":[{"taxonomy":"product_cat","embeddable":true,"href":"https:\/\/e.kosmolat.eu\/lt\/wp-json\/wp\/v2\/product_cat?post=58701"},{"taxonomy":"product_tag","embeddable":true,"href":"https:\/\/e.kosmolat.eu\/lt\/wp-json\/wp\/v2\/product_tag?post=58701"}],"curies":[{"name":"wp","href":"https:\/\/api.w.org\/{rel}","templated":true}]}}