{"id":58693,"date":"2024-11-09T05:04:09","date_gmt":"2024-11-09T05:04:09","guid":{"rendered":"https:\/\/e.kosmolat.eu\/product\/hc-kosmetiskais-krems-vazelins-lupam-zemenu-10-ml\/"},"modified":"2026-04-22T11:01:20","modified_gmt":"2026-04-22T11:01:20","slug":"hc-kosmetiskais-krems-vazelins-lupam-zemenu-10-ml","status":"publish","type":"product","link":"https:\/\/e.kosmolat.eu\/lt\/produktas\/hc-kosmetiskais-krems-vazelins-lupam-zemenu-10-ml\/","title":{"rendered":"HEALER COSMETICS Kosmetinis kremas-vazelinas l\u016bpoms Bra\u0161ki\u0173, 10 ml"},"content":{"rendered":"<p>Nepakei\u010diamas produktas jautrios l\u016bp\u0173 odos prie\u017ei\u016brai. Mink\u0161tina l\u016bpas ir sudaro apsaugin\u012f barjer\u0105 nuo aplinkos poveikio.<\/p>\n","protected":false},"excerpt":{"rendered":"<p>Nepakei\u010diamas produktas jautrios l\u016bp\u0173 odos prie\u017ei\u016brai. Mink\u0161tina l\u016bpas ir sudaro apsaugin\u012f barjer\u0105 nuo aplinkos poveikio.<\/p>\n","protected":false},"featured_media":100889,"template":"","meta":[],"product_cat":[1386],"product_tag":[],"class_list":{"0":"post-58693","1":"product","2":"type-product","3":"status-publish","4":"has-post-thumbnail","6":"product_brand-healer-cosmetics_ua-lt","7":"product_cat-lupu-balzamas","9":"first","10":"instock","11":"taxable","12":"shipping-taxable","13":"product-type-simple"},"_links":{"self":[{"href":"https:\/\/e.kosmolat.eu\/lt\/wp-json\/wp\/v2\/product\/58693","targetHints":{"allow":["GET"]}}],"collection":[{"href":"https:\/\/e.kosmolat.eu\/lt\/wp-json\/wp\/v2\/product"}],"about":[{"href":"https:\/\/e.kosmolat.eu\/lt\/wp-json\/wp\/v2\/types\/product"}],"wp:featuredmedia":[{"embeddable":true,"href":"https:\/\/e.kosmolat.eu\/lt\/wp-json\/wp\/v2\/media\/100889"}],"wp:attachment":[{"href":"https:\/\/e.kosmolat.eu\/lt\/wp-json\/wp\/v2\/media?parent=58693"}],"wp:term":[{"taxonomy":"product_cat","embeddable":true,"href":"https:\/\/e.kosmolat.eu\/lt\/wp-json\/wp\/v2\/product_cat?post=58693"},{"taxonomy":"product_tag","embeddable":true,"href":"https:\/\/e.kosmolat.eu\/lt\/wp-json\/wp\/v2\/product_tag?post=58693"}],"curies":[{"name":"wp","href":"https:\/\/api.w.org\/{rel}","templated":true}]}}