{"id":58653,"date":"2024-11-09T05:02:43","date_gmt":"2024-11-09T05:02:43","guid":{"rendered":"https:\/\/e.kosmolat.eu\/product\/dentogin-zobu-pulveris-ipasais-piparm-apels-75-g\/"},"modified":"2026-04-09T07:48:10","modified_gmt":"2026-04-09T07:48:10","slug":"dentogin-zobu-pulveris-ipasais-piparm-apels-75-g","status":"publish","type":"product","link":"https:\/\/e.kosmolat.eu\/lt\/produktas\/dentogin-zobu-pulveris-ipasais-piparm-apels-75-g\/","title":{"rendered":"DENTOGIN Special Dant\u0173 valymo milteliai M\u0117ta+ Apelsinas, 75 g"},"content":{"rendered":"<p>Pa\u0161alina apna\u0161as, gaivina burnos kvap\u0105 ir balina emal\u012f.  <\/p>\n<p>Naudojimo instrukcija: U\u017etepkite milteli\u0173 ant vandeniu sudr\u0117kinto dant\u0173 \u0161epet\u0117lio, nuvalykite dant\u0173 emal\u012f ir praskalaukite burn\u0105 vandeniu. Neprarykite! <\/p>\n<p>Kontraindikacijos: individualus netoleravimas produkto komponentams. Laikyti nuo +5 C iki +25 C temperat\u016broje, vengiant tiesiogini\u0173 saul\u0117s spinduli\u0173.  Laikyti vaikams nepasiekiamoje vietoje. <\/p>\n<p>Geriausias: 24 m\u0117nesiai nuo pagaminimo datos.<\/p>\n","protected":false},"excerpt":{"rendered":"<p>Pa\u0161alina apna\u0161as, gaivina burnos kvap\u0105 ir balina emal\u012f. Naudojimo instrukcija: U\u017etepkite milteli\u0173 ant vandeniu sudr\u0117kinto dant\u0173 \u0161epet\u0117lio, nuvalykite dant\u0173 emal\u012f ir praskalaukite burn\u0105 vandeniu. Neprarykite! Kontraindikacijos: individualus netoleravimas produkto komponentams. Laikyti nuo +5 C iki +25 C temperat\u016broje, vengiant tiesiogini\u0173 saul\u0117s spinduli\u0173. Laikyti vaikams nepasiekiamoje vietoje. Geriausias: 24 m\u0117nesiai nuo pagaminimo datos.<\/p>\n","protected":false},"featured_media":99686,"template":"","meta":[],"product_cat":[1777],"product_tag":[],"class_list":{"0":"post-58653","1":"product","2":"type-product","3":"status-publish","4":"has-post-thumbnail","6":"product_brand-naturpro_ua-lt","7":"product_cat-dantu-milteliai","9":"first","10":"instock","11":"taxable","12":"shipping-taxable","13":"product-type-simple"},"_links":{"self":[{"href":"https:\/\/e.kosmolat.eu\/lt\/wp-json\/wp\/v2\/product\/58653","targetHints":{"allow":["GET"]}}],"collection":[{"href":"https:\/\/e.kosmolat.eu\/lt\/wp-json\/wp\/v2\/product"}],"about":[{"href":"https:\/\/e.kosmolat.eu\/lt\/wp-json\/wp\/v2\/types\/product"}],"wp:featuredmedia":[{"embeddable":true,"href":"https:\/\/e.kosmolat.eu\/lt\/wp-json\/wp\/v2\/media\/99686"}],"wp:attachment":[{"href":"https:\/\/e.kosmolat.eu\/lt\/wp-json\/wp\/v2\/media?parent=58653"}],"wp:term":[{"taxonomy":"product_cat","embeddable":true,"href":"https:\/\/e.kosmolat.eu\/lt\/wp-json\/wp\/v2\/product_cat?post=58653"},{"taxonomy":"product_tag","embeddable":true,"href":"https:\/\/e.kosmolat.eu\/lt\/wp-json\/wp\/v2\/product_tag?post=58653"}],"curies":[{"name":"wp","href":"https:\/\/api.w.org\/{rel}","templated":true}]}}