{"id":58645,"date":"2024-11-09T05:02:29","date_gmt":"2024-11-09T05:02:29","guid":{"rendered":"https:\/\/e.kosmolat.eu\/product\/shik-elixir-mikst-kaju-kr-balz-pret-tulznam-un-plaisam-75-ml\/"},"modified":"2026-04-17T09:43:16","modified_gmt":"2026-04-17T09:43:16","slug":"shik-elixir-mikst-kaju-kr-balz-pret-tulznam-un-plaisam-75-ml","status":"publish","type":"product","link":"https:\/\/e.kosmolat.eu\/lt\/produktas\/shik-elixir-mikst-kaju-kr-balz-pret-tulznam-un-plaisam-75-ml\/","title":{"rendered":"SHIK ELIXIR Kremas-balzamas p\u0117doms nuo nuospaud\u0173 ir \u012ftr\u016bkim\u0173, 75 ml"},"content":{"rendered":"<p>P\u0117d\u0173 kremas-balzamas padeda susidoroti su dr\u0117gm\u0117s praradimo p\u0117d\u0173 ir kuln\u0173 odoje problema, apsaugo nuo i\u0161saus\u0117jimo ir \u012ftr\u016bkim\u0173, nuospaud\u0173 ir pritrynim\u0173  atsiradimo. Aktyv\u016bs kremo komponentai \u2013 pantenolis ir bisabololis \u2013 ramina, mink\u0161tina ir saugo od\u0105. Kremas taip pat turi kompleks\u0105 su karbamidu, trehaloze ir glicerinu, kuris suteikia intensyv\u0173 dr\u0117kinim\u0105. Taukmed\u017ei\u0173 sviestas pagreitina atsinaujinimo procesus, neleid\u017eia i\u0161saus\u0117ti ir \u0161erpetoti. Maitinamasis kremas yra lengvos, malonios konsistencijos ir suteikia greit\u0105 poveik\u012f. Puikiai tinka sausos p\u0117d\u0173 odos dr\u0117kinimui.<\/p>\n<p>Naudojimas: nedidel\u012f kiek\u012f kremo u\u017etepkite ant \u0161varios, sausos p\u0117d\u0173 odos lengvais masa\u017eo judesiais.<\/p>\n<p>Atsargumo priemon\u0117s: tik i\u0161oriniam naudojimui. Patekus \u012f akis, gerai nuplauti dideliu kiekiu tekan\u010dio vandens.<\/p>\n<p>Geriausias: 36 m\u0117n. nuo pagaminimo datos.<\/p>\n<p>Laikymo s\u0105lygos: laikyti nuo +5\u00b0C iki +25\u00b0C temperat\u016broje, apsaugotoje nuo saul\u0117s spinduli\u0173.<\/p>\n","protected":false},"excerpt":{"rendered":"<p>P\u0117d\u0173 kremas-balzamas padeda susidoroti su dr\u0117gm\u0117s praradimo p\u0117d\u0173 ir kuln\u0173 odoje problema, apsaugo nuo i\u0161saus\u0117jimo ir \u012ftr\u016bkim\u0173, nuospaud\u0173 ir pritrynim\u0173 atsiradimo. Aktyv\u016bs kremo komponentai \u2013 pantenolis ir bisabololis \u2013 ramina, mink\u0161tina ir saugo od\u0105. Kremas taip pat turi kompleks\u0105 su karbamidu, trehaloze ir glicerinu, kuris suteikia intensyv\u0173 dr\u0117kinim\u0105. Taukmed\u017ei\u0173 sviestas pagreitina atsinaujinimo procesus, neleid\u017eia i\u0161saus\u0117ti [&#8230;]\n","protected":false},"featured_media":106960,"template":"","meta":[],"product_cat":[2181],"product_tag":[],"class_list":{"0":"post-58645","1":"product","2":"type-product","3":"status-publish","4":"has-post-thumbnail","6":"product_brand-slobozanskij-milovar_ua-lt","7":"product_cat-bez-kategorijas-lt","9":"first","10":"instock","11":"taxable","12":"shipping-taxable","13":"product-type-simple"},"_links":{"self":[{"href":"https:\/\/e.kosmolat.eu\/lt\/wp-json\/wp\/v2\/product\/58645","targetHints":{"allow":["GET"]}}],"collection":[{"href":"https:\/\/e.kosmolat.eu\/lt\/wp-json\/wp\/v2\/product"}],"about":[{"href":"https:\/\/e.kosmolat.eu\/lt\/wp-json\/wp\/v2\/types\/product"}],"wp:featuredmedia":[{"embeddable":true,"href":"https:\/\/e.kosmolat.eu\/lt\/wp-json\/wp\/v2\/media\/106960"}],"wp:attachment":[{"href":"https:\/\/e.kosmolat.eu\/lt\/wp-json\/wp\/v2\/media?parent=58645"}],"wp:term":[{"taxonomy":"product_cat","embeddable":true,"href":"https:\/\/e.kosmolat.eu\/lt\/wp-json\/wp\/v2\/product_cat?post=58645"},{"taxonomy":"product_tag","embeddable":true,"href":"https:\/\/e.kosmolat.eu\/lt\/wp-json\/wp\/v2\/product_tag?post=58645"}],"curies":[{"name":"wp","href":"https:\/\/api.w.org\/{rel}","templated":true}]}}