{"id":58637,"date":"2024-11-09T05:02:12","date_gmt":"2024-11-09T05:02:12","guid":{"rendered":"https:\/\/e.kosmolat.eu\/product\/doris-hyaluronic-acid-auduma-sejas-maska-25-ml\/"},"modified":"2025-08-14T13:15:11","modified_gmt":"2025-08-14T13:15:11","slug":"i_doris-hyaluronic-acid-auduma-sejas-maska-25-ml","status":"publish","type":"product","link":"https:\/\/e.kosmolat.eu\/lt\/produktas\/i_doris-hyaluronic-acid-auduma-sejas-maska-25-ml\/","title":{"rendered":"I_DORIS Hyaluronic Acid Real Essence Lak\u0161tin\u0117 veido kauk\u0117, 25 ml"},"content":{"rendered":"<p>Lak\u0161tin\u0117 veido kauk\u0117 su hialurono r\u016bg\u0161timi u\u017etikrina epidermio l\u0105steli\u0173 dr\u0117kinim\u0105 ir aktyvina j\u0173 barjerines funkcijas, i\u0161lygina mikroreljef\u0105 ir neleid\u017eia atsirasti su am\u017eiumi susijusiems poky\u010diams. Oda tampa aksomin\u0117 ir elastinga.<\/p>\n<p>Naudojimas: naudokite ant \u0161varios ir sausos veido odos. Atidarykite pakuot\u0119 ir atsargiai u\u017ed\u0117kite kauk\u0119 ant veido. Palikite kauk\u0119 15-20 minu\u010di\u0173, tada atsargiai nuimkite. Likusi\u0105 kauk\u0119 lengvais judesiais \u012fmasa\u017euokite \u012f od\u0105. Kauk\u0117 skirta vienkartiniam naudojimui.<\/p>\n<p>Atsargumo priemon\u0117s: Jei atsiranda b\u0117rimas, patinimas, nie\u017eulys ar dirginimas, nustokite naudoti kauk\u0119 ir kreipkit\u0117s \u012f dermatolog\u0105. Patekus \u012f akis, kruop\u0161\u010diai nuplaukite vandeniu.<\/p>\n<p>Laikyti vaikams nepasiekiamoje vietoje, apsaugotoje nuo tiesiogini\u0173 saul\u0117s spinduli\u0173 ir \u0161ilumos \u0161altini\u0173, nuo +5 \u00b0C iki +25 \u00b0C temperat\u016broje.<\/p>\n","protected":false},"excerpt":{"rendered":"<p>Lak\u0161tin\u0117 veido kauk\u0117 su hialurono r\u016bg\u0161timi u\u017etikrina epidermio l\u0105steli\u0173 dr\u0117kinim\u0105 ir aktyvina j\u0173 barjerines funkcijas, i\u0161lygina mikroreljef\u0105 ir neleid\u017eia atsirasti su am\u017eiumi susijusiems poky\u010diams. Oda tampa aksomin\u0117 ir elastinga. Naudojimas: naudokite ant \u0161varios ir sausos veido odos. Atidarykite pakuot\u0119 ir atsargiai u\u017ed\u0117kite kauk\u0119 ant veido. Palikite kauk\u0119 15-20 minu\u010di\u0173, tada atsargiai nuimkite. Likusi\u0105 kauk\u0119 lengvais [&#8230;]\n","protected":false},"featured_media":58639,"template":"","meta":[],"product_cat":[1369],"product_tag":[],"class_list":{"0":"post-58637","1":"product","2":"type-product","3":"status-publish","4":"has-post-thumbnail","6":"product_brand-replay_kr-lt","7":"product_cat-veido-kaukes","9":"first","10":"outofstock","11":"taxable","12":"shipping-taxable","13":"product-type-simple"},"_links":{"self":[{"href":"https:\/\/e.kosmolat.eu\/lt\/wp-json\/wp\/v2\/product\/58637","targetHints":{"allow":["GET"]}}],"collection":[{"href":"https:\/\/e.kosmolat.eu\/lt\/wp-json\/wp\/v2\/product"}],"about":[{"href":"https:\/\/e.kosmolat.eu\/lt\/wp-json\/wp\/v2\/types\/product"}],"wp:featuredmedia":[{"embeddable":true,"href":"https:\/\/e.kosmolat.eu\/lt\/wp-json\/wp\/v2\/media\/58639"}],"wp:attachment":[{"href":"https:\/\/e.kosmolat.eu\/lt\/wp-json\/wp\/v2\/media?parent=58637"}],"wp:term":[{"taxonomy":"product_cat","embeddable":true,"href":"https:\/\/e.kosmolat.eu\/lt\/wp-json\/wp\/v2\/product_cat?post=58637"},{"taxonomy":"product_tag","embeddable":true,"href":"https:\/\/e.kosmolat.eu\/lt\/wp-json\/wp\/v2\/product_tag?post=58637"}],"curies":[{"name":"wp","href":"https:\/\/api.w.org\/{rel}","templated":true}]}}