{"id":58625,"date":"2024-11-07T05:02:27","date_gmt":"2024-11-07T05:02:27","guid":{"rendered":"https:\/\/e.kosmolat.eu\/product\/%d0%bas%d0%b5%d0%bc-iaeu%d0%b7a%d0%bc-%d0%be%d1%82-%d1%82sg%d1%89c%d0%bd-ae%d1%8f-%d1%81%d1%82%d0%be%d0%bf\/"},"modified":"2026-04-01T12:27:53","modified_gmt":"2026-04-01T12:27:53","slug":"hc-kr-balz-pret-pedu-plaisam-ar-japanas-soforas-ekstraktu-10-g-5","status":"publish","type":"product","link":"https:\/\/e.kosmolat.eu\/lt\/produktas\/hc-kr-balz-pret-pedu-plaisam-ar-japanas-soforas-ekstraktu-10-g-5\/","title":{"rendered":"HEALER COSMETICS Kremas-balzamas \u012ftr\u016bkusioms p\u0117doms su Sophora japonica ekstraktu, 10 g \u013b 5%"},"content":{"rendered":"<p>Nat\u016brali\u0173 ingredient\u0173 pagrindu. Kremas-balzamas padeda su\u0161velninti \u0161iurk\u0161\u010di\u0105 od\u0105, saugo nuo mikro\u012ftr\u016bkim\u0173 atsiradimo, normalizuoja epidermio elastingum\u0105 ir stangrum\u0105. <\/p>\n<p>Sud\u0117tyje yra vitamino A. Prie\u0161 vartojim\u0105 b\u016btina atsi\u017evelgti \u012f paros norm\u0105.<\/p>\n<p>Naudojimas: tepkite krem\u0105-balzam\u0105 ant nuplaut\u0173 p\u0117d\u0173 ir \u012ftrinkite p\u0117d\u0173 vietas, kuriose yra \u0161iurk\u0161ti ar \u012fskilusi oda.<br \/>\nN\u0117ra vaistas.<\/p>\n<p>Laikymo s\u0105lygos: laikyti sausoje vietoje nuo 0\u00b0C iki +25\u00b0C temperat\u016broje.<\/p>\n<p>Geriausias  3 metai nuo pagaminimo datos<\/p>\n","protected":false},"excerpt":{"rendered":"<p>Nat\u016brali\u0173 ingredient\u0173 pagrindu. Kremas-balzamas padeda su\u0161velninti \u0161iurk\u0161\u010di\u0105 od\u0105, saugo nuo mikro\u012ftr\u016bkim\u0173 atsiradimo, normalizuoja epidermio elastingum\u0105 ir stangrum\u0105. Sud\u0117tyje yra vitamino A. Prie\u0161 vartojim\u0105 b\u016btina atsi\u017evelgti \u012f paros norm\u0105. Naudojimas: tepkite krem\u0105-balzam\u0105 ant nuplaut\u0173 p\u0117d\u0173 ir \u012ftrinkite p\u0117d\u0173 vietas, kuriose yra \u0161iurk\u0161ti ar \u012fskilusi oda. N\u0117ra vaistas. Laikymo s\u0105lygos: laikyti sausoje vietoje nuo 0\u00b0C iki +25\u00b0C [&#8230;]\n","protected":false},"featured_media":102190,"template":"","meta":[],"product_cat":[1763],"product_tag":[],"class_list":{"0":"post-58625","1":"product","2":"type-product","3":"status-publish","4":"has-post-thumbnail","6":"product_brand-healer-cosmetics_ua-lt","7":"product_cat-koju-prieziuros-kosmetika","9":"first","10":"instock","11":"taxable","12":"shipping-taxable","13":"product-type-simple"},"_links":{"self":[{"href":"https:\/\/e.kosmolat.eu\/lt\/wp-json\/wp\/v2\/product\/58625","targetHints":{"allow":["GET"]}}],"collection":[{"href":"https:\/\/e.kosmolat.eu\/lt\/wp-json\/wp\/v2\/product"}],"about":[{"href":"https:\/\/e.kosmolat.eu\/lt\/wp-json\/wp\/v2\/types\/product"}],"wp:featuredmedia":[{"embeddable":true,"href":"https:\/\/e.kosmolat.eu\/lt\/wp-json\/wp\/v2\/media\/102190"}],"wp:attachment":[{"href":"https:\/\/e.kosmolat.eu\/lt\/wp-json\/wp\/v2\/media?parent=58625"}],"wp:term":[{"taxonomy":"product_cat","embeddable":true,"href":"https:\/\/e.kosmolat.eu\/lt\/wp-json\/wp\/v2\/product_cat?post=58625"},{"taxonomy":"product_tag","embeddable":true,"href":"https:\/\/e.kosmolat.eu\/lt\/wp-json\/wp\/v2\/product_tag?post=58625"}],"curies":[{"name":"wp","href":"https:\/\/api.w.org\/{rel}","templated":true}]}}