{"id":58571,"date":"2024-11-05T07:50:28","date_gmt":"2024-11-05T07:50:28","guid":{"rendered":"https:\/\/e.kosmolat.eu\/?post_type=product&#038;p=58571"},"modified":"2026-04-23T07:46:50","modified_gmt":"2026-04-23T07:46:50","slug":"shik-renais-tualetes-kremziepes-olivu-125-g","status":"publish","type":"product","link":"https:\/\/e.kosmolat.eu\/lt\/produktas\/shik-renais-tualetes-kremziepes-olivu-125-g\/","title":{"rendered":"SHIK RENAISSANCE Tualetinis muilas-kremas Alyvuoges, 125 g"},"content":{"rendered":"<p>Subtilus ylang ylang aromatas su lengvu alyvuogi\u0173 \u0161velnumu.<\/p>\n<p><strong>Saugojimas: <\/strong>laikyti sausose, u\u017edengtose, gerai v\u0117dinamose patalpose.<\/p>\n<p><strong>Atsargumo priemon\u0117s:<\/strong> Patekus \u012f akis, kruop\u0161\u010diai nuplaukite tekan\u010diu vandeniu.<\/p>\n<p>Tinkamumo laikas:<strong> 5 metai nuo pagaminimo datos.<\/strong><br \/>\n&nbsp;<\/p>\n","protected":false},"excerpt":{"rendered":"<p>Subtilus ylang ylang aromatas su lengvu alyvuogi\u0173 \u0161velnumu. Saugojimas: laikyti sausose, u\u017edengtose, gerai v\u0117dinamose patalpose. Atsargumo priemon\u0117s: Patekus \u012f akis, kruop\u0161\u010diai nuplaukite tekan\u010diu vandeniu. Tinkamumo laikas: 5 metai nuo pagaminimo datos. &nbsp;<\/p>\n","protected":false},"featured_media":98522,"template":"","meta":[],"product_cat":[1751],"product_tag":[],"class_list":{"0":"post-58571","1":"product","2":"type-product","3":"status-publish","4":"has-post-thumbnail","6":"product_brand-slobozanskij-milovar_ua-lt","7":"product_cat-kosmetinis-muilas","9":"first","10":"instock","11":"taxable","12":"shipping-taxable","13":"product-type-simple"},"_links":{"self":[{"href":"https:\/\/e.kosmolat.eu\/lt\/wp-json\/wp\/v2\/product\/58571","targetHints":{"allow":["GET"]}}],"collection":[{"href":"https:\/\/e.kosmolat.eu\/lt\/wp-json\/wp\/v2\/product"}],"about":[{"href":"https:\/\/e.kosmolat.eu\/lt\/wp-json\/wp\/v2\/types\/product"}],"wp:featuredmedia":[{"embeddable":true,"href":"https:\/\/e.kosmolat.eu\/lt\/wp-json\/wp\/v2\/media\/98522"}],"wp:attachment":[{"href":"https:\/\/e.kosmolat.eu\/lt\/wp-json\/wp\/v2\/media?parent=58571"}],"wp:term":[{"taxonomy":"product_cat","embeddable":true,"href":"https:\/\/e.kosmolat.eu\/lt\/wp-json\/wp\/v2\/product_cat?post=58571"},{"taxonomy":"product_tag","embeddable":true,"href":"https:\/\/e.kosmolat.eu\/lt\/wp-json\/wp\/v2\/product_tag?post=58571"}],"curies":[{"name":"wp","href":"https:\/\/api.w.org\/{rel}","templated":true}]}}