{"id":58566,"date":"2024-11-04T14:20:35","date_gmt":"2024-11-04T14:20:35","guid":{"rendered":"https:\/\/e.kosmolat.eu\/?post_type=product&#038;p=58566"},"modified":"2026-04-22T13:20:20","modified_gmt":"2026-04-22T13:20:20","slug":"shik-renais-tualetes-kremziepes-zalais-abols-125-g","status":"publish","type":"product","link":"https:\/\/e.kosmolat.eu\/lt\/produktas\/shik-renais-tualetes-kremziepes-zalais-abols-125-g\/","title":{"rendered":"SHIK RENAISSANCE Tualetinis muilas-kremas Zalias obuolys, 125 g"},"content":{"rendered":"<p>Subtilus obuoli\u0173 aromatas su medienos sandalmed\u017eio kvapu.<\/p>\n<p>Saugojimas: laikyti sausose, u\u017edengtose, gerai v\u0117dinamose patalpose.<\/p>\n<p>Atsargumo priemon\u0117s: Patekus \u012f akis, kruop\u0161\u010diai nuplaukite tekan\u010diu vandeniu.<\/p>\n<p>Tinkamumo laikas: 5 metai nuo pagaminimo datos.<\/p>\n","protected":false},"excerpt":{"rendered":"<p>Subtilus obuoli\u0173 aromatas su medienos sandalmed\u017eio kvapu. Saugojimas: laikyti sausose, u\u017edengtose, gerai v\u0117dinamose patalpose. Atsargumo priemon\u0117s: Patekus \u012f akis, kruop\u0161\u010diai nuplaukite tekan\u010diu vandeniu. Tinkamumo laikas: 5 metai nuo pagaminimo datos.<\/p>\n","protected":false},"featured_media":98723,"template":"","meta":[],"product_cat":[2181],"product_tag":[],"class_list":{"0":"post-58566","1":"product","2":"type-product","3":"status-publish","4":"has-post-thumbnail","6":"product_brand-slobozanskij-milovar_ua-lt","7":"product_cat-bez-kategorijas-lt","9":"first","10":"instock","11":"taxable","12":"shipping-taxable","13":"product-type-simple"},"_links":{"self":[{"href":"https:\/\/e.kosmolat.eu\/lt\/wp-json\/wp\/v2\/product\/58566","targetHints":{"allow":["GET"]}}],"collection":[{"href":"https:\/\/e.kosmolat.eu\/lt\/wp-json\/wp\/v2\/product"}],"about":[{"href":"https:\/\/e.kosmolat.eu\/lt\/wp-json\/wp\/v2\/types\/product"}],"wp:featuredmedia":[{"embeddable":true,"href":"https:\/\/e.kosmolat.eu\/lt\/wp-json\/wp\/v2\/media\/98723"}],"wp:attachment":[{"href":"https:\/\/e.kosmolat.eu\/lt\/wp-json\/wp\/v2\/media?parent=58566"}],"wp:term":[{"taxonomy":"product_cat","embeddable":true,"href":"https:\/\/e.kosmolat.eu\/lt\/wp-json\/wp\/v2\/product_cat?post=58566"},{"taxonomy":"product_tag","embeddable":true,"href":"https:\/\/e.kosmolat.eu\/lt\/wp-json\/wp\/v2\/product_tag?post=58566"}],"curies":[{"name":"wp","href":"https:\/\/api.w.org\/{rel}","templated":true}]}}