{"id":58545,"date":"2024-11-04T08:36:23","date_gmt":"2024-11-04T08:36:23","guid":{"rendered":"https:\/\/e.kosmolat.eu\/?post_type=product&#038;p=58545"},"modified":"2025-05-08T05:44:21","modified_gmt":"2025-05-08T05:44:21","slug":"i_verpia-red-ginseng-auduma-sejas-maska-ar-ar-sark-zens-ekstraktu-20-ml-x-1","status":"publish","type":"product","link":"https:\/\/e.kosmolat.eu\/lt\/produktas\/i_verpia-red-ginseng-auduma-sejas-maska-ar-ar-sark-zens-ekstraktu-20-ml-x-1\/","title":{"rendered":"I_VERPIA Red Ginseng Lak\u0161tin\u0117 veido kauk\u0117 su rodonojo \u017een\u0161enio ekstraktu, 20 ml x 1"},"content":{"rendered":"<p>Apsaugo ir ramina jautri\u0105 od\u0105, padidina dr\u0117gm\u0117s lyg\u012f dehidratuotoje ir sausoje odoje, paliekant j\u0105 hidratuot\u0105 ir \u0161vari\u0105.<\/p>\n<p>Naudojimas: Nuvalykite ir nusausinkite veido od\u0105. Atidarykite pakuot\u0119 ir \u0161velniai u\u017ed\u0117kite kauk\u0119 ant veido, vengdami srities aplink akis ir l\u016bpas. Palikite kauk\u0119 20-30 minu\u010di\u0173, tada atsargiai nuimkite. Lengvai \u012fmasa\u017euokite likusi\u0105 esencij\u0105. Kauk\u0117 skirta vienkartiniam naudojimui.<\/p>\n<p>Laikyti vaikams nepasiekiamoje vietoje, apsaugotoje nuo tiesiogini\u0173 saul\u0117s spinduli\u0173 ir \u0161ilumos \u0161altini\u0173, nuo +5 \u00b0C iki +25 \u00b0C temperat\u016broje.<\/p>\n","protected":false},"excerpt":{"rendered":"<p>Apsaugo ir ramina jautri\u0105 od\u0105, padidina dr\u0117gm\u0117s lyg\u012f dehidratuotoje ir sausoje odoje, paliekant j\u0105 hidratuot\u0105 ir \u0161vari\u0105. Naudojimas: Nuvalykite ir nusausinkite veido od\u0105. Atidarykite pakuot\u0119 ir \u0161velniai u\u017ed\u0117kite kauk\u0119 ant veido, vengdami srities aplink akis ir l\u016bpas. Palikite kauk\u0119 20-30 minu\u010di\u0173, tada atsargiai nuimkite. Lengvai \u012fmasa\u017euokite likusi\u0105 esencij\u0105. Kauk\u0117 skirta vienkartiniam naudojimui. Laikyti vaikams nepasiekiamoje [&#8230;]\n","protected":false},"featured_media":58551,"template":"","meta":[],"product_cat":[1369],"product_tag":[],"class_list":{"0":"post-58545","1":"product","2":"type-product","3":"status-publish","4":"has-post-thumbnail","6":"product_brand-replay_kr-lt","7":"product_cat-veido-kaukes","9":"first","10":"outofstock","11":"taxable","12":"shipping-taxable","13":"product-type-simple"},"_links":{"self":[{"href":"https:\/\/e.kosmolat.eu\/lt\/wp-json\/wp\/v2\/product\/58545","targetHints":{"allow":["GET"]}}],"collection":[{"href":"https:\/\/e.kosmolat.eu\/lt\/wp-json\/wp\/v2\/product"}],"about":[{"href":"https:\/\/e.kosmolat.eu\/lt\/wp-json\/wp\/v2\/types\/product"}],"wp:featuredmedia":[{"embeddable":true,"href":"https:\/\/e.kosmolat.eu\/lt\/wp-json\/wp\/v2\/media\/58551"}],"wp:attachment":[{"href":"https:\/\/e.kosmolat.eu\/lt\/wp-json\/wp\/v2\/media?parent=58545"}],"wp:term":[{"taxonomy":"product_cat","embeddable":true,"href":"https:\/\/e.kosmolat.eu\/lt\/wp-json\/wp\/v2\/product_cat?post=58545"},{"taxonomy":"product_tag","embeddable":true,"href":"https:\/\/e.kosmolat.eu\/lt\/wp-json\/wp\/v2\/product_tag?post=58545"}],"curies":[{"name":"wp","href":"https:\/\/api.w.org\/{rel}","templated":true}]}}