{"id":58501,"date":"2024-11-01T08:07:07","date_gmt":"2024-11-01T08:07:07","guid":{"rendered":"https:\/\/e.kosmolat.eu\/product\/the-doctor-hc-dabigs-juras-sals-vannam-500-g\/"},"modified":"2026-04-23T11:43:18","modified_gmt":"2026-04-23T11:43:18","slug":"the-doctor-hc-dabigs-juras-sals-vannam-500-g","status":"publish","type":"product","link":"https:\/\/e.kosmolat.eu\/lt\/produktas\/the-doctor-hc-dabigs-juras-sals-vannam-500-g\/","title":{"rendered":"THE DOCTOR HEALTH &#038; CARE Vonios druska nat\u016brali, 500 g"},"content":{"rendered":"<p>Reguliarus vonios naudojimas su nat\u016bralia j\u016bros druska turi atkuriam\u0105j\u012f ir tonizuojant\u012f poveik\u012f visam k\u016bnui.<\/p>\n<ul>\n<li>J\u016bros druskoje yra didel\u0117 mikro ir makro element\u0173 koncentracija, reikalingos sveikai odos b\u016bklei palaikyti:<\/li>\n<li>Kalis ir natris &ndash; reguliuoja dr\u0117gm\u0117s lyg\u012f odos l\u0105stel\u0117se;<\/li>\n<li>Kalcis &ndash; didina elastingum\u0105 ir stangrum\u0105;<\/li>\n<li>Magnis &ndash; l\u0117tina sen\u0117jimo procesus;<\/li>\n<li>Gele\u017eis &ndash; atkuria gyvybingum\u0105;<\/li>\n<li>Sulfato jonai &ndash; gerina odos spalv\u0105.<\/li>\n<\/ul>\n<p><strong>Naudojimas:<\/strong> 100 g druskos i\u0161tirpinkite \u0161iltame vandenyje. Norint gauti ry\u0161k\u0173 balneologin\u012f poveik\u012f, \u012f vien\u0105 voni\u0105 \u012fpilkite iki 500 g druskos. Kasdien arba kas antr\u0105 dien\u0105 15-20 minu\u010di\u0173 maudykit\u0117s iki 35-39&deg;C vandens temperat\u016bros, po to od\u0105 nuplaukite \u0161variu vandeniu. Rekomenduojama 10-15 proced\u016br\u0173.<\/p>\n<p><strong>Atsargumo priemon\u0117s:<\/strong> Vengti patekimo \u012f akis. Patekus, nedelsiant nuplaukite vandeniu. Nevartoti maistui. Galimas padid\u0117j\u0119s individualus jautrumas atskiriems komponentams.<\/p>\n<p>Laikyti nuo +5 &deg;C iki +25 &deg;C temperat\u016broje.<br \/>\n&nbsp;<\/p>\n","protected":false},"excerpt":{"rendered":"<p>Reguliarus vonios naudojimas su nat\u016bralia j\u016bros druska turi atkuriam\u0105j\u012f ir tonizuojant\u012f poveik\u012f visam k\u016bnui. J\u016bros druskoje yra didel\u0117 mikro ir makro element\u0173 koncentracija, reikalingos sveikai odos b\u016bklei palaikyti: Kalis ir natris &ndash; reguliuoja dr\u0117gm\u0117s lyg\u012f odos l\u0105stel\u0117se; Kalcis &ndash; didina elastingum\u0105 ir stangrum\u0105; Magnis &ndash; l\u0117tina sen\u0117jimo procesus; Gele\u017eis &ndash; atkuria gyvybingum\u0105; Sulfato jonai &ndash; [&#8230;]\n","protected":false},"featured_media":79702,"template":"","meta":[],"product_cat":[1612],"product_tag":[],"class_list":{"0":"post-58501","1":"product","2":"type-product","3":"status-publish","4":"has-post-thumbnail","6":"product_brand-elfa_ua-lt","7":"product_cat-putos-druska-vonios-bombos","9":"first","10":"instock","11":"taxable","12":"shipping-taxable","13":"product-type-simple"},"_links":{"self":[{"href":"https:\/\/e.kosmolat.eu\/lt\/wp-json\/wp\/v2\/product\/58501","targetHints":{"allow":["GET"]}}],"collection":[{"href":"https:\/\/e.kosmolat.eu\/lt\/wp-json\/wp\/v2\/product"}],"about":[{"href":"https:\/\/e.kosmolat.eu\/lt\/wp-json\/wp\/v2\/types\/product"}],"wp:featuredmedia":[{"embeddable":true,"href":"https:\/\/e.kosmolat.eu\/lt\/wp-json\/wp\/v2\/media\/79702"}],"wp:attachment":[{"href":"https:\/\/e.kosmolat.eu\/lt\/wp-json\/wp\/v2\/media?parent=58501"}],"wp:term":[{"taxonomy":"product_cat","embeddable":true,"href":"https:\/\/e.kosmolat.eu\/lt\/wp-json\/wp\/v2\/product_cat?post=58501"},{"taxonomy":"product_tag","embeddable":true,"href":"https:\/\/e.kosmolat.eu\/lt\/wp-json\/wp\/v2\/product_tag?post=58501"}],"curies":[{"name":"wp","href":"https:\/\/api.w.org\/{rel}","templated":true}]}}