{"id":58493,"date":"2024-11-01T07:35:05","date_gmt":"2024-11-01T07:35:05","guid":{"rendered":"https:\/\/e.kosmolat.eu\/product\/za-kaju-krems-pret-varzacim-un-pedu-sacietejumiem-75-ml\/"},"modified":"2026-05-08T21:42:02","modified_gmt":"2026-05-08T21:42:02","slug":"i_gp-krems-raupjai-pedu-adas-kopsanai-75-ml","status":"publish","type":"product","link":"https:\/\/e.kosmolat.eu\/lt\/produktas\/i_gp-krems-raupjai-pedu-adas-kopsanai-75-ml\/","title":{"rendered":"I_GREEN PHARMACY Koj\u0173 kremas Nuo nuospaud\u0173, 75ml"},"content":{"rendered":"<p>Sud\u0117tyje yra alfa hidroksi r\u016bg\u0161\u010di\u0173, kedr\u0173 aliejaus ir 10% karbamido.<\/p>\n<p>Naudojimas: tepkite krem\u0105 ant \u0161varios, sausos p\u0117d\u0173 odos ir masa\u017euokite. <\/p>\n<p>Atsargumo priemon\u0117s: padid\u0117j\u0119s individualus jautrumas atskiriems komponentams.<br \/>\nLaikymo temperat\u016bra: laikyti nuo +5\u00b0C iki +25\u00b0C temperat\u016broje.<br \/>\nGeriausias: 30 m\u0117nesi\u0173 nuo pagaminimo datos.<\/p>\n","protected":false},"excerpt":{"rendered":"<p>Sud\u0117tyje yra alfa hidroksi r\u016bg\u0161\u010di\u0173, kedr\u0173 aliejaus ir 10% karbamido. Naudojimas: tepkite krem\u0105 ant \u0161varios, sausos p\u0117d\u0173 odos ir masa\u017euokite. Atsargumo priemon\u0117s: padid\u0117j\u0119s individualus jautrumas atskiriems komponentams. Laikymo temperat\u016bra: laikyti nuo +5\u00b0C iki +25\u00b0C temperat\u016broje. Geriausias: 30 m\u0117nesi\u0173 nuo pagaminimo datos.<\/p>\n","protected":false},"featured_media":79598,"template":"","meta":[],"product_cat":[1763],"product_tag":[],"class_list":{"0":"post-58493","1":"product","2":"type-product","3":"status-publish","4":"has-post-thumbnail","6":"product_brand-elfa_ua-lt","7":"product_cat-koju-prieziuros-kosmetika","9":"first","10":"instock","11":"taxable","12":"shipping-taxable","13":"product-type-simple"},"_links":{"self":[{"href":"https:\/\/e.kosmolat.eu\/lt\/wp-json\/wp\/v2\/product\/58493","targetHints":{"allow":["GET"]}}],"collection":[{"href":"https:\/\/e.kosmolat.eu\/lt\/wp-json\/wp\/v2\/product"}],"about":[{"href":"https:\/\/e.kosmolat.eu\/lt\/wp-json\/wp\/v2\/types\/product"}],"wp:featuredmedia":[{"embeddable":true,"href":"https:\/\/e.kosmolat.eu\/lt\/wp-json\/wp\/v2\/media\/79598"}],"wp:attachment":[{"href":"https:\/\/e.kosmolat.eu\/lt\/wp-json\/wp\/v2\/media?parent=58493"}],"wp:term":[{"taxonomy":"product_cat","embeddable":true,"href":"https:\/\/e.kosmolat.eu\/lt\/wp-json\/wp\/v2\/product_cat?post=58493"},{"taxonomy":"product_tag","embeddable":true,"href":"https:\/\/e.kosmolat.eu\/lt\/wp-json\/wp\/v2\/product_tag?post=58493"}],"curies":[{"name":"wp","href":"https:\/\/api.w.org\/{rel}","templated":true}]}}