{"id":58481,"date":"2024-10-31T05:01:04","date_gmt":"2024-10-31T05:01:04","guid":{"rendered":"https:\/\/e.kosmolat.eu\/product\/bespoke-parfim-kerm-sprejs-siev-bergamote-muskusroze-140-ml\/"},"modified":"2026-03-02T14:06:11","modified_gmt":"2026-03-02T14:06:11","slug":"tester-parfim-kerm-sprejs-siev-bergamote-muskusroze-140-ml","status":"publish","type":"product","link":"https:\/\/e.kosmolat.eu\/lt\/produktas\/tester-parfim-kerm-sprejs-siev-bergamote-muskusroze-140-ml\/","title":{"rendered":"BESPOKE Parfumuotas k\u016bno pur\u0161kiklis moterims Bergamot &#038; Musk Rose, 140 ml"},"content":{"rendered":"<p>Naudojimas: Tik i\u0161oriniam naudojimui. Purk\u0161ti 15 cm atstumu nuo k\u016bno. Vengti patekimo \u012f akis. Laikyti vaikams nepasiekiamoje vietoje. Netepti ant sudirgusios ar pa\u017eeistos odos.<\/p>\n","protected":false},"excerpt":{"rendered":"<p>Naudojimas: Tik i\u0161oriniam naudojimui. Purk\u0161ti 15 cm atstumu nuo k\u016bno. Vengti patekimo \u012f akis. Laikyti vaikams nepasiekiamoje vietoje. Netepti ant sudirgusios ar pa\u017eeistos odos.<\/p>\n","protected":false},"featured_media":103167,"template":"","meta":[],"product_cat":[1378],"product_tag":[],"class_list":{"0":"post-58481","1":"product","2":"type-product","3":"status-publish","4":"has-post-thumbnail","6":"product_brand-incos_gb-lt","7":"product_cat-purskikliai-kunui","9":"first","10":"instock","11":"taxable","12":"shipping-taxable","13":"product-type-simple"},"_links":{"self":[{"href":"https:\/\/e.kosmolat.eu\/lt\/wp-json\/wp\/v2\/product\/58481","targetHints":{"allow":["GET"]}}],"collection":[{"href":"https:\/\/e.kosmolat.eu\/lt\/wp-json\/wp\/v2\/product"}],"about":[{"href":"https:\/\/e.kosmolat.eu\/lt\/wp-json\/wp\/v2\/types\/product"}],"wp:featuredmedia":[{"embeddable":true,"href":"https:\/\/e.kosmolat.eu\/lt\/wp-json\/wp\/v2\/media\/103167"}],"wp:attachment":[{"href":"https:\/\/e.kosmolat.eu\/lt\/wp-json\/wp\/v2\/media?parent=58481"}],"wp:term":[{"taxonomy":"product_cat","embeddable":true,"href":"https:\/\/e.kosmolat.eu\/lt\/wp-json\/wp\/v2\/product_cat?post=58481"},{"taxonomy":"product_tag","embeddable":true,"href":"https:\/\/e.kosmolat.eu\/lt\/wp-json\/wp\/v2\/product_tag?post=58481"}],"curies":[{"name":"wp","href":"https:\/\/api.w.org\/{rel}","templated":true}]}}