{"id":58477,"date":"2024-10-30T13:20:31","date_gmt":"2024-10-30T13:20:31","guid":{"rendered":"https:\/\/e.kosmolat.eu\/product\/miss-so-starlet-edp-parfim-udens-50-ml\/"},"modified":"2025-02-06T05:52:35","modified_gmt":"2025-02-06T05:52:35","slug":"miss-so-starlet-edp-parfim-udens-50-ml","status":"publish","type":"product","link":"https:\/\/e.kosmolat.eu\/lt\/produktas\/miss-so-starlet-edp-parfim-udens-50-ml\/","title":{"rendered":"MISS SO&#8230;? Starlet EDP Parfumuotas vanduo White Musk &#038; Coconut, 50 ml"},"content":{"rendered":"<p>\u012eSP\u0116JIMAS: Degi, kol i\u0161d\u017eius. Nenaudokite \u0161alia ugnies, liepsnos ar \u0161ildymo element\u0173.<\/p>\n","protected":false},"excerpt":{"rendered":"<p>\u012eSP\u0116JIMAS: Degi, kol i\u0161d\u017eius. Nenaudokite \u0161alia ugnies, liepsnos ar \u0161ildymo element\u0173.<\/p>\n","protected":false},"featured_media":58539,"template":"","meta":[],"product_cat":[1447],"product_tag":[],"class_list":{"0":"post-58477","1":"product","2":"type-product","3":"status-publish","4":"has-post-thumbnail","6":"product_brand-incos_gb-lt","7":"product_cat-kvepalai-ir-tualetinis-vanduo-moterims","9":"first","10":"outofstock","11":"taxable","12":"shipping-taxable","13":"product-type-simple"},"_links":{"self":[{"href":"https:\/\/e.kosmolat.eu\/lt\/wp-json\/wp\/v2\/product\/58477","targetHints":{"allow":["GET"]}}],"collection":[{"href":"https:\/\/e.kosmolat.eu\/lt\/wp-json\/wp\/v2\/product"}],"about":[{"href":"https:\/\/e.kosmolat.eu\/lt\/wp-json\/wp\/v2\/types\/product"}],"wp:featuredmedia":[{"embeddable":true,"href":"https:\/\/e.kosmolat.eu\/lt\/wp-json\/wp\/v2\/media\/58539"}],"wp:attachment":[{"href":"https:\/\/e.kosmolat.eu\/lt\/wp-json\/wp\/v2\/media?parent=58477"}],"wp:term":[{"taxonomy":"product_cat","embeddable":true,"href":"https:\/\/e.kosmolat.eu\/lt\/wp-json\/wp\/v2\/product_cat?post=58477"},{"taxonomy":"product_tag","embeddable":true,"href":"https:\/\/e.kosmolat.eu\/lt\/wp-json\/wp\/v2\/product_tag?post=58477"}],"curies":[{"name":"wp","href":"https:\/\/api.w.org\/{rel}","templated":true}]}}