{"id":58443,"date":"2024-10-29T05:02:29","date_gmt":"2024-10-29T05:02:29","guid":{"rendered":"https:\/\/e.kosmolat.eu\/product\/bespoke-woman-spiced-pear-and-warm-amber-parfimerijas-udens-sievietem-100ml\/"},"modified":"2026-04-08T13:33:07","modified_gmt":"2026-04-08T13:33:07","slug":"bespoke-woman-spiced-pear-and-warm-amber-parfimerijas-udens-sievietem-100ml","status":"publish","type":"product","link":"https:\/\/e.kosmolat.eu\/lt\/produktas\/bespoke-woman-spiced-pear-and-warm-amber-parfimerijas-udens-sievietem-100ml\/","title":{"rendered":"BESPOKE LONDON WOMAN Spiced Pear &#038; Warm Amber kvapusis vanduo moterims 100 ml"},"content":{"rendered":"<p>BESPOKE LONDON WOMAN Spiced Pear &amp; Warm Amber kvapusis vanduo moterims 100 ml<\/p>\n<p>\u012eSP\u0116JIMAS: Degi, kol i\u0161garuoja. Nenaudokite \u0161alia ugnies, liepsnos ar \u0161ildymo element\u0173.<\/p>\n<p>DEGUS Skystis ir garai,&nbsp;<br \/>\n75 % t\u016brio.<br \/>\n&nbsp;<\/p>\n","protected":false},"excerpt":{"rendered":"<p>BESPOKE LONDON WOMAN Spiced Pear &amp; Warm Amber kvapusis vanduo moterims 100 ml \u012eSP\u0116JIMAS: Degi, kol i\u0161garuoja. Nenaudokite \u0161alia ugnies, liepsnos ar \u0161ildymo element\u0173. DEGUS Skystis ir garai,&nbsp; 75 % t\u016brio. &nbsp;<\/p>\n","protected":false},"featured_media":102817,"template":"","meta":[],"product_cat":[2181],"product_tag":[],"class_list":{"0":"post-58443","1":"product","2":"type-product","3":"status-publish","4":"has-post-thumbnail","6":"product_brand-incos_gb-lt","7":"product_cat-bez-kategorijas-lt","9":"first","10":"instock","11":"taxable","12":"shipping-taxable","13":"product-type-simple"},"_links":{"self":[{"href":"https:\/\/e.kosmolat.eu\/lt\/wp-json\/wp\/v2\/product\/58443","targetHints":{"allow":["GET"]}}],"collection":[{"href":"https:\/\/e.kosmolat.eu\/lt\/wp-json\/wp\/v2\/product"}],"about":[{"href":"https:\/\/e.kosmolat.eu\/lt\/wp-json\/wp\/v2\/types\/product"}],"wp:featuredmedia":[{"embeddable":true,"href":"https:\/\/e.kosmolat.eu\/lt\/wp-json\/wp\/v2\/media\/102817"}],"wp:attachment":[{"href":"https:\/\/e.kosmolat.eu\/lt\/wp-json\/wp\/v2\/media?parent=58443"}],"wp:term":[{"taxonomy":"product_cat","embeddable":true,"href":"https:\/\/e.kosmolat.eu\/lt\/wp-json\/wp\/v2\/product_cat?post=58443"},{"taxonomy":"product_tag","embeddable":true,"href":"https:\/\/e.kosmolat.eu\/lt\/wp-json\/wp\/v2\/product_tag?post=58443"}],"curies":[{"name":"wp","href":"https:\/\/api.w.org\/{rel}","templated":true}]}}