{"id":58419,"date":"2024-10-26T04:01:08","date_gmt":"2024-10-26T04:01:08","guid":{"rendered":"https:\/\/e.kosmolat.eu\/product\/dr-house-skidra-roku-mazgas-pasta-alveja-450-g\/"},"modified":"2026-04-09T13:32:03","modified_gmt":"2026-04-09T13:32:03","slug":"i_dr-house-skidra-roku-mazgas-pasta-alveja-450-g","status":"publish","type":"product","link":"https:\/\/e.kosmolat.eu\/lt\/produktas\/i_dr-house-skidra-roku-mazgas-pasta-alveja-450-g\/","title":{"rendered":"I_DR. HOUSE Aloe Vera Skysta rank\u0173 plovimo pasta, 450 g"},"content":{"rendered":"<p>Skysta rank\u0173 plovimo pasta d\u0117l savo mink\u0161to abrazyvinio turinio pa\u0161alina ne\u0161varumus nuo odos (aliejus, riebalus, suod\u017eius ir kt.). Sud\u0117tyje yra komponent\u0173, kurie \u0161velniai veikia od\u0105, palieka j\u0105 \u0161velni\u0105, \u0161vari\u0105 ir gaivi\u0105.<\/p>\n<p>Naudojimas: nedidel\u012f kiek\u012f priemon\u0117s paskirstykite ant deln\u0173, suputokite ir nuplaukite. Po naudojimo naudokite tinkam\u0105 atkuriam\u0105j\u012f rank\u0173 krem\u0105. Laikyti vaikams nepasiekiamoje vietoje.<\/p>\n","protected":false},"excerpt":{"rendered":"<p>Skysta rank\u0173 plovimo pasta d\u0117l savo mink\u0161to abrazyvinio turinio pa\u0161alina ne\u0161varumus nuo odos (aliejus, riebalus, suod\u017eius ir kt.). Sud\u0117tyje yra komponent\u0173, kurie \u0161velniai veikia od\u0105, palieka j\u0105 \u0161velni\u0105, \u0161vari\u0105 ir gaivi\u0105. Naudojimas: nedidel\u012f kiek\u012f priemon\u0117s paskirstykite ant deln\u0173, suputokite ir nuplaukite. Po naudojimo naudokite tinkam\u0105 atkuriam\u0105j\u012f rank\u0173 krem\u0105. Laikyti vaikams nepasiekiamoje vietoje.<\/p>\n","protected":false},"featured_media":98024,"template":"","meta":[],"product_cat":[2181],"product_tag":[],"class_list":{"0":"post-58419","1":"product","2":"type-product","3":"status-publish","4":"has-post-thumbnail","6":"product_brand-vento_cz-lt","7":"product_cat-bez-kategorijas-lt","9":"first","10":"instock","11":"taxable","12":"shipping-taxable","13":"product-type-simple"},"_links":{"self":[{"href":"https:\/\/e.kosmolat.eu\/lt\/wp-json\/wp\/v2\/product\/58419","targetHints":{"allow":["GET"]}}],"collection":[{"href":"https:\/\/e.kosmolat.eu\/lt\/wp-json\/wp\/v2\/product"}],"about":[{"href":"https:\/\/e.kosmolat.eu\/lt\/wp-json\/wp\/v2\/types\/product"}],"wp:featuredmedia":[{"embeddable":true,"href":"https:\/\/e.kosmolat.eu\/lt\/wp-json\/wp\/v2\/media\/98024"}],"wp:attachment":[{"href":"https:\/\/e.kosmolat.eu\/lt\/wp-json\/wp\/v2\/media?parent=58419"}],"wp:term":[{"taxonomy":"product_cat","embeddable":true,"href":"https:\/\/e.kosmolat.eu\/lt\/wp-json\/wp\/v2\/product_cat?post=58419"},{"taxonomy":"product_tag","embeddable":true,"href":"https:\/\/e.kosmolat.eu\/lt\/wp-json\/wp\/v2\/product_tag?post=58419"}],"curies":[{"name":"wp","href":"https:\/\/api.w.org\/{rel}","templated":true}]}}