{"id":58230,"date":"2024-10-22T04:08:27","date_gmt":"2024-10-22T04:08:27","guid":{"rendered":"https:\/\/e.kosmolat.eu\/product\/lollis-derma-foundation-002-tonalais-kr-35-ml\/"},"modified":"2026-04-22T13:54:00","modified_gmt":"2026-04-22T13:54:00","slug":"lollis-derma-foundation-002-tonalais-kr-35-ml","status":"publish","type":"product","link":"https:\/\/e.kosmolat.eu\/lt\/produktas\/lollis-derma-foundation-002-tonalais-kr-35-ml\/","title":{"rendered":"LOLLIS Derma Foundation Tonuojantis kremas, tonas 002, 35 ml"},"content":{"rendered":"<p>1. D\u0117l tankaus padengimo formul\u0117s efektyviai paslepia odos tr\u016bkumus.<br \/>\n2. Suteikia \u0161ilko poj\u016bt\u012f.<br \/>\n3. Puikiai prisitaiko prie odos atspalvio.<br \/>\n4. Lengva tekst\u016bra u\u017etikrina patog\u0173 naudojim\u0105.<\/p>\n<p>Laikyti vaikams iki 3 met\u0173 nepasiekiamoje vietoje. Tik i\u0161oriniam naudojimui. Laikyti kambario temperat\u016broje.<\/p>\n","protected":false},"excerpt":{"rendered":"<p>1. D\u0117l tankaus padengimo formul\u0117s efektyviai paslepia odos tr\u016bkumus. 2. Suteikia \u0161ilko poj\u016bt\u012f. 3. Puikiai prisitaiko prie odos atspalvio. 4. Lengva tekst\u016bra u\u017etikrina patog\u0173 naudojim\u0105. Laikyti vaikams iki 3 met\u0173 nepasiekiamoje vietoje. Tik i\u0161oriniam naudojimui. Laikyti kambario temperat\u016broje.<\/p>\n","protected":false},"featured_media":99514,"template":"","meta":[],"product_cat":[2181],"product_tag":[],"class_list":{"0":"post-58230","1":"product","2":"type-product","3":"status-publish","4":"has-post-thumbnail","6":"product_brand-lollis_tr-merker-lt","7":"product_cat-bez-kategorijas-lt","9":"first","10":"instock","11":"taxable","12":"shipping-taxable","13":"product-type-simple"},"_links":{"self":[{"href":"https:\/\/e.kosmolat.eu\/lt\/wp-json\/wp\/v2\/product\/58230","targetHints":{"allow":["GET"]}}],"collection":[{"href":"https:\/\/e.kosmolat.eu\/lt\/wp-json\/wp\/v2\/product"}],"about":[{"href":"https:\/\/e.kosmolat.eu\/lt\/wp-json\/wp\/v2\/types\/product"}],"wp:featuredmedia":[{"embeddable":true,"href":"https:\/\/e.kosmolat.eu\/lt\/wp-json\/wp\/v2\/media\/99514"}],"wp:attachment":[{"href":"https:\/\/e.kosmolat.eu\/lt\/wp-json\/wp\/v2\/media?parent=58230"}],"wp:term":[{"taxonomy":"product_cat","embeddable":true,"href":"https:\/\/e.kosmolat.eu\/lt\/wp-json\/wp\/v2\/product_cat?post=58230"},{"taxonomy":"product_tag","embeddable":true,"href":"https:\/\/e.kosmolat.eu\/lt\/wp-json\/wp\/v2\/product_tag?post=58230"}],"curies":[{"name":"wp","href":"https:\/\/api.w.org\/{rel}","templated":true}]}}