{"id":58142,"date":"2024-10-22T04:04:47","date_gmt":"2024-10-22T04:04:47","guid":{"rendered":"https:\/\/e.kosmolat.eu\/product\/lollis-bb-krems-tonis-light-35-ml\/"},"modified":"2026-04-22T07:28:29","modified_gmt":"2026-04-22T07:28:29","slug":"lollis-bb-krems-tonis-light-35-ml","status":"publish","type":"product","link":"https:\/\/e.kosmolat.eu\/lt\/produktas\/lollis-bb-krems-tonis-light-35-ml\/","title":{"rendered":"LOLLIS BB kremas, tonas Light, 35 ml"},"content":{"rendered":"<p>1. I\u0161laiko nat\u016brali\u0105 odos dr\u0117gm\u0119.<br \/>\n2. Padeda odai atrodyti skais\u010diai.<br \/>\n3. Prisitaiko prie odos tono.<br \/>\n4. Suteikia nauj\u0105 i\u0161vaizd\u0105.<\/p>\n<p>Laikyti vaikams iki 3 met\u0173 nepasiekiamoje vietoje. Tik i\u0161oriniam naudojimui. Laikyti kambario temperat\u016broje.<\/p>\n","protected":false},"excerpt":{"rendered":"<p>1. I\u0161laiko nat\u016brali\u0105 odos dr\u0117gm\u0119. 2. Padeda odai atrodyti skais\u010diai. 3. Prisitaiko prie odos tono. 4. Suteikia nauj\u0105 i\u0161vaizd\u0105. Laikyti vaikams iki 3 met\u0173 nepasiekiamoje vietoje. Tik i\u0161oriniam naudojimui. Laikyti kambario temperat\u016broje.<\/p>\n","protected":false},"featured_media":98679,"template":"","meta":[],"product_cat":[2181],"product_tag":[],"class_list":{"0":"post-58142","1":"product","2":"type-product","3":"status-publish","4":"has-post-thumbnail","6":"product_brand-lollis_tr-merker-lt","7":"product_cat-bez-kategorijas-lt","9":"first","10":"instock","11":"taxable","12":"shipping-taxable","13":"product-type-simple"},"_links":{"self":[{"href":"https:\/\/e.kosmolat.eu\/lt\/wp-json\/wp\/v2\/product\/58142","targetHints":{"allow":["GET"]}}],"collection":[{"href":"https:\/\/e.kosmolat.eu\/lt\/wp-json\/wp\/v2\/product"}],"about":[{"href":"https:\/\/e.kosmolat.eu\/lt\/wp-json\/wp\/v2\/types\/product"}],"wp:featuredmedia":[{"embeddable":true,"href":"https:\/\/e.kosmolat.eu\/lt\/wp-json\/wp\/v2\/media\/98679"}],"wp:attachment":[{"href":"https:\/\/e.kosmolat.eu\/lt\/wp-json\/wp\/v2\/media?parent=58142"}],"wp:term":[{"taxonomy":"product_cat","embeddable":true,"href":"https:\/\/e.kosmolat.eu\/lt\/wp-json\/wp\/v2\/product_cat?post=58142"},{"taxonomy":"product_tag","embeddable":true,"href":"https:\/\/e.kosmolat.eu\/lt\/wp-json\/wp\/v2\/product_tag?post=58142"}],"curies":[{"name":"wp","href":"https:\/\/api.w.org\/{rel}","templated":true}]}}