{"id":58073,"date":"2024-10-21T08:36:26","date_gmt":"2024-10-21T08:36:26","guid":{"rendered":"https:\/\/e.kosmolat.eu\/?post_type=product&#038;p=58073"},"modified":"2025-09-11T13:22:29","modified_gmt":"2025-09-11T13:22:29","slug":"modum-klasika-biezas-pirts-ziepes-darvas-500-g","status":"publish","type":"product","link":"https:\/\/e.kosmolat.eu\/lt\/produktas\/modum-klasika-biezas-pirts-ziepes-darvas-500-g\/","title":{"rendered":"MODUM CLASSIC Tirstas vonios muilas Degutas, 500 g"},"content":{"rendered":"<p>Tinka k\u016bnui ir plaukams. Ber\u017e\u0173 dgutas \u2013 tikras lobis norint sutvarkyti problemin\u0119 od\u0105. Augal\u0173 ekstraktuose (ber\u017eo lap\u0173, jona\u017eoli\u0173, ramun\u0117li\u0173, \u0105\u017euolo \u017eiev\u0117s) yra fitoncid\u0173, eterini\u0173 aliej\u0173, tanin\u0173. Vitaminai ir mineralai, kurie sustiprina valom\u0105j\u012f ir apsaugin\u012f muilo poveik\u012f. Priemon\u0117 puikiai tinka plaukams plauti, stiprina \u0161aknis, normalizuoja riebalini\u0173 liauk\u0173 veikl\u0105, pagreitina plauk\u0173 augim\u0105. Bet kokiam odos tipui, ypa\u010d aktualu probleminei odai.<\/p>\n<p>Naudojimas: nedidel\u012f kiek\u012f muilo u\u017etepkite ant dr\u0117gnos odos ir\/ar plauk\u0173, masa\u017euokite, gerai nuplaukite vandeniu.<\/p>\n<p>Laikyti nuo +5 \u00b0C iki +25 \u00b0C temperat\u016broje.<\/p>\n","protected":false},"excerpt":{"rendered":"<p>Tinka k\u016bnui ir plaukams. Ber\u017e\u0173 dgutas \u2013 tikras lobis norint sutvarkyti problemin\u0119 od\u0105. Augal\u0173 ekstraktuose (ber\u017eo lap\u0173, jona\u017eoli\u0173, ramun\u0117li\u0173, \u0105\u017euolo \u017eiev\u0117s) yra fitoncid\u0173, eterini\u0173 aliej\u0173, tanin\u0173. Vitaminai ir mineralai, kurie sustiprina valom\u0105j\u012f ir apsaugin\u012f muilo poveik\u012f. Priemon\u0117 puikiai tinka plaukams plauti, stiprina \u0161aknis, normalizuoja riebalini\u0173 liauk\u0173 veikl\u0105, pagreitina plauk\u0173 augim\u0105. Bet kokiam odos tipui, ypa\u010d [&#8230;]\n","protected":false},"featured_media":0,"template":"","meta":[],"product_cat":[2181],"product_tag":[],"class_list":{"0":"post-58073","1":"product","2":"type-product","3":"status-publish","5":"product_brand-modum_by-lt","6":"product_cat-bez-kategorijas-lt","8":"first","9":"instock","10":"taxable","11":"shipping-taxable","12":"product-type-simple"},"_links":{"self":[{"href":"https:\/\/e.kosmolat.eu\/lt\/wp-json\/wp\/v2\/product\/58073","targetHints":{"allow":["GET"]}}],"collection":[{"href":"https:\/\/e.kosmolat.eu\/lt\/wp-json\/wp\/v2\/product"}],"about":[{"href":"https:\/\/e.kosmolat.eu\/lt\/wp-json\/wp\/v2\/types\/product"}],"wp:attachment":[{"href":"https:\/\/e.kosmolat.eu\/lt\/wp-json\/wp\/v2\/media?parent=58073"}],"wp:term":[{"taxonomy":"product_cat","embeddable":true,"href":"https:\/\/e.kosmolat.eu\/lt\/wp-json\/wp\/v2\/product_cat?post=58073"},{"taxonomy":"product_tag","embeddable":true,"href":"https:\/\/e.kosmolat.eu\/lt\/wp-json\/wp\/v2\/product_tag?post=58073"}],"curies":[{"name":"wp","href":"https:\/\/api.w.org\/{rel}","templated":true}]}}