{"id":58041,"date":"2024-10-19T04:08:07","date_gmt":"2024-10-19T04:08:07","guid":{"rendered":"https:\/\/e.kosmolat.eu\/product\/cl-natura-lidz-matu-kopsanai-skaistums-un-speks-160-ml\/"},"modified":"2025-09-19T16:17:37","modified_gmt":"2025-09-19T16:17:37","slug":"cl-natura-lidz-matu-kopsanai-skaistums-un-speks-160-ml","status":"publish","type":"product","link":"https:\/\/e.kosmolat.eu\/lt\/produktas\/cl-natura-lidz-matu-kopsanai-skaistums-un-speks-160-ml\/","title":{"rendered":"\u010cL NATURA Pur\u0161kiama plauk\u0173 prie\u017ei\u016bros priemon\u0117 &#8220;Gro\u017eis ir stiprumas&#8221; 160ml"},"content":{"rendered":"<p>Stiprina plaukus, apsaugo nuo plauk\u0173 galiuk\u0173 l\u016b\u017ein\u0117jimo, palengvina \u0161\u016bkavim\u0105.<\/p>\n<p>NAUDOJIMAS:<\/p>\n<p>1 metodas: ant dr\u0117gn\u0173 plauk\u0173 tepkite per vis\u0105 ilg\u012f, i\u0161d\u017eiovinkite plaukus kaip \u012fprasta.<\/p>\n<p>2 metodas: ant saus\u0173 plauk\u0173 pur\u0161kite 2-3 kartus, jei reikia.<\/p>\n","protected":false},"excerpt":{"rendered":"<p>Stiprina plaukus, apsaugo nuo plauk\u0173 galiuk\u0173 l\u016b\u017ein\u0117jimo, palengvina \u0161\u016bkavim\u0105. NAUDOJIMAS: 1 metodas: ant dr\u0117gn\u0173 plauk\u0173 tepkite per vis\u0105 ilg\u012f, i\u0161d\u017eiovinkite plaukus kaip \u012fprasta. 2 metodas: ant saus\u0173 plauk\u0173 pur\u0161kite 2-3 kartus, jei reikia.<\/p>\n","protected":false},"featured_media":79526,"template":"","meta":[],"product_cat":[1345],"product_tag":[],"class_list":{"0":"post-58041","1":"product","2":"type-product","3":"status-publish","4":"has-post-thumbnail","6":"product_brand-unilever-rus-lt","7":"product_cat-kitos-plauku-prieziuros-priemones","9":"first","10":"outofstock","11":"taxable","12":"shipping-taxable","13":"product-type-simple"},"_links":{"self":[{"href":"https:\/\/e.kosmolat.eu\/lt\/wp-json\/wp\/v2\/product\/58041","targetHints":{"allow":["GET"]}}],"collection":[{"href":"https:\/\/e.kosmolat.eu\/lt\/wp-json\/wp\/v2\/product"}],"about":[{"href":"https:\/\/e.kosmolat.eu\/lt\/wp-json\/wp\/v2\/types\/product"}],"wp:featuredmedia":[{"embeddable":true,"href":"https:\/\/e.kosmolat.eu\/lt\/wp-json\/wp\/v2\/media\/79526"}],"wp:attachment":[{"href":"https:\/\/e.kosmolat.eu\/lt\/wp-json\/wp\/v2\/media?parent=58041"}],"wp:term":[{"taxonomy":"product_cat","embeddable":true,"href":"https:\/\/e.kosmolat.eu\/lt\/wp-json\/wp\/v2\/product_cat?post=58041"},{"taxonomy":"product_tag","embeddable":true,"href":"https:\/\/e.kosmolat.eu\/lt\/wp-json\/wp\/v2\/product_tag?post=58041"}],"curies":[{"name":"wp","href":"https:\/\/api.w.org\/{rel}","templated":true}]}}