{"id":57977,"date":"2024-10-19T04:05:42","date_gmt":"2024-10-19T04:05:42","guid":{"rendered":"https:\/\/e.kosmolat.eu\/product\/lollis-volume-lip-gloss-06-intense-orange-apjomu-palielin-lupu-spid-3-5-ml\/"},"modified":"2026-04-10T06:43:02","modified_gmt":"2026-04-10T06:43:02","slug":"lollis-volume-lip-gloss-06-intense-orange-apjomu-palielin-lupu-spid-3-5-ml","status":"publish","type":"product","link":"https:\/\/e.kosmolat.eu\/lt\/produktas\/lollis-volume-lip-gloss-06-intense-orange-apjomu-palielin-lupu-spid-3-5-ml\/","title":{"rendered":"LOLLIS Volume Lip Gloss L\u016bp\u0173 blizgesys, tonas 06 Intense Orange, 3,5 ml"},"content":{"rendered":"<p>Laikyti vaikams iki 3 met\u0173 nepasiekiamoje vietoje. Tik i\u0161oriniam naudojimui. Laikyti kambario temperat\u016broje.<\/p>\n","protected":false},"excerpt":{"rendered":"<p>Laikyti vaikams iki 3 met\u0173 nepasiekiamoje vietoje. Tik i\u0161oriniam naudojimui. Laikyti kambario temperat\u016broje.<\/p>\n","protected":false},"featured_media":102865,"template":"","meta":[],"product_cat":[1273],"product_tag":[],"class_list":{"0":"post-57977","1":"product","2":"type-product","3":"status-publish","4":"has-post-thumbnail","6":"product_brand-lollis_tr-merker-lt","7":"product_cat-lupu-blizgesys","9":"first","10":"instock","11":"taxable","12":"shipping-taxable","13":"product-type-simple"},"_links":{"self":[{"href":"https:\/\/e.kosmolat.eu\/lt\/wp-json\/wp\/v2\/product\/57977","targetHints":{"allow":["GET"]}}],"collection":[{"href":"https:\/\/e.kosmolat.eu\/lt\/wp-json\/wp\/v2\/product"}],"about":[{"href":"https:\/\/e.kosmolat.eu\/lt\/wp-json\/wp\/v2\/types\/product"}],"wp:featuredmedia":[{"embeddable":true,"href":"https:\/\/e.kosmolat.eu\/lt\/wp-json\/wp\/v2\/media\/102865"}],"wp:attachment":[{"href":"https:\/\/e.kosmolat.eu\/lt\/wp-json\/wp\/v2\/media?parent=57977"}],"wp:term":[{"taxonomy":"product_cat","embeddable":true,"href":"https:\/\/e.kosmolat.eu\/lt\/wp-json\/wp\/v2\/product_cat?post=57977"},{"taxonomy":"product_tag","embeddable":true,"href":"https:\/\/e.kosmolat.eu\/lt\/wp-json\/wp\/v2\/product_tag?post=57977"}],"curies":[{"name":"wp","href":"https:\/\/api.w.org\/{rel}","templated":true}]}}