{"id":57921,"date":"2024-10-19T04:03:44","date_gmt":"2024-10-19T04:03:44","guid":{"rendered":"https:\/\/e.kosmolat.eu\/product\/lollis-plump-up-lip-booster-05-lupu-busteris-5-ml\/"},"modified":"2026-04-21T07:17:48","modified_gmt":"2026-04-21T07:17:48","slug":"lollis-plump-up-lip-booster-05-lupu-busteris-5-ml","status":"publish","type":"product","link":"https:\/\/e.kosmolat.eu\/lt\/produktas\/lollis-plump-up-lip-booster-05-lupu-busteris-5-ml\/","title":{"rendered":"LOLLIS Plump Up Lip Booster, tonas 05, 5 ml"},"content":{"rendered":"<p>Laikyti vaikams iki 3 met\u0173 nepasiekiamoje vietoje. Tik i\u0161oriniam naudojimui. Laikyti kambario temperat\u016broje.<\/p>\n","protected":false},"excerpt":{"rendered":"<p>Laikyti vaikams iki 3 met\u0173 nepasiekiamoje vietoje. Tik i\u0161oriniam naudojimui. Laikyti kambario temperat\u016broje.<\/p>\n","protected":false},"featured_media":103023,"template":"","meta":[],"product_cat":[1273],"product_tag":[],"class_list":{"0":"post-57921","1":"product","2":"type-product","3":"status-publish","4":"has-post-thumbnail","6":"product_brand-lollis_tr-merker-lt","7":"product_cat-lupu-blizgesys","9":"first","10":"instock","11":"taxable","12":"shipping-taxable","13":"product-type-simple"},"_links":{"self":[{"href":"https:\/\/e.kosmolat.eu\/lt\/wp-json\/wp\/v2\/product\/57921","targetHints":{"allow":["GET"]}}],"collection":[{"href":"https:\/\/e.kosmolat.eu\/lt\/wp-json\/wp\/v2\/product"}],"about":[{"href":"https:\/\/e.kosmolat.eu\/lt\/wp-json\/wp\/v2\/types\/product"}],"wp:featuredmedia":[{"embeddable":true,"href":"https:\/\/e.kosmolat.eu\/lt\/wp-json\/wp\/v2\/media\/103023"}],"wp:attachment":[{"href":"https:\/\/e.kosmolat.eu\/lt\/wp-json\/wp\/v2\/media?parent=57921"}],"wp:term":[{"taxonomy":"product_cat","embeddable":true,"href":"https:\/\/e.kosmolat.eu\/lt\/wp-json\/wp\/v2\/product_cat?post=57921"},{"taxonomy":"product_tag","embeddable":true,"href":"https:\/\/e.kosmolat.eu\/lt\/wp-json\/wp\/v2\/product_tag?post=57921"}],"curies":[{"name":"wp","href":"https:\/\/api.w.org\/{rel}","templated":true}]}}