{"id":57869,"date":"2024-10-18T04:04:30","date_gmt":"2024-10-18T04:04:30","guid":{"rendered":"https:\/\/e.kosmolat.eu\/product\/dsc-retinol-retinol-pretgrumbu-serums-adai-ap-ac-ar-retinolu-un-naves-juras-mineral-50-ml\/"},"modified":"2026-04-22T06:44:10","modified_gmt":"2026-04-22T06:44:10","slug":"dsc-retinol-retinol-pretgrumbu-serums-adai-ap-ac-ar-retinolu-un-naves-juras-mineral-50-ml","status":"publish","type":"product","link":"https:\/\/e.kosmolat.eu\/lt\/produktas\/dsc-retinol-retinol-pretgrumbu-serums-adai-ap-ac-ar-retinolu-un-naves-juras-mineral-50-ml\/","title":{"rendered":"DEAD SEA COLLECTION Retinol Serumas nuo rauk\u0161li\u0173 su retinoliu ir Negyvosios j\u016bros mineralais, 50 ml"},"content":{"rendered":"<p>Lengvas paaki\u0173 serumas, padedantis i\u0161vengti pagrindini\u0173 sen\u0117jimo po\u017eymi\u0173. Suma\u017eina smulki\u0173 linij\u0173 ir rauk\u0161li\u0173 atsiradim\u0105, ma\u017eina paburkim\u0105 ir padeda suma\u017einti tamsius ratilus, tuo pa\u010diu u\u017etikrinant puik\u0173 dr\u0117kinim\u0105. Paruo\u0161ia od\u0105 makia\u017eui ir padeda jai atsigauti po makia\u017eo pa\u0161alinimo.<\/p>\n<p>Naudojimas: Tepkite masa\u017eo judesiais kiekvien\u0105 ryt\u0105 ir vakar\u0105 prie\u0161 dienin\u012f ir naktin\u012f krem\u0105.<\/p>\n<p>Sud\u0117tyje yra vitamino A. Prie\u0161 naudojim\u0105 b\u016btina atsi\u017evelgti \u012f paros norm\u0105.<\/p>\n","protected":false},"excerpt":{"rendered":"<p>Lengvas paaki\u0173 serumas, padedantis i\u0161vengti pagrindini\u0173 sen\u0117jimo po\u017eymi\u0173. Suma\u017eina smulki\u0173 linij\u0173 ir rauk\u0161li\u0173 atsiradim\u0105, ma\u017eina paburkim\u0105 ir padeda suma\u017einti tamsius ratilus, tuo pa\u010diu u\u017etikrinant puik\u0173 dr\u0117kinim\u0105. Paruo\u0161ia od\u0105 makia\u017eui ir padeda jai atsigauti po makia\u017eo pa\u0161alinimo. Naudojimas: Tepkite masa\u017eo judesiais kiekvien\u0105 ryt\u0105 ir vakar\u0105 prie\u0161 dienin\u012f ir naktin\u012f krem\u0105. Sud\u0117tyje yra vitamino A. Prie\u0161 naudojim\u0105 [&#8230;]\n","protected":false},"featured_media":99120,"template":"","meta":[],"product_cat":[2181],"product_tag":[],"class_list":{"0":"post-57869","1":"product","2":"type-product","3":"status-publish","4":"has-post-thumbnail","6":"product_brand-dead-sea_il-lt","7":"product_cat-bez-kategorijas-lt","9":"first","10":"instock","11":"taxable","12":"shipping-taxable","13":"product-type-simple"},"_links":{"self":[{"href":"https:\/\/e.kosmolat.eu\/lt\/wp-json\/wp\/v2\/product\/57869","targetHints":{"allow":["GET"]}}],"collection":[{"href":"https:\/\/e.kosmolat.eu\/lt\/wp-json\/wp\/v2\/product"}],"about":[{"href":"https:\/\/e.kosmolat.eu\/lt\/wp-json\/wp\/v2\/types\/product"}],"wp:featuredmedia":[{"embeddable":true,"href":"https:\/\/e.kosmolat.eu\/lt\/wp-json\/wp\/v2\/media\/99120"}],"wp:attachment":[{"href":"https:\/\/e.kosmolat.eu\/lt\/wp-json\/wp\/v2\/media?parent=57869"}],"wp:term":[{"taxonomy":"product_cat","embeddable":true,"href":"https:\/\/e.kosmolat.eu\/lt\/wp-json\/wp\/v2\/product_cat?post=57869"},{"taxonomy":"product_tag","embeddable":true,"href":"https:\/\/e.kosmolat.eu\/lt\/wp-json\/wp\/v2\/product_tag?post=57869"}],"curies":[{"name":"wp","href":"https:\/\/api.w.org\/{rel}","templated":true}]}}