{"id":57861,"date":"2024-10-18T04:04:13","date_gmt":"2024-10-18T04:04:13","guid":{"rendered":"https:\/\/e.kosmolat.eu\/product\/dsc-hyaluronic-acid-atjaunin-sejas-serums-ar-hialuronskabi-un-naves-juras-mineral-50-ml\/"},"modified":"2026-04-17T07:27:00","modified_gmt":"2026-04-17T07:27:00","slug":"dsc-hyaluronic-acid-atjaunin-sejas-serums-ar-hialuronskabi-un-naves-juras-mineral-50-ml","status":"publish","type":"product","link":"https:\/\/e.kosmolat.eu\/lt\/produktas\/dsc-hyaluronic-acid-atjaunin-sejas-serums-ar-hialuronskabi-un-naves-juras-mineral-50-ml\/","title":{"rendered":"DEAD SEA COLLECTION Hyaluronic Acid Jauninantis veido serumas su hialurono r\u016bg\u0161timi ir Negyvosios j\u016b"},"content":{"rendered":"<p>Sodrioje ir intensyvioje \u0161io koncentruoto serumo formul\u0117je yra ingredient\u0173, kurie daro stebuklus. Negyvosios j\u016bros mineralai ir hialurono r\u016bg\u0161tis padeda padaryti od\u0105 tvirt\u0105 ir lygi\u0105. \u0160is sen\u0117jim\u0105 stabdantis ir dr\u0117kinantis serumas gali b\u016bti tikras prover\u017eis j\u016bs\u0173 odos prie\u017ei\u016bros rutinoje.<\/p>\n<p>Naudojimas: tepkite kiekvien\u0105 ryt\u0105 ir vakar\u0105 prie\u0161 dienin\u012f ir naktin\u012f krem\u0105, \u0161velniai \u012fmasa\u017euokite \u012f od\u0105.<\/p>\n<p>Sud\u0117tyje yra vitamino A. Prie\u0161 naudojim\u0105 b\u016btina atsi\u017evelgti \u012f paros norm\u0105.<\/p>\n","protected":false},"excerpt":{"rendered":"<p>Sodrioje ir intensyvioje \u0161io koncentruoto serumo formul\u0117je yra ingredient\u0173, kurie daro stebuklus. Negyvosios j\u016bros mineralai ir hialurono r\u016bg\u0161tis padeda padaryti od\u0105 tvirt\u0105 ir lygi\u0105. \u0160is sen\u0117jim\u0105 stabdantis ir dr\u0117kinantis serumas gali b\u016bti tikras prover\u017eis j\u016bs\u0173 odos prie\u017ei\u016bros rutinoje. Naudojimas: tepkite kiekvien\u0105 ryt\u0105 ir vakar\u0105 prie\u0161 dienin\u012f ir naktin\u012f krem\u0105, \u0161velniai \u012fmasa\u017euokite \u012f od\u0105. Sud\u0117tyje yra [&#8230;]\n","protected":false},"featured_media":99972,"template":"","meta":[],"product_cat":[2181],"product_tag":[],"class_list":{"0":"post-57861","1":"product","2":"type-product","3":"status-publish","4":"has-post-thumbnail","6":"product_brand-dead-sea_il-lt","7":"product_cat-bez-kategorijas-lt","9":"first","10":"instock","11":"taxable","12":"shipping-taxable","13":"product-type-simple"},"_links":{"self":[{"href":"https:\/\/e.kosmolat.eu\/lt\/wp-json\/wp\/v2\/product\/57861","targetHints":{"allow":["GET"]}}],"collection":[{"href":"https:\/\/e.kosmolat.eu\/lt\/wp-json\/wp\/v2\/product"}],"about":[{"href":"https:\/\/e.kosmolat.eu\/lt\/wp-json\/wp\/v2\/types\/product"}],"wp:featuredmedia":[{"embeddable":true,"href":"https:\/\/e.kosmolat.eu\/lt\/wp-json\/wp\/v2\/media\/99972"}],"wp:attachment":[{"href":"https:\/\/e.kosmolat.eu\/lt\/wp-json\/wp\/v2\/media?parent=57861"}],"wp:term":[{"taxonomy":"product_cat","embeddable":true,"href":"https:\/\/e.kosmolat.eu\/lt\/wp-json\/wp\/v2\/product_cat?post=57861"},{"taxonomy":"product_tag","embeddable":true,"href":"https:\/\/e.kosmolat.eu\/lt\/wp-json\/wp\/v2\/product_tag?post=57861"}],"curies":[{"name":"wp","href":"https:\/\/api.w.org\/{rel}","templated":true}]}}