{"id":57853,"date":"2024-10-18T04:03:56","date_gmt":"2024-10-18T04:03:56","guid":{"rendered":"https:\/\/e.kosmolat.eu\/product\/dsc-retinol-pretnovec-nakts-sejas-kr-ar-retinolu-un-naves-juras-mineral-50-ml\/"},"modified":"2026-04-23T08:57:18","modified_gmt":"2026-04-23T08:57:18","slug":"dsc-retinol-pretnovec-nakts-sejas-kr-ar-retinolu-un-naves-juras-mineral-50-ml","status":"publish","type":"product","link":"https:\/\/e.kosmolat.eu\/lt\/produktas\/dsc-retinol-pretnovec-nakts-sejas-kr-ar-retinolu-un-naves-juras-mineral-50-ml\/","title":{"rendered":"DEAD SEA COLLECTION Retinol Naktinis veido kremas anti-sen\u0117jimas su retinoliu ir Negyvosios j\u016bros mi"},"content":{"rendered":"<p>Praturtintas Negyvosios j\u016bros mineralais ir retinoliu, kremas padeda pamaitinti ir atjauninti od\u0105 miegant. Jo turtinga formul\u0117 suma\u017eina smulki\u0173 linij\u0173 ir rauk\u0161li\u0173 atsiradim\u0105, sustiprina sen\u0117jim\u0105 stabdant\u012f poveik\u012f, tuo pa\u010diu apsaugo od\u0105 nuo kasdienio streso poveikio, ramina ir maitina, kad i\u0161vaizda atrodyt\u0173 lygesn\u0117 ir jaunatvi\u0161kesn\u0117.<\/p>\n<p>Naudojimas: \u012fmasa\u017euokite krem\u0105  auk\u0161tyn nukreiptais judesiais. Naudokite vakare prie\u0161 mieg\u0105. Tik i\u0161oriniam naudojimui. Vengti patekimo \u012f akis. Atid\u017eiai laikykit\u0117s naudojimo instrukcij\u0173. Netepkite ant pa\u017eeistos ar sudirgusios odos.<\/p>\n<p>Sud\u0117tyje yra vitamino A. Prie\u0161 naudojim\u0105 b\u016btina atsi\u017evelgti \u012f paros norm\u0105.<\/p>\n","protected":false},"excerpt":{"rendered":"<p>Praturtintas Negyvosios j\u016bros mineralais ir retinoliu, kremas padeda pamaitinti ir atjauninti od\u0105 miegant. Jo turtinga formul\u0117 suma\u017eina smulki\u0173 linij\u0173 ir rauk\u0161li\u0173 atsiradim\u0105, sustiprina sen\u0117jim\u0105 stabdant\u012f poveik\u012f, tuo pa\u010diu apsaugo od\u0105 nuo kasdienio streso poveikio, ramina ir maitina, kad i\u0161vaizda atrodyt\u0173 lygesn\u0117 ir jaunatvi\u0161kesn\u0117. Naudojimas: \u012fmasa\u017euokite krem\u0105 auk\u0161tyn nukreiptais judesiais. Naudokite vakare prie\u0161 mieg\u0105. Tik i\u0161oriniam [&#8230;]\n","protected":false},"featured_media":99116,"template":"","meta":[],"product_cat":[1322],"product_tag":[],"class_list":{"0":"post-57853","1":"product","2":"type-product","3":"status-publish","4":"has-post-thumbnail","6":"product_brand-dead-sea_il-lt","7":"product_cat-veido-kremai","9":"first","10":"instock","11":"taxable","12":"shipping-taxable","13":"product-type-simple"},"_links":{"self":[{"href":"https:\/\/e.kosmolat.eu\/lt\/wp-json\/wp\/v2\/product\/57853","targetHints":{"allow":["GET"]}}],"collection":[{"href":"https:\/\/e.kosmolat.eu\/lt\/wp-json\/wp\/v2\/product"}],"about":[{"href":"https:\/\/e.kosmolat.eu\/lt\/wp-json\/wp\/v2\/types\/product"}],"wp:featuredmedia":[{"embeddable":true,"href":"https:\/\/e.kosmolat.eu\/lt\/wp-json\/wp\/v2\/media\/99116"}],"wp:attachment":[{"href":"https:\/\/e.kosmolat.eu\/lt\/wp-json\/wp\/v2\/media?parent=57853"}],"wp:term":[{"taxonomy":"product_cat","embeddable":true,"href":"https:\/\/e.kosmolat.eu\/lt\/wp-json\/wp\/v2\/product_cat?post=57853"},{"taxonomy":"product_tag","embeddable":true,"href":"https:\/\/e.kosmolat.eu\/lt\/wp-json\/wp\/v2\/product_tag?post=57853"}],"curies":[{"name":"wp","href":"https:\/\/api.w.org\/{rel}","templated":true}]}}