{"id":57845,"date":"2024-10-18T04:03:42","date_gmt":"2024-10-18T04:03:42","guid":{"rendered":"https:\/\/e.kosmolat.eu\/product\/dsc-retinol-pretnovec-dienas-sejas-kr-ar-retinolu-un-naves-juras-mineral-50-ml\/"},"modified":"2026-03-30T13:59:46","modified_gmt":"2026-03-30T13:59:46","slug":"dsc-retinol-pretnovec-dienas-sejas-kr-ar-retinolu-un-naves-juras-mineral-50-ml","status":"publish","type":"product","link":"https:\/\/e.kosmolat.eu\/lt\/produktas\/dsc-retinol-pretnovec-dienas-sejas-kr-ar-retinolu-un-naves-juras-mineral-50-ml\/","title":{"rendered":"DEAD SEA COLLECTION Retinol Dieninis veido kremas anti-sen\u0117jimas su retinoliu ir Negyvosios j\u016bros mi"},"content":{"rendered":"<p>Negyvosios j\u016bros mineralais ir retinoliu praturtintas kremas turi sen\u0117jim\u0105 stabdant\u012f poveik\u012f, ma\u017eina smulkias linijas ir rauk\u0161les, saugo od\u0105 nuo streso ir tar\u0161os. Atjaunina ir atkuria od\u0105, suteikia  lygesn\u0119, jaunatvi\u0161kesn\u0119 i\u0161vaizd\u0105.<\/p>\n<p>Naudojimas: Naudokite kiekvien\u0105 ryt\u0105 ir vis\u0105 dien\u0105 pagal poreik\u012f. \u012emasa\u017euokite krem\u0105 \u012f od\u0105 auk\u0161tyn nukreiptais judesiais. Tik i\u0161oriniam naudojimui. Vengti patekimo \u012f akis. Atid\u017eiai laikykit\u0117s naudojimo instrukcij\u0173. Netepkite ant pa\u017eeistos ar sudirgusios odos.<\/p>\n<p>Sud\u0117tyje yra vitamino A. Prie\u0161 naudojim\u0105 b\u016btina atsi\u017evelgti \u012f paros norm\u0105.<\/p>\n","protected":false},"excerpt":{"rendered":"<p>Negyvosios j\u016bros mineralais ir retinoliu praturtintas kremas turi sen\u0117jim\u0105 stabdant\u012f poveik\u012f, ma\u017eina smulkias linijas ir rauk\u0161les, saugo od\u0105 nuo streso ir tar\u0161os. Atjaunina ir atkuria od\u0105, suteikia lygesn\u0119, jaunatvi\u0161kesn\u0119 i\u0161vaizd\u0105. Naudojimas: Naudokite kiekvien\u0105 ryt\u0105 ir vis\u0105 dien\u0105 pagal poreik\u012f. \u012emasa\u017euokite krem\u0105 \u012f od\u0105 auk\u0161tyn nukreiptais judesiais. Tik i\u0161oriniam naudojimui. Vengti patekimo \u012f akis. Atid\u017eiai laikykit\u0117s [&#8230;]\n","protected":false},"featured_media":99112,"template":"","meta":[],"product_cat":[2181],"product_tag":[],"class_list":{"0":"post-57845","1":"product","2":"type-product","3":"status-publish","4":"has-post-thumbnail","6":"product_brand-dead-sea_il-lt","7":"product_cat-bez-kategorijas-lt","9":"first","10":"outofstock","11":"taxable","12":"shipping-taxable","13":"product-type-simple"},"_links":{"self":[{"href":"https:\/\/e.kosmolat.eu\/lt\/wp-json\/wp\/v2\/product\/57845","targetHints":{"allow":["GET"]}}],"collection":[{"href":"https:\/\/e.kosmolat.eu\/lt\/wp-json\/wp\/v2\/product"}],"about":[{"href":"https:\/\/e.kosmolat.eu\/lt\/wp-json\/wp\/v2\/types\/product"}],"wp:featuredmedia":[{"embeddable":true,"href":"https:\/\/e.kosmolat.eu\/lt\/wp-json\/wp\/v2\/media\/99112"}],"wp:attachment":[{"href":"https:\/\/e.kosmolat.eu\/lt\/wp-json\/wp\/v2\/media?parent=57845"}],"wp:term":[{"taxonomy":"product_cat","embeddable":true,"href":"https:\/\/e.kosmolat.eu\/lt\/wp-json\/wp\/v2\/product_cat?post=57845"},{"taxonomy":"product_tag","embeddable":true,"href":"https:\/\/e.kosmolat.eu\/lt\/wp-json\/wp\/v2\/product_tag?post=57845"}],"curies":[{"name":"wp","href":"https:\/\/api.w.org\/{rel}","templated":true}]}}