{"id":57837,"date":"2024-10-18T04:03:27","date_gmt":"2024-10-18T04:03:27","guid":{"rendered":"https:\/\/e.kosmolat.eu\/product\/dsc-hyaluronic-acid-atjaunin-nakts-sejas-kr-ar-hialuronsk-un-naves-juras-mineral-50-ml\/"},"modified":"2026-04-17T06:23:33","modified_gmt":"2026-04-17T06:23:33","slug":"dsc-hyaluronic-acid-atjaunin-nakts-sejas-kr-ar-hialuronsk-un-naves-juras-mineral-50-ml","status":"publish","type":"product","link":"https:\/\/e.kosmolat.eu\/lt\/produktas\/dsc-hyaluronic-acid-atjaunin-nakts-sejas-kr-ar-hialuronsk-un-naves-juras-mineral-50-ml\/","title":{"rendered":"DEAD SEA COLLECTION Hyaluronic Acid Atjauninantis naktinis veido kremas su hialurono r\u016bg\u0161timi ir Neg"},"content":{"rendered":"<p>Jauninamasis kremas, praturtintas Negyvosios j\u016bros mineralais ir hialurono r\u016bg\u0161timi, kad pamaitint\u0173 ir atkurt\u0173 od\u0105 miegant. Jo turtinga formul\u0117 sustiprina dr\u0117kinim\u0105, maitina ir intensyviai dr\u0117kina od\u0105, tuo pa\u010diu padidindama stangrum\u0105, atgaivindama j\u0105 ir suteikdama odai lygesn\u0119, jaunatvi\u0161kesn\u0119 i\u0161vaizd\u0105.<\/p>\n<p>Naudojimas: \u012fmasa\u017euokite krem\u0105 ant odos auk\u0161tyn nukreiptais judesiais. Naudokite vakare prie\u0161 mieg\u0105. Tik i\u0161oriniam naudojimui. Vengti patekimo \u012f akis. Atid\u017eiai laikykit\u0117s naudojimo instrukcij\u0173. Netepkite ant pa\u017eeistos ar sudirgusios odos.<\/p>\n","protected":false},"excerpt":{"rendered":"<p>Jauninamasis kremas, praturtintas Negyvosios j\u016bros mineralais ir hialurono r\u016bg\u0161timi, kad pamaitint\u0173 ir atkurt\u0173 od\u0105 miegant. Jo turtinga formul\u0117 sustiprina dr\u0117kinim\u0105, maitina ir intensyviai dr\u0117kina od\u0105, tuo pa\u010diu padidindama stangrum\u0105, atgaivindama j\u0105 ir suteikdama odai lygesn\u0119, jaunatvi\u0161kesn\u0119 i\u0161vaizd\u0105. Naudojimas: \u012fmasa\u017euokite krem\u0105 ant odos auk\u0161tyn nukreiptais judesiais. Naudokite vakare prie\u0161 mieg\u0105. Tik i\u0161oriniam naudojimui. Vengti patekimo \u012f [&#8230;]\n","protected":false},"featured_media":99932,"template":"","meta":[],"product_cat":[2181],"product_tag":[],"class_list":{"0":"post-57837","1":"product","2":"type-product","3":"status-publish","4":"has-post-thumbnail","6":"product_brand-dead-sea_il-lt","7":"product_cat-bez-kategorijas-lt","9":"first","10":"instock","11":"taxable","12":"shipping-taxable","13":"product-type-simple"},"_links":{"self":[{"href":"https:\/\/e.kosmolat.eu\/lt\/wp-json\/wp\/v2\/product\/57837","targetHints":{"allow":["GET"]}}],"collection":[{"href":"https:\/\/e.kosmolat.eu\/lt\/wp-json\/wp\/v2\/product"}],"about":[{"href":"https:\/\/e.kosmolat.eu\/lt\/wp-json\/wp\/v2\/types\/product"}],"wp:featuredmedia":[{"embeddable":true,"href":"https:\/\/e.kosmolat.eu\/lt\/wp-json\/wp\/v2\/media\/99932"}],"wp:attachment":[{"href":"https:\/\/e.kosmolat.eu\/lt\/wp-json\/wp\/v2\/media?parent=57837"}],"wp:term":[{"taxonomy":"product_cat","embeddable":true,"href":"https:\/\/e.kosmolat.eu\/lt\/wp-json\/wp\/v2\/product_cat?post=57837"},{"taxonomy":"product_tag","embeddable":true,"href":"https:\/\/e.kosmolat.eu\/lt\/wp-json\/wp\/v2\/product_tag?post=57837"}],"curies":[{"name":"wp","href":"https:\/\/api.w.org\/{rel}","templated":true}]}}