{"id":57829,"date":"2024-10-18T04:03:11","date_gmt":"2024-10-18T04:03:11","guid":{"rendered":"https:\/\/e.kosmolat.eu\/product\/skin-care-retinol-mitrin-un-barojos-kr-sejai-kaklam-un-rokam-ar-retinolu-500-ml\/"},"modified":"2026-04-22T11:41:19","modified_gmt":"2026-04-22T11:41:19","slug":"skin-care-retinol-mitrin-un-barojos-kr-sejai-kaklam-un-rokam-ar-retinolu-500-ml","status":"publish","type":"product","link":"https:\/\/e.kosmolat.eu\/lt\/produktas\/skin-care-retinol-mitrin-un-barojos-kr-sejai-kaklam-un-rokam-ar-retinolu-500-ml\/","title":{"rendered":"SKIN CARE Retinol Dr\u0117kinamasis ir maitinamasis veido, kaklo ir rank\u0173 kremas su retinoliu, 500 ml"},"content":{"rendered":"<p>\u0160velnus ir lengvai \u012fsigeriantis kremas, praturtintas retinoliu, pad\u0117s dr\u0117kinti ir maitinti od\u0105, tod\u0117l ji bus \u0161velni, elastinga ir atnaujinta.<\/p>\n<p>Naudojimo instrukcijos: U\u017etepkite pakankam\u0105 kiek\u012f kremo ant \u0161varios veido, kaklo ar rank\u0173 odos. \u0160velniai \u012fmasa\u017euokite sukamaisiais judesiais, kol visi\u0161kai \u012fsigers.<\/p>\n<p>Sud\u0117tyje yra vitamino A. Prie\u0161 naudojim\u0105 b\u016btina atsi\u017evelgti \u012f paros norm\u0105.<\/p>\n","protected":false},"excerpt":{"rendered":"<p>\u0160velnus ir lengvai \u012fsigeriantis kremas, praturtintas retinoliu, pad\u0117s dr\u0117kinti ir maitinti od\u0105, tod\u0117l ji bus \u0161velni, elastinga ir atnaujinta. Naudojimo instrukcijos: U\u017etepkite pakankam\u0105 kiek\u012f kremo ant \u0161varios veido, kaklo ar rank\u0173 odos. \u0160velniai \u012fmasa\u017euokite sukamaisiais judesiais, kol visi\u0161kai \u012fsigers. Sud\u0117tyje yra vitamino A. Prie\u0161 naudojim\u0105 b\u016btina atsi\u017evelgti \u012f paros norm\u0105.<\/p>\n","protected":false},"featured_media":100760,"template":"","meta":[],"product_cat":[2181],"product_tag":[],"class_list":{"0":"post-57829","1":"product","2":"type-product","3":"status-publish","4":"has-post-thumbnail","6":"product_brand-dead-sea_il-lt","7":"product_cat-bez-kategorijas-lt","9":"first","10":"instock","11":"taxable","12":"shipping-taxable","13":"product-type-simple"},"_links":{"self":[{"href":"https:\/\/e.kosmolat.eu\/lt\/wp-json\/wp\/v2\/product\/57829","targetHints":{"allow":["GET"]}}],"collection":[{"href":"https:\/\/e.kosmolat.eu\/lt\/wp-json\/wp\/v2\/product"}],"about":[{"href":"https:\/\/e.kosmolat.eu\/lt\/wp-json\/wp\/v2\/types\/product"}],"wp:featuredmedia":[{"embeddable":true,"href":"https:\/\/e.kosmolat.eu\/lt\/wp-json\/wp\/v2\/media\/100760"}],"wp:attachment":[{"href":"https:\/\/e.kosmolat.eu\/lt\/wp-json\/wp\/v2\/media?parent=57829"}],"wp:term":[{"taxonomy":"product_cat","embeddable":true,"href":"https:\/\/e.kosmolat.eu\/lt\/wp-json\/wp\/v2\/product_cat?post=57829"},{"taxonomy":"product_tag","embeddable":true,"href":"https:\/\/e.kosmolat.eu\/lt\/wp-json\/wp\/v2\/product_tag?post=57829"}],"curies":[{"name":"wp","href":"https:\/\/api.w.org\/{rel}","templated":true}]}}