{"id":57821,"date":"2024-10-18T04:02:56","date_gmt":"2024-10-18T04:02:56","guid":{"rendered":"https:\/\/e.kosmolat.eu\/product\/dsc-hyaluronic-acid-atjaunin-dienas-sejas-kr-ar-hialuronsk-un-naves-juras-mineral-50-ml\/"},"modified":"2026-04-23T08:29:26","modified_gmt":"2026-04-23T08:29:26","slug":"dsc-hyaluronic-acid-atjaunin-dienas-sejas-kr-ar-hialuronsk-un-naves-juras-mineral-50-ml","status":"publish","type":"product","link":"https:\/\/e.kosmolat.eu\/lt\/produktas\/dsc-hyaluronic-acid-atjaunin-dienas-sejas-kr-ar-hialuronsk-un-naves-juras-mineral-50-ml\/","title":{"rendered":"DEAD SEA COLLECTION Hyaluronic Acid Atjauninantis dieninis veido kremas su hialurono r\u016bg\u0161timi ir Neg"},"content":{"rendered":"<p>Praturtintas Negyvosios j\u016bros mineralais ir hialurono r\u016bg\u0161timi, \u0161is sen\u0117jim\u0105 stabdantis kremas ma\u017eina smulkias linijas ir rauk\u0161les, apsaugo od\u0105 nuo streso ir tar\u0161os poveikio. Dr\u0117kina ir atgaivina od\u0105, kad ji atrodyt\u0173 lygesn\u0117, jaunatvi\u0161kesn\u0117.<\/p>\n<p>Naudojimas: Naudokite kiekvien\u0105 ryt\u0105 ir vis\u0105 dien\u0105 pagal poreik\u012f. \u012emasa\u017euokite krem\u0105 \u012f od\u0105 auk\u0161tyn nukreiptais judesiais. Tik i\u0161oriniam naudojimui. Vengti patekimo \u012f akis. Atid\u017eiai laikykit\u0117s naudojimo instrukcij\u0173. Netepkite ant pa\u017eeistos ar sudirgusios odos.<\/p>\n","protected":false},"excerpt":{"rendered":"<p>Praturtintas Negyvosios j\u016bros mineralais ir hialurono r\u016bg\u0161timi, \u0161is sen\u0117jim\u0105 stabdantis kremas ma\u017eina smulkias linijas ir rauk\u0161les, apsaugo od\u0105 nuo streso ir tar\u0161os poveikio. Dr\u0117kina ir atgaivina od\u0105, kad ji atrodyt\u0173 lygesn\u0117, jaunatvi\u0161kesn\u0117. Naudojimas: Naudokite kiekvien\u0105 ryt\u0105 ir vis\u0105 dien\u0105 pagal poreik\u012f. \u012emasa\u017euokite krem\u0105 \u012f od\u0105 auk\u0161tyn nukreiptais judesiais. Tik i\u0161oriniam naudojimui. Vengti patekimo \u012f akis. [&#8230;]\n","protected":false},"featured_media":99928,"template":"","meta":[],"product_cat":[1322],"product_tag":[],"class_list":{"0":"post-57821","1":"product","2":"type-product","3":"status-publish","4":"has-post-thumbnail","6":"product_brand-dead-sea_il-lt","7":"product_cat-veido-kremai","9":"first","10":"instock","11":"taxable","12":"shipping-taxable","13":"product-type-simple"},"_links":{"self":[{"href":"https:\/\/e.kosmolat.eu\/lt\/wp-json\/wp\/v2\/product\/57821","targetHints":{"allow":["GET"]}}],"collection":[{"href":"https:\/\/e.kosmolat.eu\/lt\/wp-json\/wp\/v2\/product"}],"about":[{"href":"https:\/\/e.kosmolat.eu\/lt\/wp-json\/wp\/v2\/types\/product"}],"wp:featuredmedia":[{"embeddable":true,"href":"https:\/\/e.kosmolat.eu\/lt\/wp-json\/wp\/v2\/media\/99928"}],"wp:attachment":[{"href":"https:\/\/e.kosmolat.eu\/lt\/wp-json\/wp\/v2\/media?parent=57821"}],"wp:term":[{"taxonomy":"product_cat","embeddable":true,"href":"https:\/\/e.kosmolat.eu\/lt\/wp-json\/wp\/v2\/product_cat?post=57821"},{"taxonomy":"product_tag","embeddable":true,"href":"https:\/\/e.kosmolat.eu\/lt\/wp-json\/wp\/v2\/product_tag?post=57821"}],"curies":[{"name":"wp","href":"https:\/\/api.w.org\/{rel}","templated":true}]}}