{"id":57813,"date":"2024-10-18T04:02:42","date_gmt":"2024-10-18T04:02:42","guid":{"rendered":"https:\/\/e.kosmolat.eu\/product\/dsc-collagen-pretgrumbu-dienas-sejas-kr-ar-kolagenu-un-naves-jur-mineral-50-ml\/"},"modified":"2026-04-23T09:35:14","modified_gmt":"2026-04-23T09:35:14","slug":"dsc-collagen-pretgrumbu-dienas-sejas-kr-ar-kolagenu-un-naves-jur-mineral-50-ml","status":"publish","type":"product","link":"https:\/\/e.kosmolat.eu\/lt\/produktas\/dsc-collagen-pretgrumbu-dienas-sejas-kr-ar-kolagenu-un-naves-jur-mineral-50-ml\/","title":{"rendered":"DEAD SEA COLLECTION Collagen Kremas nuo rauk\u0161li\u0173 su kolagenu ir Negyvosios j\u016bros mineralais, 50 ml"},"content":{"rendered":"<p>Praturtintas Negyvosios j\u016bros mineralais ir kolagenu, kremas padeda suma\u017einti smulki\u0173 linij\u0173 ir rauk\u0161li\u0173 atsiradim\u0105, taip pat apsaugo od\u0105 nuo streso ir tar\u0161os poveikio. Ramina ir maitina od\u0105, suteikdama jai lygesn\u0119, jaunatvi\u0161kesn\u0119 i\u0161vaizd\u0105.<\/p>\n<p>Naudojimas: Masa\u017euojan\u010diais judesiais tolygiai paskirstykite ant veido ir kaklo plonu kremo sluoksniu. Naudokite kiekvien\u0105 ryt\u0105 ir vis\u0105 dien\u0105 pagal poreik\u012f. Tik i\u0161oriniam naudojimui. Vengti patekimo \u012f akis. Atid\u017eiai laikykit\u0117s naudojimo instrukcij\u0173. Netepkite ant pa\u017eeistos ar sudirgusios odos.<\/p>\n","protected":false},"excerpt":{"rendered":"<p>Praturtintas Negyvosios j\u016bros mineralais ir kolagenu, kremas padeda suma\u017einti smulki\u0173 linij\u0173 ir rauk\u0161li\u0173 atsiradim\u0105, taip pat apsaugo od\u0105 nuo streso ir tar\u0161os poveikio. Ramina ir maitina od\u0105, suteikdama jai lygesn\u0119, jaunatvi\u0161kesn\u0119 i\u0161vaizd\u0105. Naudojimas: Masa\u017euojan\u010diais judesiais tolygiai paskirstykite ant veido ir kaklo plonu kremo sluoksniu. Naudokite kiekvien\u0105 ryt\u0105 ir vis\u0105 dien\u0105 pagal poreik\u012f. Tik i\u0161oriniam naudojimui. [&#8230;]\n","protected":false},"featured_media":99108,"template":"","meta":[],"product_cat":[1322],"product_tag":[],"class_list":{"0":"post-57813","1":"product","2":"type-product","3":"status-publish","4":"has-post-thumbnail","6":"product_brand-dead-sea_il-lt","7":"product_cat-veido-kremai","9":"first","10":"instock","11":"taxable","12":"shipping-taxable","13":"product-type-simple"},"_links":{"self":[{"href":"https:\/\/e.kosmolat.eu\/lt\/wp-json\/wp\/v2\/product\/57813","targetHints":{"allow":["GET"]}}],"collection":[{"href":"https:\/\/e.kosmolat.eu\/lt\/wp-json\/wp\/v2\/product"}],"about":[{"href":"https:\/\/e.kosmolat.eu\/lt\/wp-json\/wp\/v2\/types\/product"}],"wp:featuredmedia":[{"embeddable":true,"href":"https:\/\/e.kosmolat.eu\/lt\/wp-json\/wp\/v2\/media\/99108"}],"wp:attachment":[{"href":"https:\/\/e.kosmolat.eu\/lt\/wp-json\/wp\/v2\/media?parent=57813"}],"wp:term":[{"taxonomy":"product_cat","embeddable":true,"href":"https:\/\/e.kosmolat.eu\/lt\/wp-json\/wp\/v2\/product_cat?post=57813"},{"taxonomy":"product_tag","embeddable":true,"href":"https:\/\/e.kosmolat.eu\/lt\/wp-json\/wp\/v2\/product_tag?post=57813"}],"curies":[{"name":"wp","href":"https:\/\/api.w.org\/{rel}","templated":true}]}}