{"id":57563,"date":"2024-10-16T04:11:40","date_gmt":"2024-10-16T04:11:40","guid":{"rendered":"https:\/\/e.kosmolat.eu\/product\/lollis-matte-liquid-lipstick-05-mateta-skidr-lupu-krasa-6-ml\/"},"modified":"2026-04-22T11:42:47","modified_gmt":"2026-04-22T11:42:47","slug":"lollis-matte-liquid-lipstick-05-mateta-skidr-lupu-krasa-6-ml","status":"publish","type":"product","link":"https:\/\/e.kosmolat.eu\/lt\/produktas\/lollis-matte-liquid-lipstick-05-mateta-skidr-lupu-krasa-6-ml\/","title":{"rendered":"LOLLIS Matte Liquid Lipstick Matiniai skysti l\u016bp\u0173 da\u017eai, tonas 05, 6 ml"},"content":{"rendered":"<p>Laikyti vaikams iki 3 met\u0173 nepasiekiamoje vietoje. Tik i\u0161oriniam naudojimui. Laikyti kambario temperat\u016broje.<\/p>\n","protected":false},"excerpt":{"rendered":"<p>Laikyti vaikams iki 3 met\u0173 nepasiekiamoje vietoje. Tik i\u0161oriniam naudojimui. Laikyti kambario temperat\u016broje.<\/p>\n","protected":false},"featured_media":101094,"template":"","meta":[],"product_cat":[2181],"product_tag":[],"class_list":{"0":"post-57563","1":"product","2":"type-product","3":"status-publish","4":"has-post-thumbnail","6":"product_brand-lollis_tr-merker-lt","7":"product_cat-bez-kategorijas-lt","9":"first","10":"instock","11":"taxable","12":"shipping-taxable","13":"product-type-simple"},"_links":{"self":[{"href":"https:\/\/e.kosmolat.eu\/lt\/wp-json\/wp\/v2\/product\/57563","targetHints":{"allow":["GET"]}}],"collection":[{"href":"https:\/\/e.kosmolat.eu\/lt\/wp-json\/wp\/v2\/product"}],"about":[{"href":"https:\/\/e.kosmolat.eu\/lt\/wp-json\/wp\/v2\/types\/product"}],"wp:featuredmedia":[{"embeddable":true,"href":"https:\/\/e.kosmolat.eu\/lt\/wp-json\/wp\/v2\/media\/101094"}],"wp:attachment":[{"href":"https:\/\/e.kosmolat.eu\/lt\/wp-json\/wp\/v2\/media?parent=57563"}],"wp:term":[{"taxonomy":"product_cat","embeddable":true,"href":"https:\/\/e.kosmolat.eu\/lt\/wp-json\/wp\/v2\/product_cat?post=57563"},{"taxonomy":"product_tag","embeddable":true,"href":"https:\/\/e.kosmolat.eu\/lt\/wp-json\/wp\/v2\/product_tag?post=57563"}],"curies":[{"name":"wp","href":"https:\/\/api.w.org\/{rel}","templated":true}]}}