{"id":57419,"date":"2024-10-16T04:05:46","date_gmt":"2024-10-16T04:05:46","guid":{"rendered":"https:\/\/e.kosmolat.eu\/product\/lollis-matte-lupu-krasa-tonis-207-4-5-g\/"},"modified":"2026-04-10T06:32:35","modified_gmt":"2026-04-10T06:32:35","slug":"lollis-matte-lupu-krasa-tonis-207-4-5-g","status":"publish","type":"product","link":"https:\/\/e.kosmolat.eu\/lt\/produktas\/lollis-matte-lupu-krasa-tonis-207-4-5-g\/","title":{"rendered":"LOLLIS Matte L\u016bpda\u017eis, tonas 207, 4.5 g"},"content":{"rendered":"<p>Laikyti vaikams iki 3 met\u0173 nepasiekiamoje vietoje. Tik i\u0161oriniam naudojimui. Laikyti kambario temperat\u016broje.<\/p>\n","protected":false},"excerpt":{"rendered":"<p>Laikyti vaikams iki 3 met\u0173 nepasiekiamoje vietoje. Tik i\u0161oriniam naudojimui. Laikyti kambario temperat\u016broje.<\/p>\n","protected":false},"featured_media":101090,"template":"","meta":[],"product_cat":[1269],"product_tag":[],"class_list":{"0":"post-57419","1":"product","2":"type-product","3":"status-publish","4":"has-post-thumbnail","6":"product_brand-lollis_tr-merker-lt","7":"product_cat-lupu-dazai","9":"first","10":"instock","11":"taxable","12":"shipping-taxable","13":"product-type-simple"},"_links":{"self":[{"href":"https:\/\/e.kosmolat.eu\/lt\/wp-json\/wp\/v2\/product\/57419","targetHints":{"allow":["GET"]}}],"collection":[{"href":"https:\/\/e.kosmolat.eu\/lt\/wp-json\/wp\/v2\/product"}],"about":[{"href":"https:\/\/e.kosmolat.eu\/lt\/wp-json\/wp\/v2\/types\/product"}],"wp:featuredmedia":[{"embeddable":true,"href":"https:\/\/e.kosmolat.eu\/lt\/wp-json\/wp\/v2\/media\/101090"}],"wp:attachment":[{"href":"https:\/\/e.kosmolat.eu\/lt\/wp-json\/wp\/v2\/media?parent=57419"}],"wp:term":[{"taxonomy":"product_cat","embeddable":true,"href":"https:\/\/e.kosmolat.eu\/lt\/wp-json\/wp\/v2\/product_cat?post=57419"},{"taxonomy":"product_tag","embeddable":true,"href":"https:\/\/e.kosmolat.eu\/lt\/wp-json\/wp\/v2\/product_tag?post=57419"}],"curies":[{"name":"wp","href":"https:\/\/api.w.org\/{rel}","templated":true}]}}