{"id":57256,"date":"2024-10-12T04:02:41","date_gmt":"2024-10-12T04:02:41","guid":{"rendered":"https:\/\/e.kosmolat.eu\/product\/dr-s-0-hipoalerg-matu-kondic-visiem-matu-tip-200-ml\/"},"modified":"2025-09-15T11:14:16","modified_gmt":"2025-09-15T11:14:16","slug":"i_dr-s-0-hipoalerg-matu-kondic-visiem-matu-tip-200-ml","status":"publish","type":"product","link":"https:\/\/e.kosmolat.eu\/lt\/produktas\/i_dr-s-0-hipoalerg-matu-kondic-visiem-matu-tip-200-ml\/","title":{"rendered":"I_DR.SANTE 0% Hipoalerginis kondicionierius vis\u0173 tip\u0173 plaukams, 200 ml"},"content":{"rendered":"<p>Dr\u0117kina ir palengvina \u0161ukavim\u0105. Hipoalergin\u0117je formul\u0117je, sukurtoje atsi\u017evelgiant \u012f naujausias kosmetikos tendencijas, n\u0117ra silikon\u0173, vazelino, mineralinio aliejaus, paraben\u0173, da\u017eikli\u0173, kvapi\u0173j\u0173 med\u017eiag\u0173.<\/p>\n<p>Plauk\u0173 kondicionierius sumink\u0161tina ir i\u0161lygina plaukus per vis\u0105 j\u0173 ilg\u012f, tod\u0117l \u0161ukavimas ir v\u0117lesnis formavimas formavimo priemon\u0117mis yra daug lengvesnis. Sud\u0117tyje yra augalin\u0117s kilm\u0117s kompleksas, skatinantis gra\u017ei\u0173 ir sveik\u0173 plauk\u0173 augim\u0105. Trehaloz\u0117 apsaugo nuo sausumo. Taukmed\u017ei\u0173 sviestas prisotina plaukus naudingomis mikromed\u017eiagomis ir puikiai juos sumink\u0161tina. Tinka kasdieniam naudojimui. <\/p>\n<p>Naudojimas: i\u0161tepkite reikiam\u0105 kiek\u012f kondicionieriaus ant \u0161vari\u0173 ir dr\u0117gn\u0173 plauk\u0173, tolygiai paskirstykite per vis\u0105 plauk\u0173 ilg\u012f ir i\u0161skalaukite vandeniu.<\/p>\n<p>Atsargumo priemon\u0117s: galimas padid\u0117j\u0119s individualus jautrumas atskiriems komponentams. <\/p>\n<p>Laikymo s\u0105lygos: nuo +5\u00b0C iki +25\u00b0C.<\/p>\n<p>Geriausias: 24 m\u0117nesiai nuo pagaminimo datos.<\/p>\n","protected":false},"excerpt":{"rendered":"<p>Dr\u0117kina ir palengvina \u0161ukavim\u0105. Hipoalergin\u0117je formul\u0117je, sukurtoje atsi\u017evelgiant \u012f naujausias kosmetikos tendencijas, n\u0117ra silikon\u0173, vazelino, mineralinio aliejaus, paraben\u0173, da\u017eikli\u0173, kvapi\u0173j\u0173 med\u017eiag\u0173. Plauk\u0173 kondicionierius sumink\u0161tina ir i\u0161lygina plaukus per vis\u0105 j\u0173 ilg\u012f, tod\u0117l \u0161ukavimas ir v\u0117lesnis formavimas formavimo priemon\u0117mis yra daug lengvesnis. Sud\u0117tyje yra augalin\u0117s kilm\u0117s kompleksas, skatinantis gra\u017ei\u0173 ir sveik\u0173 plauk\u0173 augim\u0105. Trehaloz\u0117 apsaugo nuo [&#8230;]\n","protected":false},"featured_media":0,"template":"","meta":[],"product_cat":[1640],"product_tag":[],"class_list":{"0":"post-57256","1":"product","2":"type-product","3":"status-publish","5":"product_brand-elfa_ua-lt","6":"product_cat-balzamai","8":"first","9":"outofstock","10":"taxable","11":"shipping-taxable","12":"product-type-simple"},"_links":{"self":[{"href":"https:\/\/e.kosmolat.eu\/lt\/wp-json\/wp\/v2\/product\/57256","targetHints":{"allow":["GET"]}}],"collection":[{"href":"https:\/\/e.kosmolat.eu\/lt\/wp-json\/wp\/v2\/product"}],"about":[{"href":"https:\/\/e.kosmolat.eu\/lt\/wp-json\/wp\/v2\/types\/product"}],"wp:attachment":[{"href":"https:\/\/e.kosmolat.eu\/lt\/wp-json\/wp\/v2\/media?parent=57256"}],"wp:term":[{"taxonomy":"product_cat","embeddable":true,"href":"https:\/\/e.kosmolat.eu\/lt\/wp-json\/wp\/v2\/product_cat?post=57256"},{"taxonomy":"product_tag","embeddable":true,"href":"https:\/\/e.kosmolat.eu\/lt\/wp-json\/wp\/v2\/product_tag?post=57256"}],"curies":[{"name":"wp","href":"https:\/\/api.w.org\/{rel}","templated":true}]}}