{"id":57248,"date":"2024-10-12T04:02:28","date_gmt":"2024-10-12T04:02:28","guid":{"rendered":"https:\/\/e.kosmolat.eu\/product\/dr-s-0-hipoalerg-kerm-pienins-mitrinas-un-baros-200-ml\/"},"modified":"2025-07-30T10:22:35","modified_gmt":"2025-07-30T10:22:35","slug":"i_dr-s-0-hipoalerg-kerm-pienins-mitrinas-un-baros-200-ml","status":"publish","type":"product","link":"https:\/\/e.kosmolat.eu\/lt\/produktas\/i_dr-s-0-hipoalerg-kerm-pienins-mitrinas-un-baros-200-ml\/","title":{"rendered":"I_DR.SANTE 0% K\u016bno pienelis hipoalerginis Maitinimas ir dr\u0117kinimas, 200 ml"},"content":{"rendered":"<p>Visiems odos tipams. Hipoalergin\u0117 formul\u0117, sukurta atsi\u017evelgiant \u012f naujausias kosmetikos tendencijas, n\u0117ra silikon\u0173, paraben\u0173, da\u017eikli\u0173, kvapi\u0173j\u0173 med\u017eiag\u0173, mineralinio aliejaus.<\/p>\n<p>Lengvas ir \u0161velnus k\u016bno pienelis tiesiogine prasme i\u0161tirpsta odoje, nepalikdamas sausumo ar p\u0117dsak\u0173. Sud\u0117tyje yra augalin\u0117s kilm\u0117s kompleksas, kuris tarsi magnetas sulaiko dr\u0117gm\u0119 odoje, i\u0161laiko j\u0105  iki 72 valand\u0173! Stiprina odos barjerin\u0119 funkcij\u0105 ir naikina pagrindinius i\u0161saus\u0117jimo po\u017eymius \u2013 tempim\u0105, pleiskanojim\u0105, \u0161iurk\u0161tum\u0105 ir blankum\u0105. Pienelis greitai susigeria, oda tampa \u0161velni ir \u0161ilkin\u0117. Tinka kasdieniam naudojimui.<\/p>\n<p>Rezultatas po naudojimo: pri\u017ei\u016br\u0117ta ir sudr\u0117kinta oda.<\/p>\n<p>Naudojimas: masa\u017euojamaisiais judesiais u\u017etepkite reikiam\u0105 priemon\u0117s kiek\u012f ant k\u016bno.<\/p>\n<p>Atsargumo priemon\u0117s: galimas padid\u0117j\u0119s individualus jautrumas atskiriems komponentams. Sud\u0117tyje yra vitamino A. Prie\u0161 vartojim\u0105 b\u016btina atsi\u017evelgti \u012f paros norm\u0105.<\/p>\n<p>Laikymo s\u0105lygos: nuo +5\u00b0C iki +25\u00b0C.<\/p>\n<p>Geriausias: 30 m\u0117nesi\u0173 nuo pagaminimo datos.<\/p>\n","protected":false},"excerpt":{"rendered":"<p>Visiems odos tipams. Hipoalergin\u0117 formul\u0117, sukurta atsi\u017evelgiant \u012f naujausias kosmetikos tendencijas, n\u0117ra silikon\u0173, paraben\u0173, da\u017eikli\u0173, kvapi\u0173j\u0173 med\u017eiag\u0173, mineralinio aliejaus. Lengvas ir \u0161velnus k\u016bno pienelis tiesiogine prasme i\u0161tirpsta odoje, nepalikdamas sausumo ar p\u0117dsak\u0173. Sud\u0117tyje yra augalin\u0117s kilm\u0117s kompleksas, kuris tarsi magnetas sulaiko dr\u0117gm\u0119 odoje, i\u0161laiko j\u0105 iki 72 valand\u0173! Stiprina odos barjerin\u0119 funkcij\u0105 ir naikina pagrindinius [&#8230;]\n","protected":false},"featured_media":57250,"template":"","meta":[],"product_cat":[2181],"product_tag":[],"class_list":{"0":"post-57248","1":"product","2":"type-product","3":"status-publish","4":"has-post-thumbnail","6":"product_brand-elfa_ua-lt","7":"product_cat-bez-kategorijas-lt","9":"first","10":"outofstock","11":"taxable","12":"shipping-taxable","13":"product-type-simple"},"_links":{"self":[{"href":"https:\/\/e.kosmolat.eu\/lt\/wp-json\/wp\/v2\/product\/57248","targetHints":{"allow":["GET"]}}],"collection":[{"href":"https:\/\/e.kosmolat.eu\/lt\/wp-json\/wp\/v2\/product"}],"about":[{"href":"https:\/\/e.kosmolat.eu\/lt\/wp-json\/wp\/v2\/types\/product"}],"wp:featuredmedia":[{"embeddable":true,"href":"https:\/\/e.kosmolat.eu\/lt\/wp-json\/wp\/v2\/media\/57250"}],"wp:attachment":[{"href":"https:\/\/e.kosmolat.eu\/lt\/wp-json\/wp\/v2\/media?parent=57248"}],"wp:term":[{"taxonomy":"product_cat","embeddable":true,"href":"https:\/\/e.kosmolat.eu\/lt\/wp-json\/wp\/v2\/product_cat?post=57248"},{"taxonomy":"product_tag","embeddable":true,"href":"https:\/\/e.kosmolat.eu\/lt\/wp-json\/wp\/v2\/product_tag?post=57248"}],"curies":[{"name":"wp","href":"https:\/\/api.w.org\/{rel}","templated":true}]}}