{"id":57227,"date":"2024-10-11T04:08:25","date_gmt":"2024-10-11T04:08:25","guid":{"rendered":"https:\/\/e.kosmolat.eu\/product\/i_dd-eteriska-ella-tejas-koks-10-ml\/"},"modified":"2025-07-08T14:45:16","modified_gmt":"2025-07-08T14:45:16","slug":"i_dd-eteriska-ella-tejas-koks-10-ml","status":"publish","type":"product","link":"https:\/\/e.kosmolat.eu\/lt\/produktas\/i_dd-eteriska-ella-tejas-koks-10-ml\/","title":{"rendered":"DOMA\u0160NIJ DOKTOR Eterinis aliejus Arbatmedis, 10 ml"},"content":{"rendered":"<p>100% nat\u016bralus, efektyvus<br \/>\nAromatas aitrus kartaus, i\u0161skirtinai sunkus. Naudojimas: probleminei odai; kovoti su pleiskanomis. Veiksmingas mi\u0161iniuose nuo spuog\u0173 ir mi\u0161iniuose bendram odos valymui, su \u012fbr\u0117\u017eimais. Naudojamas esant stresui, stipraus susijaudinimo priepuoliams. Naudojimas: aromaterapijai ir kosmetikos praturtinimui. Daugiau informacijos rasite instrukcijose. Atsargumo priemon\u0117s: i\u0161oriniam naudojimui. Patekus \u012f akis, praplauti dideliu kiekiu vandens ir kreiptis \u012f gydytoj\u0105. Galimas padid\u0117j\u0119s individualus jautrumas produktui. Vadovaukit\u0117s naudojimo instrukcijomis.<\/p>\n<p><strong>Instrukcija:<\/strong><br \/>\nArbatmed\u017ei\u0173 eterinis aliejus gaunamas i\u0161 lap\u0173 ir \u0161akeli\u0173 distiliuojant garais.<br \/>\nAliejus turi aitr\u0173 kartaus, i\u0161skirtinai sunkaus aromato.<\/p>\n<p><strong>Naudojimas:<\/strong> probleminei odai; kovoti su pleiskanomis. Veiksmingas mi\u0161iniuose nuo spuog\u0173 ir mi\u0161iniuose bendram odos valymui, su \u012fbr\u0117\u017eimais. Naudojamas esant stresui, stipraus susijaudinimo priepuoliams.<br \/>\n<strong>Naudojimas:<\/strong> aromaterapijai ir kosmetikos praturtinimui.<br \/>\nEterinis aliejus naudojamas skied\u017eiamas bet kokia baze &ndash; medumi, grietine, grietin\u0117le, i\u0161r\u016bgomis, pienu, j\u016bros ar stalo druska, baziniu aliejumi, vandeniu, skystu muilu, geliu ir kt.<\/p>\n<p><strong>Dozavimas:<\/strong><br \/>\n* aromatin\u0117s lempos &ndash; 2-4 la\u0161ai<br \/>\n* vonel\u0117s &ndash; 3-5 la\u0161ai<br \/>\n* masa\u017eas &ndash; bazinio aliejaus ir arbatmed\u017eio aliejaus mi\u0161inys santykiu 5:4<br \/>\n* Kosmetikos praturtinimas &ndash; 1-2 la\u0161ai 10 ml pagrindo<br \/>\n* aromatiniai medalionai &ndash; 1-2 la\u0161ai<\/p>\n<p>Eterini\u0173 aliej\u0173 naudojimo taisykl\u0117s<br \/>\n1. Nenaudoti vaikams iki 6 met\u0173<br \/>\n2. Tik i\u0161oriniam naudojimui.<br \/>\n3. Netepkite ant gleivini\u0173 neskiesto eterinio aliejaus<br \/>\n4. Jei eterinio aliejaus pateko \u012f akis, nuplaukite jas \u0161iltu virintu vandeniu<br \/>\n5. Laikyti vaikams nepasiekiamoje vietoje&nbsp;<br \/>\n6. Naudokite tik leistinomis koncentracijomis<br \/>\n7. Po naudojimo buteliuk\u0105 atsargiai u\u017edarykite<br \/>\n8. Eterin\u012f aliej\u0173 reikia laikyti tamsioje, v\u0117sioje vietoje.<\/p>\n<p>Nerekomenduojama vartoti esant padid\u0117jusiam kraujo kre\u0161umui, tromboflebitui, poinfarktin\u0117ms b\u016bkl\u0117ms, pirmaisiais n\u0117\u0161tumo m\u0117nesiais, sergant onkologin\u0117mis ligomis ir mastopatija.<br \/>\nGalimas padid\u0117j\u0119s individualus jautrumas atskiriems komponentams.<br \/>\n&nbsp;<\/p>\n","protected":false},"excerpt":{"rendered":"<p>100% nat\u016bralus, efektyvus Aromatas aitrus kartaus, i\u0161skirtinai sunkus. Naudojimas: probleminei odai; kovoti su pleiskanomis. Veiksmingas mi\u0161iniuose nuo spuog\u0173 ir mi\u0161iniuose bendram odos valymui, su \u012fbr\u0117\u017eimais. Naudojamas esant stresui, stipraus susijaudinimo priepuoliams. Naudojimas: aromaterapijai ir kosmetikos praturtinimui. Daugiau informacijos rasite instrukcijose. Atsargumo priemon\u0117s: i\u0161oriniam naudojimui. Patekus \u012f akis, praplauti dideliu kiekiu vandens ir kreiptis \u012f gydytoj\u0105. [&#8230;]\n","protected":false},"featured_media":57229,"template":"","meta":[],"product_cat":[1621],"product_tag":[],"class_list":{"0":"post-57227","1":"product","2":"type-product","3":"status-publish","4":"has-post-thumbnail","6":"product_brand-elfa_ua-lt","7":"product_cat-aliejai","9":"first","10":"outofstock","11":"taxable","12":"shipping-taxable","13":"product-type-simple"},"_links":{"self":[{"href":"https:\/\/e.kosmolat.eu\/lt\/wp-json\/wp\/v2\/product\/57227","targetHints":{"allow":["GET"]}}],"collection":[{"href":"https:\/\/e.kosmolat.eu\/lt\/wp-json\/wp\/v2\/product"}],"about":[{"href":"https:\/\/e.kosmolat.eu\/lt\/wp-json\/wp\/v2\/types\/product"}],"wp:featuredmedia":[{"embeddable":true,"href":"https:\/\/e.kosmolat.eu\/lt\/wp-json\/wp\/v2\/media\/57229"}],"wp:attachment":[{"href":"https:\/\/e.kosmolat.eu\/lt\/wp-json\/wp\/v2\/media?parent=57227"}],"wp:term":[{"taxonomy":"product_cat","embeddable":true,"href":"https:\/\/e.kosmolat.eu\/lt\/wp-json\/wp\/v2\/product_cat?post=57227"},{"taxonomy":"product_tag","embeddable":true,"href":"https:\/\/e.kosmolat.eu\/lt\/wp-json\/wp\/v2\/product_tag?post=57227"}],"curies":[{"name":"wp","href":"https:\/\/api.w.org\/{rel}","templated":true}]}}