{"id":57203,"date":"2024-10-11T04:07:26","date_gmt":"2024-10-11T04:07:26","guid":{"rendered":"https:\/\/e.kosmolat.eu\/product\/dr-s-retinol-plus-pretgrumbu-koncentrats-30-ml\/"},"modified":"2025-09-19T22:03:42","modified_gmt":"2025-09-19T22:03:42","slug":"i_dr-s-retinol-plus-pretgrumbu-koncentrats-30-ml","status":"publish","type":"product","link":"https:\/\/e.kosmolat.eu\/lt\/produktas\/i_dr-s-retinol-plus-pretgrumbu-koncentrats-30-ml\/","title":{"rendered":"Dr.SANTE RETINOL PLUS Koncentratas prie\u0161 rauk\u0161les, 30ml"},"content":{"rendered":"<p>Odos tipas: vis\u0173 tip\u0173 odai 35+<\/p>\n<p>Momentinis odos glotnumas ir dr\u0117kinimas!&nbsp;<\/p>\n<p>Galingas sen\u0117jim\u0105 stabdantis poveikis.&nbsp;<\/p>\n<p>Veikliosios med\u017eiagos: retinolis, lecitinas, inulinas, augalin\u0117s kilm\u0117s dr\u0117kinamasis kompleksas.<\/p>\n<p>Pagrindinis ingredientas: RETINOL yra saugus vitaminas A su liposomine tiekimo sistema.&nbsp;<\/p>\n<p>Madingiausias tarp anti-age kosmetikos komponent\u0173. Daugel\u012f u\u017eduo\u010di\u0173 atliekanti, gerai i\u0161tirta priemon\u0117.<\/p>\n<p>koncentrato poveikis:&nbsp;<\/p>\n<p>Ilgalaikis dr\u0117kinimas 24h<\/p>\n<p>&#8211; padidinai odos elastingum\u0105&nbsp;<\/p>\n<p>&#8211; pagerina stangrum\u0105<\/p>\n<p>Odos sen\u0117jimo prevencija<\/p>\n<p>&#8211; ultravioletini\u0173 spinduli\u0173 pa\u017eeistos odos i\u0161vaizdos gerinimas<\/p>\n<p>Odos kolageno gamybos stimuliavimas&nbsp;<\/p>\n<p>Sveikas mikrobiomas&nbsp;<\/p>\n<p>&#8211; sveikos odos mikrofloros palaikymas&nbsp;<\/p>\n<p>Naudojimas:<\/p>\n<p>Tepkite ant anks\u010diau nuvalytos veido ir kaklo odos i\u0161ilgai masa\u017eo linij\u0173. Galima naudoti prie\u0161 tepant dieninius ar naktinius kremus. Norint pasiekti greitesn\u012f ir efektyvesn\u012f veiksm\u0105, rekomenduojama naudoti vis\u0105 produkt\u0173 linij\u0105.<\/p>\n<p>Atsargumo priemon\u0117s:<\/p>\n<p>galimas padid\u0117j\u0119s individualus jautrumas atskiriems komponentams.<\/p>\n","protected":false},"excerpt":{"rendered":"<p>Odos tipas: vis\u0173 tip\u0173 odai 35+ Momentinis odos glotnumas ir dr\u0117kinimas!&nbsp; Galingas sen\u0117jim\u0105 stabdantis poveikis.&nbsp; Veikliosios med\u017eiagos: retinolis, lecitinas, inulinas, augalin\u0117s kilm\u0117s dr\u0117kinamasis kompleksas. Pagrindinis ingredientas: RETINOL yra saugus vitaminas A su liposomine tiekimo sistema.&nbsp; Madingiausias tarp anti-age kosmetikos komponent\u0173. Daugel\u012f u\u017eduo\u010di\u0173 atliekanti, gerai i\u0161tirta priemon\u0117. koncentrato poveikis:&nbsp; Ilgalaikis dr\u0117kinimas 24h &#8211; padidinai odos elastingum\u0105&nbsp; [&#8230;]\n","protected":false},"featured_media":85722,"template":"","meta":[],"product_cat":[1327],"product_tag":[],"class_list":{"0":"post-57203","1":"product","2":"type-product","3":"status-publish","4":"has-post-thumbnail","6":"product_brand-elfa_ua-lt","7":"product_cat-serumai","9":"first","10":"outofstock","11":"taxable","12":"shipping-taxable","13":"product-type-simple"},"_links":{"self":[{"href":"https:\/\/e.kosmolat.eu\/lt\/wp-json\/wp\/v2\/product\/57203","targetHints":{"allow":["GET"]}}],"collection":[{"href":"https:\/\/e.kosmolat.eu\/lt\/wp-json\/wp\/v2\/product"}],"about":[{"href":"https:\/\/e.kosmolat.eu\/lt\/wp-json\/wp\/v2\/types\/product"}],"wp:featuredmedia":[{"embeddable":true,"href":"https:\/\/e.kosmolat.eu\/lt\/wp-json\/wp\/v2\/media\/85722"}],"wp:attachment":[{"href":"https:\/\/e.kosmolat.eu\/lt\/wp-json\/wp\/v2\/media?parent=57203"}],"wp:term":[{"taxonomy":"product_cat","embeddable":true,"href":"https:\/\/e.kosmolat.eu\/lt\/wp-json\/wp\/v2\/product_cat?post=57203"},{"taxonomy":"product_tag","embeddable":true,"href":"https:\/\/e.kosmolat.eu\/lt\/wp-json\/wp\/v2\/product_tag?post=57203"}],"curies":[{"name":"wp","href":"https:\/\/api.w.org\/{rel}","templated":true}]}}